{"id":5799,"date":"2026-01-14T16:21:00","date_gmt":"2026-01-14T15:21:00","guid":{"rendered":"https:\/\/agora.xtec.cat\/escolasantaagnes\/?page_id=5799"},"modified":"2026-01-14T16:21:00","modified_gmt":"2026-01-14T15:21:00","slug":"proces-dacollida","status":"publish","type":"page","link":"https:\/\/agora.xtec.cat\/escolasantaagnes\/proces-dacollida\/","title":{"rendered":"PROC\u00c9S D&#8217;ACOLLIDA"},"content":{"rendered":"<p><span style=\"font-weight: 400;\">Especialment a <\/span><b>I3<\/b><span style=\"font-weight: 400;\">, es posa una atenci\u00f3 acurada en la creaci\u00f3 del vincle i en el benestar emocional, tot afavorint una incorporaci\u00f3 a l\u2019escola serena per\u00f2 tamb\u00e9 <\/span><b>orientada a la construcci\u00f3 d\u2019h\u00e0bits i rutines<\/b><span style=\"font-weight: 400;\">. Abans de l\u2019inici de curs, es realitza una <\/span><b>reuni\u00f3 individual amb la tutora<\/b><span style=\"font-weight: 400;\">, que permet a l\u2019infant venir a l\u2019escola, con\u00e8ixer l\u2019espai i la mestra, portar les seves pertinences i col\u00b7locar-les a l\u2019aula. Aquest primer contacte facilita una entrada progressiva i funcional a la din\u00e0mica escolar.<\/span><\/p>\n<p><span style=\"font-weight: 400;\">Paral\u00b7lelament, es convoca una <\/span><b>reuni\u00f3 de grup amb les fam\u00edlies<\/b><span style=\"font-weight: 400;\">, on s\u2019explica el funcionament general del curs i els criteris educatius del centre. Durant els <\/span><b>primers dies<\/b><span style=\"font-weight: 400;\">, l\u2019horari s\u2019organitza de manera gradual, i al llarg de les primeres setmanes es permet l\u2019<\/span><b>entrada de les fam\u00edlies a l\u2019aula durant una petita estona<\/b><span style=\"font-weight: 400;\">, amb l\u2019objectiu de facilitar la separaci\u00f3 i afavorir una adaptaci\u00f3 positiva a l\u2019entorn escolar.<\/span><\/p>\n","protected":false},"excerpt":{"rendered":"<p>Especialment a I3, es posa una atenci\u00f3 acurada en la creaci\u00f3 del vincle i en el benestar emocional, tot afavorint una incorporaci\u00f3 a l\u2019escola serena per\u00f2 tamb\u00e9 orientada a la construcci\u00f3 d\u2019h\u00e0bits i rutines. Abans de l\u2019inici de curs, es realitza una reuni\u00f3 individual amb&hellip;  <a href=\"https:\/\/agora.xtec.cat\/escolasantaagnes\/proces-dacollida\/\" title=\"Read PROC\u00c9S D&#8217;ACOLLIDA\">Llegeix m\u00e9s\u00bb<\/a><\/p>\n","protected":false},"author":1,"featured_media":0,"parent":0,"menu_order":0,"comment_status":"closed","ping_status":"closed","template":"","meta":{"_bbp_topic_count":0,"_bbp_reply_count":0,"_bbp_total_topic_count":0,"_bbp_total_reply_count":0,"_bbp_voice_count":0,"_bbp_anonymous_reply_count":0,"_bbp_topic_count_hidden":0,"_bbp_reply_count_hidden":0,"_bbp_forum_subforum_count":0,"footnotes":""},"class_list":["post-5799","page","type-page","status-publish","hentry"],"post_mailing_queue_ids":[],"_links":{"self":[{"href":"https:\/\/agora.xtec.cat\/escolasantaagnes\/wp-json\/wp\/v2\/pages\/5799","targetHints":{"allow":["GET"]}}],"collection":[{"href":"https:\/\/agora.xtec.cat\/escolasantaagnes\/wp-json\/wp\/v2\/pages"}],"about":[{"href":"https:\/\/agora.xtec.cat\/escolasantaagnes\/wp-json\/wp\/v2\/types\/page"}],"author":[{"embeddable":true,"href":"https:\/\/agora.xtec.cat\/escolasantaagnes\/wp-json\/wp\/v2\/users\/1"}],"replies":[{"embeddable":true,"href":"https:\/\/agora.xtec.cat\/escolasantaagnes\/wp-json\/wp\/v2\/comments?post=5799"}],"version-history":[{"count":1,"href":"https:\/\/agora.xtec.cat\/escolasantaagnes\/wp-json\/wp\/v2\/pages\/5799\/revisions"}],"predecessor-version":[{"id":5800,"href":"https:\/\/agora.xtec.cat\/escolasantaagnes\/wp-json\/wp\/v2\/pages\/5799\/revisions\/5800"}],"wp:attachment":[{"href":"https:\/\/agora.xtec.cat\/escolasantaagnes\/wp-json\/wp\/v2\/media?parent=5799"}],"curies":[{"name":"wp","href":"https:\/\/api.w.org\/{rel}","templated":true}]}}