{"id":5797,"date":"2026-01-14T16:20:47","date_gmt":"2026-01-14T15:20:47","guid":{"rendered":"https:\/\/agora.xtec.cat\/escolasantaagnes\/?page_id=5797"},"modified":"2026-01-14T16:20:47","modified_gmt":"2026-01-14T15:20:47","slug":"acompanyament-a-les-families","status":"publish","type":"page","link":"https:\/\/agora.xtec.cat\/escolasantaagnes\/acompanyament-a-les-families\/","title":{"rendered":"ACOMPANYAMENT A LES FAM\u00cdLIES"},"content":{"rendered":"<p><span style=\"font-weight: 400;\">A l\u2019Escola Santa Agn\u00e8s entenem que l\u2019inici de l\u2019Educaci\u00f3 Infantil \u00e9s un moment clau tant per als infants com per a les seves fam\u00edlies. Per aquest motiu, l\u2019acompanyament es planteja com un proc\u00e9s <\/span><b>estructurat, progressiu i coherent<\/b><span style=\"font-weight: 400;\">, que ajuda els infants a adquirir seguretat, confian\u00e7a i autonomia dins un marc clar i estable.<\/span><\/p>\n","protected":false},"excerpt":{"rendered":"<p>A l\u2019Escola Santa Agn\u00e8s entenem que l\u2019inici de l\u2019Educaci\u00f3 Infantil \u00e9s un moment clau tant per als infants com per a les seves fam\u00edlies. Per aquest motiu, l\u2019acompanyament es planteja com un proc\u00e9s estructurat, progressiu i coherent, que ajuda els infants a adquirir seguretat, confian\u00e7a&hellip;  <a href=\"https:\/\/agora.xtec.cat\/escolasantaagnes\/acompanyament-a-les-families\/\" title=\"Read ACOMPANYAMENT A LES FAM\u00cdLIES\">Llegeix m\u00e9s\u00bb<\/a><\/p>\n","protected":false},"author":1,"featured_media":0,"parent":0,"menu_order":0,"comment_status":"closed","ping_status":"closed","template":"","meta":{"_bbp_topic_count":0,"_bbp_reply_count":0,"_bbp_total_topic_count":0,"_bbp_total_reply_count":0,"_bbp_voice_count":0,"_bbp_anonymous_reply_count":0,"_bbp_topic_count_hidden":0,"_bbp_reply_count_hidden":0,"_bbp_forum_subforum_count":0,"footnotes":""},"class_list":["post-5797","page","type-page","status-publish","hentry"],"post_mailing_queue_ids":[],"_links":{"self":[{"href":"https:\/\/agora.xtec.cat\/escolasantaagnes\/wp-json\/wp\/v2\/pages\/5797","targetHints":{"allow":["GET"]}}],"collection":[{"href":"https:\/\/agora.xtec.cat\/escolasantaagnes\/wp-json\/wp\/v2\/pages"}],"about":[{"href":"https:\/\/agora.xtec.cat\/escolasantaagnes\/wp-json\/wp\/v2\/types\/page"}],"author":[{"embeddable":true,"href":"https:\/\/agora.xtec.cat\/escolasantaagnes\/wp-json\/wp\/v2\/users\/1"}],"replies":[{"embeddable":true,"href":"https:\/\/agora.xtec.cat\/escolasantaagnes\/wp-json\/wp\/v2\/comments?post=5797"}],"version-history":[{"count":1,"href":"https:\/\/agora.xtec.cat\/escolasantaagnes\/wp-json\/wp\/v2\/pages\/5797\/revisions"}],"predecessor-version":[{"id":5798,"href":"https:\/\/agora.xtec.cat\/escolasantaagnes\/wp-json\/wp\/v2\/pages\/5797\/revisions\/5798"}],"wp:attachment":[{"href":"https:\/\/agora.xtec.cat\/escolasantaagnes\/wp-json\/wp\/v2\/media?parent=5797"}],"curies":[{"name":"wp","href":"https:\/\/api.w.org\/{rel}","templated":true}]}}