{"id":5795,"date":"2026-01-14T16:20:31","date_gmt":"2026-01-14T15:20:31","guid":{"rendered":"https:\/\/agora.xtec.cat\/escolasantaagnes\/?page_id=5795"},"modified":"2026-01-14T16:20:31","modified_gmt":"2026-01-14T15:20:31","slug":"funcions-executives","status":"publish","type":"page","link":"https:\/\/agora.xtec.cat\/escolasantaagnes\/funcions-executives\/","title":{"rendered":"FUNCIONS EXECUTIVES"},"content":{"rendered":"<p><span style=\"font-weight: 400;\">El <\/span><b>treball de les funcions executives<\/b><span style=\"font-weight: 400;\"> forma part del comprom\u00eds de l\u2019Escola Santa Agn\u00e8s amb el desenvolupament integral dels infants. Les funcions executives s\u00f3n les habilitats mentals que permeten regular la conducta, el pensament i les emocions, i s\u00f3n essencials per a l\u2019aprenentatge, la conviv\u00e8ncia i l\u2019autonomia personal.<\/span><\/p>\n<p><span style=\"font-weight: 400;\">A l\u2019Educaci\u00f3 Infantil, aquestes habilitats es <\/span><b>comencen a desenvolupar de manera progressiva i respectuosa<\/b><span style=\"font-weight: 400;\">, d\u2019acord amb el moment evolutiu dels infants. El centre posa especial atenci\u00f3 a capacitats com el <\/span><b>control inhibitori<\/b><span style=\"font-weight: 400;\">, la <\/span><b>mem\u00f2ria de treball<\/b><span style=\"font-weight: 400;\">, la <\/span><b>flexibilitat cognitiva<\/b><span style=\"font-weight: 400;\">, la <\/span><b>planificaci\u00f3<\/b><span style=\"font-weight: 400;\"> i l\u2019<\/span><b>atenci\u00f3<\/b><span style=\"font-weight: 400;\">, que esdevenen fonamentals per afrontar amb \u00e8xit les diferents situacions d\u2019aprenentatge.<\/span><\/p>\n<p><span style=\"font-weight: 400;\">L\u2019entrenament d\u2019aquestes habilitats s\u2019inicia <\/span><b>a partir del tercer trimestre d\u2019I3<\/b><span style=\"font-weight: 400;\">, moment en qu\u00e8 els infants ja disposen de les capacitats necess\u00e0ries per participar en activitats estructurades sense sobrec\u00e0rrega. Aquest treball es realitza a trav\u00e9s de propostes adaptades a l\u2019edat, integrades en la din\u00e0mica de l\u2019aula, com ara jocs, rutines, activitats de grup i situacions que requereixen esperar el torn, seguir instruccions, adaptar-se a noves normes o organitzar una tasca.<\/span><\/p>\n<p><span style=\"font-weight: 400;\">El desenvolupament de les funcions executives es concep com un <\/span><b>proc\u00e9s gradual<\/b><span style=\"font-weight: 400;\"> que contribueix a millorar la regulaci\u00f3 emocional, la capacitat de concentraci\u00f3, la resoluci\u00f3 de problemes i la conviv\u00e8ncia. Aquest treball estableix una base s\u00f2lida per als aprenentatges futurs i acompanya els infants en el seu creixement personal i acad\u00e8mic.<\/span><\/p>\n","protected":false},"excerpt":{"rendered":"<p>El treball de les funcions executives forma part del comprom\u00eds de l\u2019Escola Santa Agn\u00e8s amb el desenvolupament integral dels infants. Les funcions executives s\u00f3n les habilitats mentals que permeten regular la conducta, el pensament i les emocions, i s\u00f3n essencials per a l\u2019aprenentatge, la conviv\u00e8ncia&hellip;  <a href=\"https:\/\/agora.xtec.cat\/escolasantaagnes\/funcions-executives\/\" title=\"Read FUNCIONS EXECUTIVES\">Llegeix m\u00e9s\u00bb<\/a><\/p>\n","protected":false},"author":1,"featured_media":0,"parent":0,"menu_order":0,"comment_status":"closed","ping_status":"closed","template":"","meta":{"_bbp_topic_count":0,"_bbp_reply_count":0,"_bbp_total_topic_count":0,"_bbp_total_reply_count":0,"_bbp_voice_count":0,"_bbp_anonymous_reply_count":0,"_bbp_topic_count_hidden":0,"_bbp_reply_count_hidden":0,"_bbp_forum_subforum_count":0,"footnotes":""},"class_list":["post-5795","page","type-page","status-publish","hentry"],"post_mailing_queue_ids":[],"_links":{"self":[{"href":"https:\/\/agora.xtec.cat\/escolasantaagnes\/wp-json\/wp\/v2\/pages\/5795","targetHints":{"allow":["GET"]}}],"collection":[{"href":"https:\/\/agora.xtec.cat\/escolasantaagnes\/wp-json\/wp\/v2\/pages"}],"about":[{"href":"https:\/\/agora.xtec.cat\/escolasantaagnes\/wp-json\/wp\/v2\/types\/page"}],"author":[{"embeddable":true,"href":"https:\/\/agora.xtec.cat\/escolasantaagnes\/wp-json\/wp\/v2\/users\/1"}],"replies":[{"embeddable":true,"href":"https:\/\/agora.xtec.cat\/escolasantaagnes\/wp-json\/wp\/v2\/comments?post=5795"}],"version-history":[{"count":1,"href":"https:\/\/agora.xtec.cat\/escolasantaagnes\/wp-json\/wp\/v2\/pages\/5795\/revisions"}],"predecessor-version":[{"id":5796,"href":"https:\/\/agora.xtec.cat\/escolasantaagnes\/wp-json\/wp\/v2\/pages\/5795\/revisions\/5796"}],"wp:attachment":[{"href":"https:\/\/agora.xtec.cat\/escolasantaagnes\/wp-json\/wp\/v2\/media?parent=5795"}],"curies":[{"name":"wp","href":"https:\/\/api.w.org\/{rel}","templated":true}]}}