{"id":5791,"date":"2026-01-14T16:19:58","date_gmt":"2026-01-14T15:19:58","guid":{"rendered":"https:\/\/agora.xtec.cat\/escolasantaagnes\/?page_id=5791"},"modified":"2026-01-14T16:19:58","modified_gmt":"2026-01-14T15:19:58","slug":"educacio-artistica-a-leducacio-infantil","status":"publish","type":"page","link":"https:\/\/agora.xtec.cat\/escolasantaagnes\/educacio-artistica-a-leducacio-infantil\/","title":{"rendered":"EDUCACI\u00d3 ART\u00cdSTICA A L&#8217;EDUCACI\u00d3 INFANTIL"},"content":{"rendered":"<p><span style=\"font-weight: 400;\">L\u2019<\/span><b>educaci\u00f3 art\u00edstica<\/b><span style=\"font-weight: 400;\"> a l\u2019Educaci\u00f3 Infantil \u00e9s un espai d\u2019expressi\u00f3, creativitat i descoberta que permet als infants comunicar-se a trav\u00e9s de diferents llenguatges: pl\u00e0stic, corporal i musical.<\/span><\/p>\n<p><span style=\"font-weight: 400;\">A l\u2019Escola Santa Agn\u00e8s, aquest \u00e0mbit es treballa a partir de <\/span><b>propostes pr\u00e0ctiques i vivencials<\/b><span style=\"font-weight: 400;\">, on els infants experimenten amb materials, t\u00e8cniques i formes d\u2019expressi\u00f3 diverses. El proc\u00e9s creatiu t\u00e9 un valor central, per sobre del resultat final, afavorint la llibertat d\u2019expressi\u00f3, la imaginaci\u00f3 i el gaudi de crear.<\/span><\/p>\n<p><span style=\"font-weight: 400;\">En l\u2019\u00e0mbit <\/span><b>pl\u00e0stic<\/b><span style=\"font-weight: 400;\">, els infants exploren colors, textures, formes i materials variats, desenvolupant la motricitat fina i la capacitat d\u2019expressar emocions i idees a trav\u00e9s de la creaci\u00f3 art\u00edstica. Les propostes s\u2019adapten al moment evolutiu de cada infant i respecten el seu ritme i la seva manera d\u2019expressar-se.<\/span><\/p>\n<p><span style=\"font-weight: 400;\">En l\u2019\u00e0mbit <\/span><b>musical<\/b><span style=\"font-weight: 400;\">, els infants entren en contacte amb la m\u00fasica a trav\u00e9s de can\u00e7ons, audicions, jocs r\u00edtmics i moviment corporal. Aquest treball afavoreix l\u2019escolta, la coordinaci\u00f3, la mem\u00f2ria auditiva i el plaer per la m\u00fasica, integrant-la de manera natural en la vida d\u2019aula.<\/span><\/p>\n<p><span style=\"font-weight: 400;\">L\u2019educaci\u00f3 art\u00edstica contribueix al desenvolupament emocional, cognitiu i social dels infants, i esdev\u00e9 una eina fonamental per fomentar la sensibilitat, la creativitat i la confian\u00e7a en les pr\u00f2pies capacitats.<\/span><\/p>\n","protected":false},"excerpt":{"rendered":"<p>L\u2019educaci\u00f3 art\u00edstica a l\u2019Educaci\u00f3 Infantil \u00e9s un espai d\u2019expressi\u00f3, creativitat i descoberta que permet als infants comunicar-se a trav\u00e9s de diferents llenguatges: pl\u00e0stic, corporal i musical.<br \/>\nA l\u2019Escola Santa Agn\u00e8s, aquest \u00e0mbit es treballa a partir de propostes pr\u00e0ctiques i vivencials, on els infants experimenten amb&hellip;  <a href=\"https:\/\/agora.xtec.cat\/escolasantaagnes\/educacio-artistica-a-leducacio-infantil\/\" title=\"Read EDUCACI\u00d3 ART\u00cdSTICA A L&#8217;EDUCACI\u00d3 INFANTIL\">Llegeix m\u00e9s\u00bb<\/a><\/p>\n","protected":false},"author":1,"featured_media":0,"parent":0,"menu_order":0,"comment_status":"closed","ping_status":"closed","template":"","meta":{"_bbp_topic_count":0,"_bbp_reply_count":0,"_bbp_total_topic_count":0,"_bbp_total_reply_count":0,"_bbp_voice_count":0,"_bbp_anonymous_reply_count":0,"_bbp_topic_count_hidden":0,"_bbp_reply_count_hidden":0,"_bbp_forum_subforum_count":0,"footnotes":""},"class_list":["post-5791","page","type-page","status-publish","hentry"],"post_mailing_queue_ids":[],"_links":{"self":[{"href":"https:\/\/agora.xtec.cat\/escolasantaagnes\/wp-json\/wp\/v2\/pages\/5791","targetHints":{"allow":["GET"]}}],"collection":[{"href":"https:\/\/agora.xtec.cat\/escolasantaagnes\/wp-json\/wp\/v2\/pages"}],"about":[{"href":"https:\/\/agora.xtec.cat\/escolasantaagnes\/wp-json\/wp\/v2\/types\/page"}],"author":[{"embeddable":true,"href":"https:\/\/agora.xtec.cat\/escolasantaagnes\/wp-json\/wp\/v2\/users\/1"}],"replies":[{"embeddable":true,"href":"https:\/\/agora.xtec.cat\/escolasantaagnes\/wp-json\/wp\/v2\/comments?post=5791"}],"version-history":[{"count":1,"href":"https:\/\/agora.xtec.cat\/escolasantaagnes\/wp-json\/wp\/v2\/pages\/5791\/revisions"}],"predecessor-version":[{"id":5792,"href":"https:\/\/agora.xtec.cat\/escolasantaagnes\/wp-json\/wp\/v2\/pages\/5791\/revisions\/5792"}],"wp:attachment":[{"href":"https:\/\/agora.xtec.cat\/escolasantaagnes\/wp-json\/wp\/v2\/media?parent=5791"}],"curies":[{"name":"wp","href":"https:\/\/api.w.org\/{rel}","templated":true}]}}