{"id":5785,"date":"2026-01-14T16:19:00","date_gmt":"2026-01-14T15:19:00","guid":{"rendered":"https:\/\/agora.xtec.cat\/escolasantaagnes\/?page_id=5785"},"modified":"2026-01-14T16:19:00","modified_gmt":"2026-01-14T15:19:00","slug":"descoberta-de-lentorn","status":"publish","type":"page","link":"https:\/\/agora.xtec.cat\/escolasantaagnes\/descoberta-de-lentorn\/","title":{"rendered":"DESCOBERTA DE L&#8217;ENTORN"},"content":{"rendered":"<p><span style=\"font-weight: 400;\">L\u2019\u00e0mbit de <\/span><b>descoberta de l\u2019entorn<\/b><span style=\"font-weight: 400;\"> permet als infants con\u00e8ixer i comprendre el m\u00f3n que els envolta a partir de l\u2019observaci\u00f3, la conversa, l\u2019experimentaci\u00f3 i la curiositat pr\u00f2pia de l\u2019etapa d\u2019Educaci\u00f3 Infantil. Aquest \u00e0mbit afavoreix una primera aproximaci\u00f3 al coneixement del medi natural, social i cultural d\u2019una manera propera, significativa i adaptada al seu moment evolutiu.<\/span><\/p>\n<p><span style=\"font-weight: 400;\">A l\u2019Escola Santa Agn\u00e8s, la descoberta de l\u2019entorn s\u2019organitza principalment a trav\u00e9s de <\/span><b>projectes<\/b><span style=\"font-weight: 400;\"> i <\/span><b>tallers<\/b><span style=\"font-weight: 400;\">, que responen a intencionalitats pedag\u00f2giques diferents per\u00f2 complement\u00e0ries.<\/span><\/p>\n<h3><b>Projectes<\/b><\/h3>\n<p><span style=\"font-weight: 400;\">Els <\/span><b>projectes<\/b><span style=\"font-weight: 400;\"> de descoberta de l\u2019entorn parteixen de <\/span><b>tem\u00e0tiques definides pel centre<\/b><span style=\"font-weight: 400;\">, seleccionades de manera intencionada per garantir una progressi\u00f3 coherent dels aprenentatges al llarg de l\u2019etapa i per assegurar que els continguts treballats siguin adequats, propers i significatius per als infants.<\/span><\/p>\n<p><span style=\"font-weight: 400;\">Es tracta de <\/span><b>treballs guiats<\/b><span style=\"font-weight: 400;\">, en qu\u00e8 el paper del docent \u00e9s clau per orientar el proc\u00e9s, plantejar preguntes, generar converses i acompanyar la recerca. A partir de la conversa inicial i dels coneixements previs, els infants s\u00f3n convidats a <\/span><b>fer-se preguntes, observar, explorar, investigar i compartir<\/b><span style=\"font-weight: 400;\"> all\u00f2 que van descobrint, sempre amb l\u2019acompanyament de l\u2019adult.<\/span><\/p>\n<h3><b>Tallers d\u2019experimentaci\u00f3<\/b><\/h3>\n<p><span style=\"font-weight: 400;\">Els <\/span><b>tallers d\u2019experimentaci\u00f3<\/b><span style=\"font-weight: 400;\"> tenen una orientaci\u00f3 m\u00e9s <\/span><b>vivencial i experimental<\/b><span style=\"font-weight: 400;\">, i s\u2019apropen de manera progressiva al <\/span><b>m\u00e8tode cient\u00edfic<\/b><span style=\"font-weight: 400;\">. A trav\u00e9s dels tallers, els infants manipulen materials, observen canvis, formulen hip\u00f2tesis senzilles, experimenten i comparteixen conclusions.<\/span><\/p>\n<p><span style=\"font-weight: 400;\">Aquestes propostes permeten desenvolupar habilitats com l\u2019observaci\u00f3, la curiositat, el raonament, la formulaci\u00f3 de preguntes i la verbalitzaci\u00f3 del que s\u2019ha experimentat. Els tallers fomenten una actitud activa davant l\u2019aprenentatge i contribueixen a la construcci\u00f3 d\u2019un pensament cient\u00edfic inicial, sempre des d\u2019una mirada adaptada a l\u2019edat.<\/span><\/p>\n<p><span style=\"font-weight: 400;\">Projectes i tallers es complementen i conviuen dins l\u2019\u00e0mbit de descoberta de l\u2019entorn, oferint als infants <\/span><b>diferents maneres d\u2019apropar-se al coneixement<\/b><span style=\"font-weight: 400;\">, tant des de la conversa i la recerca guiada com des de l\u2019experimentaci\u00f3 directa i l\u2019acci\u00f3.<\/span><\/p>\n","protected":false},"excerpt":{"rendered":"<p>L\u2019\u00e0mbit de descoberta de l\u2019entorn permet als infants con\u00e8ixer i comprendre el m\u00f3n que els envolta a partir de l\u2019observaci\u00f3, la conversa, l\u2019experimentaci\u00f3 i la curiositat pr\u00f2pia de l\u2019etapa d\u2019Educaci\u00f3 Infantil. Aquest \u00e0mbit afavoreix una primera aproximaci\u00f3 al coneixement del medi natural, social i cultural&hellip;  <a href=\"https:\/\/agora.xtec.cat\/escolasantaagnes\/descoberta-de-lentorn\/\" title=\"Read DESCOBERTA DE L&#8217;ENTORN\">Llegeix m\u00e9s\u00bb<\/a><\/p>\n","protected":false},"author":1,"featured_media":0,"parent":0,"menu_order":0,"comment_status":"closed","ping_status":"closed","template":"","meta":{"_bbp_topic_count":0,"_bbp_reply_count":0,"_bbp_total_topic_count":0,"_bbp_total_reply_count":0,"_bbp_voice_count":0,"_bbp_anonymous_reply_count":0,"_bbp_topic_count_hidden":0,"_bbp_reply_count_hidden":0,"_bbp_forum_subforum_count":0,"footnotes":""},"class_list":["post-5785","page","type-page","status-publish","hentry"],"post_mailing_queue_ids":[],"_links":{"self":[{"href":"https:\/\/agora.xtec.cat\/escolasantaagnes\/wp-json\/wp\/v2\/pages\/5785","targetHints":{"allow":["GET"]}}],"collection":[{"href":"https:\/\/agora.xtec.cat\/escolasantaagnes\/wp-json\/wp\/v2\/pages"}],"about":[{"href":"https:\/\/agora.xtec.cat\/escolasantaagnes\/wp-json\/wp\/v2\/types\/page"}],"author":[{"embeddable":true,"href":"https:\/\/agora.xtec.cat\/escolasantaagnes\/wp-json\/wp\/v2\/users\/1"}],"replies":[{"embeddable":true,"href":"https:\/\/agora.xtec.cat\/escolasantaagnes\/wp-json\/wp\/v2\/comments?post=5785"}],"version-history":[{"count":1,"href":"https:\/\/agora.xtec.cat\/escolasantaagnes\/wp-json\/wp\/v2\/pages\/5785\/revisions"}],"predecessor-version":[{"id":5786,"href":"https:\/\/agora.xtec.cat\/escolasantaagnes\/wp-json\/wp\/v2\/pages\/5785\/revisions\/5786"}],"wp:attachment":[{"href":"https:\/\/agora.xtec.cat\/escolasantaagnes\/wp-json\/wp\/v2\/media?parent=5785"}],"curies":[{"name":"wp","href":"https:\/\/api.w.org\/{rel}","templated":true}]}}