{"id":5783,"date":"2026-01-14T16:18:41","date_gmt":"2026-01-14T15:18:41","guid":{"rendered":"https:\/\/agora.xtec.cat\/escolasantaagnes\/?page_id=5783"},"modified":"2026-01-14T16:18:41","modified_gmt":"2026-01-14T15:18:41","slug":"psicomotricitat-2","status":"publish","type":"page","link":"https:\/\/agora.xtec.cat\/escolasantaagnes\/psicomotricitat-2\/","title":{"rendered":"PSICOMOTRICITAT"},"content":{"rendered":"<p><span style=\"font-weight: 400;\">La <\/span><b>psicomotricitat<\/b><span style=\"font-weight: 400;\"> \u00e9s una activitat fonamentada en el desenvolupament del <\/span><b>sistema nervi\u00f3s central<\/b><span style=\"font-weight: 400;\">, que contribueix a la presa de consci\u00e8ncia del propi cos i dels moviments que l\u2019infant realitza. A trav\u00e9s de la psicomotricitat, els infants aprenen a <\/span><b>con\u00e8ixer i controlar l\u2019esquema corporal<\/b><span style=\"font-weight: 400;\">, a percebre l\u2019espai, el temps i la velocitat del moviment, i a desenvolupar progressivament el <\/span><b>control del propi cos<\/b><span style=\"font-weight: 400;\">.<\/span><\/p>\n<p><span style=\"font-weight: 400;\">Les sessions permeten <\/span><b>estimular les habilitats motrius gruixudes<\/b><span style=\"font-weight: 400;\">, com saltar, c\u00f3rrer, rodar o llan\u00e7ar, afavorint l\u2019equilibri, la coordinaci\u00f3 i la integraci\u00f3 dels <\/span><b>reflexos primitius<\/b><span style=\"font-weight: 400;\">, aspectes clau per a un desenvolupament motriu harm\u00f2nic. Alhora, el treball psicomotriu contribueix a <\/span><b>potenciar la connexi\u00f3 hemisf\u00e8rica<\/b><span style=\"font-weight: 400;\">, facilitant la integraci\u00f3 de les funcions cerebrals implicades en el moviment, l\u2019organitzaci\u00f3 corporal i la regulaci\u00f3 motora.<\/span><\/p>\n<p><span style=\"font-weight: 400;\">La psicomotricitat tamb\u00e9 integra dimensions <\/span><b>cognitives, emocionals, simb\u00f2liques i sensoriomotrius<\/b><span style=\"font-weight: 400;\">, i ofereix un espai segur que afavoreix l\u2019<\/span><b>expressi\u00f3 emocional<\/b><span style=\"font-weight: 400;\">, la <\/span><b>socialitzaci\u00f3<\/b><span style=\"font-weight: 400;\"> i la relaci\u00f3 amb els altres. Mitjan\u00e7ant les propostes corporals, els infants aprenen a expressar-se, a compartir l\u2019espai i a interactuar de manera progressiva amb el grup.<\/span><\/p>\n<p><span style=\"font-weight: 400;\">A trav\u00e9s d\u2019activitats que impliquen accions f\u00edsiques diverses, es contribueix igualment al <\/span><b>desenvolupament de la concentraci\u00f3<\/b><span style=\"font-weight: 400;\">, l\u2019atenci\u00f3 i la <\/span><b>coordinaci\u00f3 motora<\/b><span style=\"font-weight: 400;\">, aspectes que tenen una incid\u00e8ncia directa en altres aprenentatges de l\u2019etapa.<\/span><\/p>\n<p><span style=\"font-weight: 400;\">Les sessions es realitzen en <\/span><b>grups redu\u00efts<\/b><span style=\"font-weight: 400;\">, de m\u00e0xim 10 alumnes, per garantir una atenci\u00f3 m\u00e9s personalitzada. En el cas de grups m\u00e9s nombrosos, es fan desdoblaments per alternar les sessions de psicomotricitat amb altres propostes, com el treball de consci\u00e8ncia fonol\u00f2gica. Per a la realitzaci\u00f3 de les sessions, l\u2019alumnat ha de portar <\/span><b>roba i cal\u00e7at c\u00f2mode<\/b><span style=\"font-weight: 400;\">, aix\u00ed com <\/span><b>mitjons antilliscants<\/b><span style=\"font-weight: 400;\">, que s\u2019utilitzen a la sala de psicomotricitat.<\/span><\/p>\n","protected":false},"excerpt":{"rendered":"<p>La psicomotricitat \u00e9s una activitat fonamentada en el desenvolupament del sistema nervi\u00f3s central, que contribueix a la presa de consci\u00e8ncia del propi cos i dels moviments que l\u2019infant realitza. A trav\u00e9s de la psicomotricitat, els infants aprenen a con\u00e8ixer i controlar l\u2019esquema corporal, a percebre&hellip;  <a href=\"https:\/\/agora.xtec.cat\/escolasantaagnes\/psicomotricitat-2\/\" title=\"Read PSICOMOTRICITAT\">Llegeix m\u00e9s\u00bb<\/a><\/p>\n","protected":false},"author":1,"featured_media":0,"parent":0,"menu_order":0,"comment_status":"closed","ping_status":"closed","template":"","meta":{"_bbp_topic_count":0,"_bbp_reply_count":0,"_bbp_total_topic_count":0,"_bbp_total_reply_count":0,"_bbp_voice_count":0,"_bbp_anonymous_reply_count":0,"_bbp_topic_count_hidden":0,"_bbp_reply_count_hidden":0,"_bbp_forum_subforum_count":0,"footnotes":""},"class_list":["post-5783","page","type-page","status-publish","hentry"],"post_mailing_queue_ids":[],"_links":{"self":[{"href":"https:\/\/agora.xtec.cat\/escolasantaagnes\/wp-json\/wp\/v2\/pages\/5783","targetHints":{"allow":["GET"]}}],"collection":[{"href":"https:\/\/agora.xtec.cat\/escolasantaagnes\/wp-json\/wp\/v2\/pages"}],"about":[{"href":"https:\/\/agora.xtec.cat\/escolasantaagnes\/wp-json\/wp\/v2\/types\/page"}],"author":[{"embeddable":true,"href":"https:\/\/agora.xtec.cat\/escolasantaagnes\/wp-json\/wp\/v2\/users\/1"}],"replies":[{"embeddable":true,"href":"https:\/\/agora.xtec.cat\/escolasantaagnes\/wp-json\/wp\/v2\/comments?post=5783"}],"version-history":[{"count":1,"href":"https:\/\/agora.xtec.cat\/escolasantaagnes\/wp-json\/wp\/v2\/pages\/5783\/revisions"}],"predecessor-version":[{"id":5784,"href":"https:\/\/agora.xtec.cat\/escolasantaagnes\/wp-json\/wp\/v2\/pages\/5783\/revisions\/5784"}],"wp:attachment":[{"href":"https:\/\/agora.xtec.cat\/escolasantaagnes\/wp-json\/wp\/v2\/media?parent=5783"}],"curies":[{"name":"wp","href":"https:\/\/api.w.org\/{rel}","templated":true}]}}