{"id":5781,"date":"2026-01-14T16:18:26","date_gmt":"2026-01-14T15:18:26","guid":{"rendered":"https:\/\/agora.xtec.cat\/escolasantaagnes\/?page_id=5781"},"modified":"2026-01-14T16:18:26","modified_gmt":"2026-01-14T15:18:26","slug":"matematiques-a-leducacio-infantil","status":"publish","type":"page","link":"https:\/\/agora.xtec.cat\/escolasantaagnes\/matematiques-a-leducacio-infantil\/","title":{"rendered":"MATEM\u00c0TIQUES A L&#8217;EDUCACI\u00d3 INFANTIL"},"content":{"rendered":"<p><span style=\"font-weight: 400;\">A l\u2019Educaci\u00f3 Infantil, el treball de les <\/span><b>matem\u00e0tiques<\/b><span style=\"font-weight: 400;\"> t\u00e9 com a objectiu desenvolupar el pensament l\u00f2gic i matem\u00e0tic dels infants a partir de l\u2019experimentaci\u00f3, la manipulaci\u00f3 i la resoluci\u00f3 de situacions quotidianes.<\/span><\/p>\n<p><span style=\"font-weight: 400;\">Les matem\u00e0tiques es treballen a trav\u00e9s de <\/span><b>propostes manipulatives i vivencials<\/b><span style=\"font-weight: 400;\">, que parteixen de l\u2019acci\u00f3 i de l\u2019experi\u00e8ncia directa dels infants. Aquest enfocament permet comprendre els conceptes matem\u00e0tics de manera significativa i respectuosa amb el ritme de cada infant.<\/span><\/p>\n<p><span style=\"font-weight: 400;\">A trav\u00e9s del joc, la manipulaci\u00f3 de materials i la conversa matem\u00e0tica, es treballen continguts com la numeraci\u00f3, la classificaci\u00f3, les relacions, les formes, les quantitats i la resoluci\u00f3 de petites situacions problem\u00e0tiques.<\/span><\/p>\n<p><span style=\"font-weight: 400;\">Aquest treball afavoreix que els infants <\/span><b>raonin, expliquin qu\u00e8 fan i com ho fan<\/b><span style=\"font-weight: 400;\">, posant l\u2019accent en el proc\u00e9s i no nom\u00e9s en el resultat. D\u2019aquesta manera, es construeixen les bases del pensament matem\u00e0tic que es consolidaran a les etapes posteriors.<\/span><\/p>\n","protected":false},"excerpt":{"rendered":"<p>A l\u2019Educaci\u00f3 Infantil, el treball de les matem\u00e0tiques t\u00e9 com a objectiu desenvolupar el pensament l\u00f2gic i matem\u00e0tic dels infants a partir de l\u2019experimentaci\u00f3, la manipulaci\u00f3 i la resoluci\u00f3 de situacions quotidianes.<br \/>\nLes matem\u00e0tiques es treballen a trav\u00e9s de propostes manipulatives i vivencials, que parteixen de&hellip;  <a href=\"https:\/\/agora.xtec.cat\/escolasantaagnes\/matematiques-a-leducacio-infantil\/\" title=\"Read MATEM\u00c0TIQUES A L&#8217;EDUCACI\u00d3 INFANTIL\">Llegeix m\u00e9s\u00bb<\/a><\/p>\n","protected":false},"author":1,"featured_media":0,"parent":0,"menu_order":0,"comment_status":"closed","ping_status":"closed","template":"","meta":{"_bbp_topic_count":0,"_bbp_reply_count":0,"_bbp_total_topic_count":0,"_bbp_total_reply_count":0,"_bbp_voice_count":0,"_bbp_anonymous_reply_count":0,"_bbp_topic_count_hidden":0,"_bbp_reply_count_hidden":0,"_bbp_forum_subforum_count":0,"footnotes":""},"class_list":["post-5781","page","type-page","status-publish","hentry"],"post_mailing_queue_ids":[],"_links":{"self":[{"href":"https:\/\/agora.xtec.cat\/escolasantaagnes\/wp-json\/wp\/v2\/pages\/5781","targetHints":{"allow":["GET"]}}],"collection":[{"href":"https:\/\/agora.xtec.cat\/escolasantaagnes\/wp-json\/wp\/v2\/pages"}],"about":[{"href":"https:\/\/agora.xtec.cat\/escolasantaagnes\/wp-json\/wp\/v2\/types\/page"}],"author":[{"embeddable":true,"href":"https:\/\/agora.xtec.cat\/escolasantaagnes\/wp-json\/wp\/v2\/users\/1"}],"replies":[{"embeddable":true,"href":"https:\/\/agora.xtec.cat\/escolasantaagnes\/wp-json\/wp\/v2\/comments?post=5781"}],"version-history":[{"count":1,"href":"https:\/\/agora.xtec.cat\/escolasantaagnes\/wp-json\/wp\/v2\/pages\/5781\/revisions"}],"predecessor-version":[{"id":5782,"href":"https:\/\/agora.xtec.cat\/escolasantaagnes\/wp-json\/wp\/v2\/pages\/5781\/revisions\/5782"}],"wp:attachment":[{"href":"https:\/\/agora.xtec.cat\/escolasantaagnes\/wp-json\/wp\/v2\/media?parent=5781"}],"curies":[{"name":"wp","href":"https:\/\/api.w.org\/{rel}","templated":true}]}}