{"id":5775,"date":"2026-01-14T16:17:06","date_gmt":"2026-01-14T15:17:06","guid":{"rendered":"https:\/\/agora.xtec.cat\/escolasantaagnes\/?page_id=5775"},"modified":"2026-01-14T16:17:06","modified_gmt":"2026-01-14T15:17:06","slug":"avaluacio-a-leducacio-infantil","status":"publish","type":"page","link":"https:\/\/agora.xtec.cat\/escolasantaagnes\/avaluacio-a-leducacio-infantil\/","title":{"rendered":"AVALUACI\u00d3 A L&#8217;EDUCACI\u00d3 INFANTIL"},"content":{"rendered":"<p><span style=\"font-weight: 400;\">L\u2019avaluaci\u00f3 a Educaci\u00f3 Infantil \u00e9s <\/span><b>cont\u00ednua, global i formativa<\/b><span style=\"font-weight: 400;\">, i es basa principalment en l\u2019observaci\u00f3 sistem\u00e0tica de l\u2019evoluci\u00f3 dels infants en els diferents \u00e0mbits de desenvolupament.<\/span><\/p>\n<p><span style=\"font-weight: 400;\">Al llarg del curs s\u2019entreguen <\/span><b>dos informes d\u2019avaluaci\u00f3<\/b><span style=\"font-weight: 400;\">, un a <\/span><b>finals de gener<\/b><span style=\"font-weight: 400;\"> i un altre a <\/span><b>finals de juny<\/b><span style=\"font-weight: 400;\">, en els quals es recull el progr\u00e9s de cada infant en relaci\u00f3 amb les diferents <\/span><b>capacitats<\/b><span style=\"font-weight: 400;\"> pr\u00f2pies de l\u2019etapa.<\/span><\/p>\n<p><span style=\"font-weight: 400;\">En el cas d\u2019<\/span><b>I3<\/b><span style=\"font-weight: 400;\">, el primer informe t\u00e9 un <\/span><b>car\u00e0cter redactat<\/b><span style=\"font-weight: 400;\"> i se centra especialment en el <\/span><b>proc\u00e9s d\u2019adaptaci\u00f3 de l\u2019infant a l\u2019escola<\/b><span style=\"font-weight: 400;\">, el benestar emocional, l\u2019autonomia i la relaci\u00f3 amb l\u2019entorn i amb els companys i companyes.<\/span><\/p>\n<p><span style=\"font-weight: 400;\">Tots els informes van <\/span><b>acompanyats d\u2019una entrevista amb les fam\u00edlies<\/b><span style=\"font-weight: 400;\">, que permet compartir el seguiment de l\u2019infant, resoldre dubtes i refor\u00e7ar la comunicaci\u00f3 i la col\u00b7laboraci\u00f3 entre escola i fam\u00edlia. Aquesta relaci\u00f3 propera \u00e9s clau per garantir un acompanyament respectu\u00f3s i coherent amb les necessitats de cada infant.<\/span><\/p>\n","protected":false},"excerpt":{"rendered":"<p>L\u2019avaluaci\u00f3 a Educaci\u00f3 Infantil \u00e9s cont\u00ednua, global i formativa, i es basa principalment en l\u2019observaci\u00f3 sistem\u00e0tica de l\u2019evoluci\u00f3 dels infants en els diferents \u00e0mbits de desenvolupament.<br \/>\nAl llarg del curs s\u2019entreguen dos informes d\u2019avaluaci\u00f3, un a finals de gener i un altre a finals de juny,&hellip;  <a href=\"https:\/\/agora.xtec.cat\/escolasantaagnes\/avaluacio-a-leducacio-infantil\/\" title=\"Read AVALUACI\u00d3 A L&#8217;EDUCACI\u00d3 INFANTIL\">Llegeix m\u00e9s\u00bb<\/a><\/p>\n","protected":false},"author":1,"featured_media":0,"parent":0,"menu_order":0,"comment_status":"closed","ping_status":"closed","template":"","meta":{"_bbp_topic_count":0,"_bbp_reply_count":0,"_bbp_total_topic_count":0,"_bbp_total_reply_count":0,"_bbp_voice_count":0,"_bbp_anonymous_reply_count":0,"_bbp_topic_count_hidden":0,"_bbp_reply_count_hidden":0,"_bbp_forum_subforum_count":0,"footnotes":""},"class_list":["post-5775","page","type-page","status-publish","hentry"],"post_mailing_queue_ids":[],"_links":{"self":[{"href":"https:\/\/agora.xtec.cat\/escolasantaagnes\/wp-json\/wp\/v2\/pages\/5775","targetHints":{"allow":["GET"]}}],"collection":[{"href":"https:\/\/agora.xtec.cat\/escolasantaagnes\/wp-json\/wp\/v2\/pages"}],"about":[{"href":"https:\/\/agora.xtec.cat\/escolasantaagnes\/wp-json\/wp\/v2\/types\/page"}],"author":[{"embeddable":true,"href":"https:\/\/agora.xtec.cat\/escolasantaagnes\/wp-json\/wp\/v2\/users\/1"}],"replies":[{"embeddable":true,"href":"https:\/\/agora.xtec.cat\/escolasantaagnes\/wp-json\/wp\/v2\/comments?post=5775"}],"version-history":[{"count":1,"href":"https:\/\/agora.xtec.cat\/escolasantaagnes\/wp-json\/wp\/v2\/pages\/5775\/revisions"}],"predecessor-version":[{"id":5776,"href":"https:\/\/agora.xtec.cat\/escolasantaagnes\/wp-json\/wp\/v2\/pages\/5775\/revisions\/5776"}],"wp:attachment":[{"href":"https:\/\/agora.xtec.cat\/escolasantaagnes\/wp-json\/wp\/v2\/media?parent=5775"}],"curies":[{"name":"wp","href":"https:\/\/api.w.org\/{rel}","templated":true}]}}