{"id":5773,"date":"2026-01-14T16:16:39","date_gmt":"2026-01-14T15:16:39","guid":{"rendered":"https:\/\/agora.xtec.cat\/escolasantaagnes\/?page_id=5773"},"modified":"2026-01-14T16:16:39","modified_gmt":"2026-01-14T15:16:39","slug":"metodologia","status":"publish","type":"page","link":"https:\/\/agora.xtec.cat\/escolasantaagnes\/metodologia\/","title":{"rendered":"METODOLOGIA"},"content":{"rendered":"<p><span style=\"font-weight: 400;\">La metodologia a Educaci\u00f3 Infantil es basa en el <\/span><b>joc, l\u2019experimentaci\u00f3 i la manipulaci\u00f3<\/b><span style=\"font-weight: 400;\"> com a eixos principals de l\u2019aprenentatge. Les propostes educatives parteixen de l\u2019inter\u00e8s dels infants i promouen la participaci\u00f3 activa, la descoberta i la construcci\u00f3 progressiva del coneixement.<\/span><\/p>\n<p><span style=\"font-weight: 400;\">El treball a l\u2019aula s\u2019organitza a trav\u00e9s de <\/span><b>propostes diverses<\/b><span style=\"font-weight: 400;\">, com els racons, els tallers d\u2019experimentaci\u00f3 i el joc simb\u00f2lic, que permeten als infants explorar, prendre decisions, relacionar-se amb els companys i desenvolupar progressivament l\u2019autonomia. Es dona una atenci\u00f3 especial al <\/span><b>llenguatge oral<\/b><span style=\"font-weight: 400;\">, a la interacci\u00f3 entre iguals i al desenvolupament de les <\/span><b>funcions executives<\/b><span style=\"font-weight: 400;\">, com l\u2019atenci\u00f3, la planificaci\u00f3, la mem\u00f2ria, flexibilitat cognitiva i el control inhibitori.<\/span><\/p>\n<p><span style=\"font-weight: 400;\">La metodologia t\u00e9 en compte la diversitat de ritmes i necessitats dels infants, afavorint un aprenentatge significatiu i respectu\u00f3s amb el moment evolutiu de cadascun.<\/span><\/p>\n","protected":false},"excerpt":{"rendered":"<p>La metodologia a Educaci\u00f3 Infantil es basa en el joc, l\u2019experimentaci\u00f3 i la manipulaci\u00f3 com a eixos principals de l\u2019aprenentatge. Les propostes educatives parteixen de l\u2019inter\u00e8s dels infants i promouen la participaci\u00f3 activa, la descoberta i la construcci\u00f3 progressiva del coneixement.<br \/>\nEl treball a l\u2019aula s\u2019organitza&hellip;  <a href=\"https:\/\/agora.xtec.cat\/escolasantaagnes\/metodologia\/\" title=\"Read METODOLOGIA\">Llegeix m\u00e9s\u00bb<\/a><\/p>\n","protected":false},"author":1,"featured_media":0,"parent":0,"menu_order":0,"comment_status":"closed","ping_status":"closed","template":"","meta":{"_bbp_topic_count":0,"_bbp_reply_count":0,"_bbp_total_topic_count":0,"_bbp_total_reply_count":0,"_bbp_voice_count":0,"_bbp_anonymous_reply_count":0,"_bbp_topic_count_hidden":0,"_bbp_reply_count_hidden":0,"_bbp_forum_subforum_count":0,"footnotes":""},"class_list":["post-5773","page","type-page","status-publish","hentry"],"post_mailing_queue_ids":[],"_links":{"self":[{"href":"https:\/\/agora.xtec.cat\/escolasantaagnes\/wp-json\/wp\/v2\/pages\/5773","targetHints":{"allow":["GET"]}}],"collection":[{"href":"https:\/\/agora.xtec.cat\/escolasantaagnes\/wp-json\/wp\/v2\/pages"}],"about":[{"href":"https:\/\/agora.xtec.cat\/escolasantaagnes\/wp-json\/wp\/v2\/types\/page"}],"author":[{"embeddable":true,"href":"https:\/\/agora.xtec.cat\/escolasantaagnes\/wp-json\/wp\/v2\/users\/1"}],"replies":[{"embeddable":true,"href":"https:\/\/agora.xtec.cat\/escolasantaagnes\/wp-json\/wp\/v2\/comments?post=5773"}],"version-history":[{"count":1,"href":"https:\/\/agora.xtec.cat\/escolasantaagnes\/wp-json\/wp\/v2\/pages\/5773\/revisions"}],"predecessor-version":[{"id":5774,"href":"https:\/\/agora.xtec.cat\/escolasantaagnes\/wp-json\/wp\/v2\/pages\/5773\/revisions\/5774"}],"wp:attachment":[{"href":"https:\/\/agora.xtec.cat\/escolasantaagnes\/wp-json\/wp\/v2\/media?parent=5773"}],"curies":[{"name":"wp","href":"https:\/\/api.w.org\/{rel}","templated":true}]}}