{"id":5771,"date":"2026-01-14T16:16:24","date_gmt":"2026-01-14T15:16:24","guid":{"rendered":"https:\/\/agora.xtec.cat\/escolasantaagnes\/?page_id=5771"},"modified":"2026-01-14T16:16:24","modified_gmt":"2026-01-14T15:16:24","slug":"que-es-leducacio-infantil","status":"publish","type":"page","link":"https:\/\/agora.xtec.cat\/escolasantaagnes\/que-es-leducacio-infantil\/","title":{"rendered":"QU\u00c8 \u00c9S L&#8217;EDUCACI\u00d3 INFANTIL"},"content":{"rendered":"<p><span style=\"font-weight: 400;\">L\u2019Educaci\u00f3 Infantil a l\u2019Escola Santa Agn\u00e8s \u00e9s una etapa educativa fonamental que acompanya els infants en els seus primers aprenentatges i en el seu desenvolupament personal, emocional, social i cognitiu. \u00c9s un per\u00edode en qu\u00e8 es posen les bases del creixement integral dels infants, respectant els seus ritmes maduratius i potenciant la seva curiositat natural per descobrir el m\u00f3n que els envolta.<\/span><\/p>\n<p><span style=\"font-weight: 400;\">A l\u2019escola, l\u2019etapa d\u2019Infantil es concep com un espai segur, acollidor i estimulant, on els infants se senten escoltats, valorats i acompanyats, i on el benestar emocional \u00e9s imprescindible per afavorir l\u2019aprenentatge.<\/span><\/p>\n","protected":false},"excerpt":{"rendered":"<p>L\u2019Educaci\u00f3 Infantil a l\u2019Escola Santa Agn\u00e8s \u00e9s una etapa educativa fonamental que acompanya els infants en els seus primers aprenentatges i en el seu desenvolupament personal, emocional, social i cognitiu. \u00c9s un per\u00edode en qu\u00e8 es posen les bases del creixement integral dels infants, respectant&hellip;  <a href=\"https:\/\/agora.xtec.cat\/escolasantaagnes\/que-es-leducacio-infantil\/\" title=\"Read QU\u00c8 \u00c9S L&#8217;EDUCACI\u00d3 INFANTIL\">Llegeix m\u00e9s\u00bb<\/a><\/p>\n","protected":false},"author":1,"featured_media":0,"parent":0,"menu_order":0,"comment_status":"closed","ping_status":"closed","template":"","meta":{"_bbp_topic_count":0,"_bbp_reply_count":0,"_bbp_total_topic_count":0,"_bbp_total_reply_count":0,"_bbp_voice_count":0,"_bbp_anonymous_reply_count":0,"_bbp_topic_count_hidden":0,"_bbp_reply_count_hidden":0,"_bbp_forum_subforum_count":0,"footnotes":""},"class_list":["post-5771","page","type-page","status-publish","hentry"],"post_mailing_queue_ids":[],"_links":{"self":[{"href":"https:\/\/agora.xtec.cat\/escolasantaagnes\/wp-json\/wp\/v2\/pages\/5771","targetHints":{"allow":["GET"]}}],"collection":[{"href":"https:\/\/agora.xtec.cat\/escolasantaagnes\/wp-json\/wp\/v2\/pages"}],"about":[{"href":"https:\/\/agora.xtec.cat\/escolasantaagnes\/wp-json\/wp\/v2\/types\/page"}],"author":[{"embeddable":true,"href":"https:\/\/agora.xtec.cat\/escolasantaagnes\/wp-json\/wp\/v2\/users\/1"}],"replies":[{"embeddable":true,"href":"https:\/\/agora.xtec.cat\/escolasantaagnes\/wp-json\/wp\/v2\/comments?post=5771"}],"version-history":[{"count":1,"href":"https:\/\/agora.xtec.cat\/escolasantaagnes\/wp-json\/wp\/v2\/pages\/5771\/revisions"}],"predecessor-version":[{"id":5772,"href":"https:\/\/agora.xtec.cat\/escolasantaagnes\/wp-json\/wp\/v2\/pages\/5771\/revisions\/5772"}],"wp:attachment":[{"href":"https:\/\/agora.xtec.cat\/escolasantaagnes\/wp-json\/wp\/v2\/media?parent=5771"}],"curies":[{"name":"wp","href":"https:\/\/api.w.org\/{rel}","templated":true}]}}