{"id":5720,"date":"2026-01-14T12:07:05","date_gmt":"2026-01-14T11:07:05","guid":{"rendered":"https:\/\/agora.xtec.cat\/escolasantaagnes\/?page_id=5720"},"modified":"2026-01-14T19:31:47","modified_gmt":"2026-01-14T18:31:47","slug":"deures","status":"publish","type":"page","link":"https:\/\/agora.xtec.cat\/escolasantaagnes\/deures\/","title":{"rendered":"DEURES"},"content":{"rendered":"<h3><b>En qu\u00e8 consisteixen<\/b><\/h3>\n<p><span style=\"font-weight: 400;\">A l\u2019Escola Santa Agn\u00e8s, els <\/span><b>deures<\/b><span style=\"font-weight: 400;\"> a l\u2019etapa de Prim\u00e0ria es plantegen com una eina de refor\u00e7 i consolidaci\u00f3 dels aprenentatges, amb una c\u00e0rrega equilibrada i adequada a l\u2019edat de l\u2019alumnat.<\/span><\/p>\n<p><span style=\"font-weight: 400;\">A <\/span><b>tots els cursos de Prim\u00e0ria<\/b><span style=\"font-weight: 400;\">, es proposen <\/span><b>deures en format paper<\/b><span style=\"font-weight: 400;\"> de:<\/span><\/p>\n<ul>\n<li style=\"font-weight: 400;\" aria-level=\"1\"><b>Comprensi\u00f3 lectora<\/b><span style=\"font-weight: 400;\">\u00a0<\/span><\/li>\n<li style=\"font-weight: 400;\" aria-level=\"1\"><b>Matem\u00e0tiques<\/b><span style=\"font-weight: 400;\">\u00a0<\/span><\/li>\n<\/ul>\n<p><span style=\"font-weight: 400;\">Aquestes tasques tenen com a finalitat refor\u00e7ar els aprenentatges treballats a l\u2019aula i fomentar h\u00e0bits d\u2019organitzaci\u00f3 i responsabilitat.<\/span><\/p>\n<p><span style=\"font-weight: 400;\">Des de <\/span><b>cicle inicial<\/b><span style=\"font-weight: 400;\">, l\u2019alumnat fa \u00fas de l\u2019<\/span><b>agenda escolar<\/b><span style=\"font-weight: 400;\"> com a eina d\u2019organitzaci\u00f3 i comunicaci\u00f3. Progressivament, se\u2019ls acompanya en l\u2019aprenentatge del seu \u00fas per anotar deures, recordar tasques i adquirir autonomia en la gesti\u00f3 del treball personal.<\/span><\/p>\n<p><span style=\"font-weight: 400;\">A m\u00e9s, a tots els cursos es disposa d\u2019un <\/span><b>aplicaci\u00f3 de matem\u00e0tiques<\/b><span style=\"font-weight: 400;\">, que permet refor\u00e7ar el treball matem\u00e0tic de manera complement\u00e0ria i adaptada al nivell de cada alumne.<\/span><\/p>\n<p><span style=\"font-weight: 400;\">Al <\/span><b>cicle inicial<\/b><span style=\"font-weight: 400;\">, el treball a casa es completa amb el <\/span><b>servei de pr\u00e9stec de llibres<\/b><span style=\"font-weight: 400;\">, que afavoreix el gust per la lectura i la creaci\u00f3 d\u2019h\u00e0bits lectors en un entorn familiar.<\/span><\/p>\n<p><span style=\"font-weight: 400;\">A partir de <\/span><b>cicle mitj\u00e0 i cicle superior<\/b><span style=\"font-weight: 400;\">, de manera progressiva, es poden proposar <\/span><b>tasques addicionals<\/b><span style=\"font-weight: 400;\">, sempre vinculades al treball d\u2019aula i adequades al nivell i a l\u2019autonomia de l\u2019alumnat.<\/span><\/p>\n<h3><b>Objectius<\/b><\/h3>\n<ul>\n<li style=\"list-style-type: none;\">\n<ul>\n<li style=\"list-style-type: none;\">\n<ul>\n<li style=\"font-weight: 400;\" aria-level=\"1\"><span style=\"font-weight: 400;\">Consolidar els aprenentatges de comprensi\u00f3 lectora i matem\u00e0tiques.<\/span><\/li>\n<li style=\"font-weight: 400;\" aria-level=\"1\"><span style=\"font-weight: 400;\">Fomentar h\u00e0bits d\u2019organitzaci\u00f3, const\u00e0ncia i responsabilitat.<\/span><\/li>\n<li style=\"font-weight: 400;\" aria-level=\"1\"><span style=\"font-weight: 400;\">Afavorir la pr\u00e0ctica aut\u00f2noma i progressiva del treball personal.<\/span><\/li>\n<li style=\"font-weight: 400;\" aria-level=\"1\"><span style=\"font-weight: 400;\">Enfortir el vincle entre escola i fam\u00edlia en l\u2019acompanyament educatiu.<\/span><\/li>\n<li style=\"font-weight: 400;\" aria-level=\"1\"><span style=\"font-weight: 400;\">Utilitzar els deures com a suport a l\u2019aprenentatge, evitant una c\u00e0rrega excessiva.<\/span><\/li>\n<\/ul>\n<\/li>\n<\/ul>\n<\/li>\n<\/ul>\n","protected":false},"excerpt":{"rendered":"<p>En qu\u00e8 consisteixen<br \/>\nA l\u2019Escola Santa Agn\u00e8s, els deures a l\u2019etapa de Prim\u00e0ria es plantegen com una eina de refor\u00e7 i consolidaci\u00f3 dels aprenentatges, amb una c\u00e0rrega equilibrada i adequada a l\u2019edat de l\u2019alumnat.<br \/>\nA tots els cursos de Prim\u00e0ria, es proposen deures en format paper de:<\/p>\n<ul>\n<li&hellip;  <a href=\"https:\/\/agora.xtec.cat\/escolasantaagnes\/deures\/\" title=\"Read DEURES\">Llegeix m\u00e9s\u00bb<\/a><\/p>\n","protected":false},"author":1,"featured_media":0,"parent":0,"menu_order":0,"comment_status":"closed","ping_status":"closed","template":"","meta":{"_bbp_topic_count":0,"_bbp_reply_count":0,"_bbp_total_topic_count":0,"_bbp_total_reply_count":0,"_bbp_voice_count":0,"_bbp_anonymous_reply_count":0,"_bbp_topic_count_hidden":0,"_bbp_reply_count_hidden":0,"_bbp_forum_subforum_count":0,"footnotes":""},"class_list":["post-5720","page","type-page","status-publish","hentry"],"post_mailing_queue_ids":[],"_links":{"self":[{"href":"https:\/\/agora.xtec.cat\/escolasantaagnes\/wp-json\/wp\/v2\/pages\/5720","targetHints":{"allow":["GET"]}}],"collection":[{"href":"https:\/\/agora.xtec.cat\/escolasantaagnes\/wp-json\/wp\/v2\/pages"}],"about":[{"href":"https:\/\/agora.xtec.cat\/escolasantaagnes\/wp-json\/wp\/v2\/types\/page"}],"author":[{"embeddable":true,"href":"https:\/\/agora.xtec.cat\/escolasantaagnes\/wp-json\/wp\/v2\/users\/1"}],"replies":[{"embeddable":true,"href":"https:\/\/agora.xtec.cat\/escolasantaagnes\/wp-json\/wp\/v2\/comments?post=5720"}],"version-history":[{"count":2,"href":"https:\/\/agora.xtec.cat\/escolasantaagnes\/wp-json\/wp\/v2\/pages\/5720\/revisions"}],"predecessor-version":[{"id":5845,"href":"https:\/\/agora.xtec.cat\/escolasantaagnes\/wp-json\/wp\/v2\/pages\/5720\/revisions\/5845"}],"wp:attachment":[{"href":"https:\/\/agora.xtec.cat\/escolasantaagnes\/wp-json\/wp\/v2\/media?parent=5720"}],"curies":[{"name":"wp","href":"https:\/\/api.w.org\/{rel}","templated":true}]}}