{"id":5718,"date":"2026-01-14T12:06:48","date_gmt":"2026-01-14T11:06:48","guid":{"rendered":"https:\/\/agora.xtec.cat\/escolasantaagnes\/?page_id=5718"},"modified":"2026-01-14T19:31:30","modified_gmt":"2026-01-14T18:31:30","slug":"delegats-i-delegades-daula","status":"publish","type":"page","link":"https:\/\/agora.xtec.cat\/escolasantaagnes\/delegats-i-delegades-daula\/","title":{"rendered":"DELEGATS I DELEGADES D&#8217;AULA"},"content":{"rendered":"<h3><b>En qu\u00e8 consisteix<\/b><\/h3>\n<p><span style=\"font-weight: 400;\">A l\u2019etapa de Prim\u00e0ria, l\u2019Escola Santa Agn\u00e8s compta amb un sistema de <\/span><b>delegats i delegades d\u2019aula<\/b><span style=\"font-weight: 400;\"> que promou la participaci\u00f3 activa de l\u2019alumnat en la millora de la vida escolar.<\/span><\/p>\n<p><span style=\"font-weight: 400;\">Cada grup classe escull els seus representants, que participen en <\/span><b>reunions mensuals<\/b><span style=\"font-weight: 400;\"> amb la <\/span><b>cap d\u2019estudis<\/b><span style=\"font-weight: 400;\"> i amb l\u2019<\/span><b>administrativa del centre<\/b><span style=\"font-weight: 400;\">, que actua com a <\/span><b>secret\u00e0ria<\/b><span style=\"font-weight: 400;\">, aixecant acta dels acords presos. Aquest espai de trobada permet treballar propostes concretes de <\/span><b>millora del centre<\/b><span style=\"font-weight: 400;\">, recollint les inquietuds i idees dels diferents grups.<\/span><\/p>\n<p><span style=\"font-weight: 400;\">Durant les reunions, els delegats i delegades <\/span><b>parlen, debaten i acorden<\/b><span style=\"font-weight: 400;\"> quines accions volen impulsar o quins aspectes consideren que cal millorar a l\u2019escola. Aquestes propostes poden estar relacionades amb la <\/span><b>sostenibilitat<\/b><span style=\"font-weight: 400;\">, les <\/span><b>activitats de pati<\/b><span style=\"font-weight: 400;\">, la conviv\u00e8ncia o altres \u00e0mbits de la vida escolar.<\/span><\/p>\n<p><span style=\"font-weight: 400;\">Un cop acordades, s\u00f3n els mateixos delegats i delegades qui <\/span><b>organitzen i porten a terme les actuacions<\/b><span style=\"font-weight: 400;\">, amb l\u2019acompanyament de l\u2019equip docent, fomentant aix\u00ed la corresponsabilitat i el comprom\u00eds amb la comunitat educativa.<\/span><\/p>\n<h3><b>Objectius<\/b><\/h3>\n<ul>\n<li style=\"list-style-type: none;\">\n<ul>\n<li style=\"list-style-type: none;\">\n<ul>\n<li style=\"font-weight: 400;\" aria-level=\"1\"><span style=\"font-weight: 400;\">Fomentar la participaci\u00f3 real de l\u2019alumnat en la vida del centre.<\/span><\/li>\n<li style=\"font-weight: 400;\" aria-level=\"1\"><span style=\"font-weight: 400;\">Desenvolupar el sentit de responsabilitat i el comprom\u00eds col\u00b7lectiu.<\/span><\/li>\n<li style=\"font-weight: 400;\" aria-level=\"1\"><span style=\"font-weight: 400;\">Afavorir el di\u00e0leg, el consens i la presa de decisions compartides.<\/span><\/li>\n<li style=\"font-weight: 400;\" aria-level=\"1\"><span style=\"font-weight: 400;\">Potenciar valors democr\u00e0tics com la representaci\u00f3, la cooperaci\u00f3 i la corresponsabilitat.<\/span><\/li>\n<li style=\"font-weight: 400;\" aria-level=\"1\"><span style=\"font-weight: 400;\">Implicar l\u2019alumnat en projectes de millora vinculats a la sostenibilitat, la conviv\u00e8ncia i el benestar al centre.<\/span><\/li>\n<\/ul>\n<\/li>\n<\/ul>\n<\/li>\n<\/ul>\n","protected":false},"excerpt":{"rendered":"<p>En qu\u00e8 consisteix<br \/>\nA l\u2019etapa de Prim\u00e0ria, l\u2019Escola Santa Agn\u00e8s compta amb un sistema de delegats i delegades d\u2019aula que promou la participaci\u00f3 activa de l\u2019alumnat en la millora de la vida escolar.<br \/>\nCada grup classe escull els seus representants, que participen en reunions mensuals amb la&hellip;  <a href=\"https:\/\/agora.xtec.cat\/escolasantaagnes\/delegats-i-delegades-daula\/\" title=\"Read DELEGATS I DELEGADES D&#8217;AULA\">Llegeix m\u00e9s\u00bb<\/a><\/p>\n","protected":false},"author":1,"featured_media":0,"parent":0,"menu_order":0,"comment_status":"closed","ping_status":"closed","template":"","meta":{"_bbp_topic_count":0,"_bbp_reply_count":0,"_bbp_total_topic_count":0,"_bbp_total_reply_count":0,"_bbp_voice_count":0,"_bbp_anonymous_reply_count":0,"_bbp_topic_count_hidden":0,"_bbp_reply_count_hidden":0,"_bbp_forum_subforum_count":0,"footnotes":""},"class_list":["post-5718","page","type-page","status-publish","hentry"],"post_mailing_queue_ids":[],"_links":{"self":[{"href":"https:\/\/agora.xtec.cat\/escolasantaagnes\/wp-json\/wp\/v2\/pages\/5718","targetHints":{"allow":["GET"]}}],"collection":[{"href":"https:\/\/agora.xtec.cat\/escolasantaagnes\/wp-json\/wp\/v2\/pages"}],"about":[{"href":"https:\/\/agora.xtec.cat\/escolasantaagnes\/wp-json\/wp\/v2\/types\/page"}],"author":[{"embeddable":true,"href":"https:\/\/agora.xtec.cat\/escolasantaagnes\/wp-json\/wp\/v2\/users\/1"}],"replies":[{"embeddable":true,"href":"https:\/\/agora.xtec.cat\/escolasantaagnes\/wp-json\/wp\/v2\/comments?post=5718"}],"version-history":[{"count":2,"href":"https:\/\/agora.xtec.cat\/escolasantaagnes\/wp-json\/wp\/v2\/pages\/5718\/revisions"}],"predecessor-version":[{"id":5844,"href":"https:\/\/agora.xtec.cat\/escolasantaagnes\/wp-json\/wp\/v2\/pages\/5718\/revisions\/5844"}],"wp:attachment":[{"href":"https:\/\/agora.xtec.cat\/escolasantaagnes\/wp-json\/wp\/v2\/media?parent=5718"}],"curies":[{"name":"wp","href":"https:\/\/api.w.org\/{rel}","templated":true}]}}