{"id":5710,"date":"2026-01-14T12:05:33","date_gmt":"2026-01-14T11:05:33","guid":{"rendered":"https:\/\/agora.xtec.cat\/escolasantaagnes\/?page_id=5710"},"modified":"2026-01-14T19:30:18","modified_gmt":"2026-01-14T18:30:18","slug":"cercles-de-paraula-2","status":"publish","type":"page","link":"https:\/\/agora.xtec.cat\/escolasantaagnes\/cercles-de-paraula-2\/","title":{"rendered":"CERCLES DE PARAULA"},"content":{"rendered":"<h3><b>En qu\u00e8 consisteixen els cercles de paraula?<\/b><\/h3>\n<p><span style=\"font-weight: 400;\">Els <\/span><b>cercles de paraula<\/b><span style=\"font-weight: 400;\"> constitueixen un espai estructurat de comunicaci\u00f3, conviv\u00e8ncia i reflexi\u00f3 dins l\u2019aula. L\u2019alumnat es col\u00b7loca en cercle per compartir viv\u00e8ncies, emocions i opinions en un context de respecte i escolta activa.<\/span><span style=\"font-weight: 400;\"><br \/>\n<\/span><span style=\"font-weight: 400;\">A l\u2019escola, aquests cercles es duen a terme fent servir les<\/span><b> Talent Cards<\/b><span style=\"font-weight: 400;\">, unes targetes que proposen situacions quotidianes, reptes o dilemes sobre els quals reflexionem conjuntament. Aquesta metodologia facilita la<\/span><b> participaci\u00f3 de tots els infants i fomenta el di\u00e0leg<\/b><span style=\"font-weight: 400;\"> com a eina per pensar, comprendre i cr\u00e9ixer en grup.<\/span><span style=\"font-weight: 400;\"><br \/>\n<\/span><span style=\"font-weight: 400;\">Els cercles de paraula permeten donar<\/span><b> veu a l\u2019alumnat <\/b><span style=\"font-weight: 400;\">i construir un clima d\u2019aula basat en la confian\u00e7a, la cooperaci\u00f3 i l\u2019empatia.<\/span><\/p>\n<h3><b>Objectius<\/b><\/h3>\n<ul>\n<li style=\"list-style-type: none;\">\n<ul>\n<li style=\"list-style-type: none;\">\n<ul>\n<li style=\"font-weight: 400;\" aria-level=\"1\"><span style=\"font-weight: 400;\">Potenciar les habilitats comunicatives i l\u2019expressi\u00f3 oral de l\u2019alumnat.<\/span><\/li>\n<li style=\"font-weight: 400;\" aria-level=\"1\"><span style=\"font-weight: 400;\">Fomentar l\u2019escolta activa, el respecte i la valoraci\u00f3 de la diversitat d\u2019opinions.<\/span><\/li>\n<li style=\"font-weight: 400;\" aria-level=\"1\"><span style=\"font-weight: 400;\">Afavorir la reflexi\u00f3 sobre situacions de la vida quotidiana i la presa de decisions responsables.<\/span><\/li>\n<li style=\"font-weight: 400;\" aria-level=\"1\"><span style=\"font-weight: 400;\">Desenvolupar la compet\u00e8ncia emocional i la gesti\u00f3 positiva dels conflictes.<\/span><\/li>\n<li style=\"font-weight: 400;\" aria-level=\"1\"><span style=\"font-weight: 400;\">Consolidar la cohesi\u00f3 de grup i la corresponsabilitat en la conviv\u00e8ncia.<\/span><\/li>\n<\/ul>\n<\/li>\n<\/ul>\n<\/li>\n<\/ul>\n","protected":false},"excerpt":{"rendered":"<p>En qu\u00e8 consisteixen els cercles de paraula?<br \/>\nEls cercles de paraula constitueixen un espai estructurat de comunicaci\u00f3, conviv\u00e8ncia i reflexi\u00f3 dins l\u2019aula. L\u2019alumnat es col\u00b7loca en cercle per compartir viv\u00e8ncies, emocions i opinions en un context de respecte i escolta activa.<br \/>\nA l\u2019escola, aquests cercles es duen&hellip;  <a href=\"https:\/\/agora.xtec.cat\/escolasantaagnes\/cercles-de-paraula-2\/\" title=\"Read CERCLES DE PARAULA\">Llegeix m\u00e9s\u00bb<\/a><\/p>\n","protected":false},"author":1,"featured_media":0,"parent":0,"menu_order":0,"comment_status":"closed","ping_status":"closed","template":"","meta":{"_bbp_topic_count":0,"_bbp_reply_count":0,"_bbp_total_topic_count":0,"_bbp_total_reply_count":0,"_bbp_voice_count":0,"_bbp_anonymous_reply_count":0,"_bbp_topic_count_hidden":0,"_bbp_reply_count_hidden":0,"_bbp_forum_subforum_count":0,"footnotes":""},"class_list":["post-5710","page","type-page","status-publish","hentry"],"post_mailing_queue_ids":[],"_links":{"self":[{"href":"https:\/\/agora.xtec.cat\/escolasantaagnes\/wp-json\/wp\/v2\/pages\/5710","targetHints":{"allow":["GET"]}}],"collection":[{"href":"https:\/\/agora.xtec.cat\/escolasantaagnes\/wp-json\/wp\/v2\/pages"}],"about":[{"href":"https:\/\/agora.xtec.cat\/escolasantaagnes\/wp-json\/wp\/v2\/types\/page"}],"author":[{"embeddable":true,"href":"https:\/\/agora.xtec.cat\/escolasantaagnes\/wp-json\/wp\/v2\/users\/1"}],"replies":[{"embeddable":true,"href":"https:\/\/agora.xtec.cat\/escolasantaagnes\/wp-json\/wp\/v2\/comments?post=5710"}],"version-history":[{"count":2,"href":"https:\/\/agora.xtec.cat\/escolasantaagnes\/wp-json\/wp\/v2\/pages\/5710\/revisions"}],"predecessor-version":[{"id":5841,"href":"https:\/\/agora.xtec.cat\/escolasantaagnes\/wp-json\/wp\/v2\/pages\/5710\/revisions\/5841"}],"wp:attachment":[{"href":"https:\/\/agora.xtec.cat\/escolasantaagnes\/wp-json\/wp\/v2\/media?parent=5710"}],"curies":[{"name":"wp","href":"https:\/\/api.w.org\/{rel}","templated":true}]}}