{"id":5708,"date":"2026-01-14T12:05:12","date_gmt":"2026-01-14T11:05:12","guid":{"rendered":"https:\/\/agora.xtec.cat\/escolasantaagnes\/?page_id=5708"},"modified":"2026-01-14T19:29:45","modified_gmt":"2026-01-14T18:29:45","slug":"lectura-compartida","status":"publish","type":"page","link":"https:\/\/agora.xtec.cat\/escolasantaagnes\/lectura-compartida\/","title":{"rendered":"LECTURA COMPARTIDA"},"content":{"rendered":"<h3><b>En qu\u00e8 consisteix<\/b><\/h3>\n<p><span style=\"font-weight: 400;\">La lectura compartida \u00e9s una proposta pedag\u00f2gica que es duu a terme a tots els cicles de Prim\u00e0ria i que forma part del treball lector dins les \u00e0rees de Llengua catalana i Llengua castellana. Es basa en la<\/span><b> lectura conjunta d\u2019un mateix llibre<\/b><span style=\"font-weight: 400;\"> per part de tot el grup classe, amb l\u2019acompanyament i el guiatge del mestre o la mestra.<\/span><\/p>\n<p><span style=\"font-weight: 400;\">Durant mig curs es treballa un llibre de lectura en llengua catalana i, durant l\u2019altre mig curs, un llibre en llengua castellana. Aquesta organitzaci\u00f3 permet refor\u00e7ar la compet\u00e8ncia lectora en ambdues lleng\u00fces i afavorir la transfer\u00e8ncia d\u2019estrat\u00e8gies lectores.<\/span><\/p>\n<p><span style=\"font-weight: 400;\">Durant les sessions de lectura compartida, el docent exerceix un paper actiu de <\/span><b>modelatge lector,<\/b><span style=\"font-weight: 400;\"> mostrant com llegir, interpretar i comprendre els textos. Es treballen<\/span><b> estrat\u00e8gies de lectura com la lectura en eco<\/b><span style=\"font-weight: 400;\">, la comprensi\u00f3 del vocabulari, la interpretaci\u00f3 del significat i la reflexi\u00f3 col\u00b7lectiva sobre el contingut dels textos.<\/span><\/p>\n<h3><b>Objectius<\/b><\/h3>\n<ul>\n<li style=\"list-style-type: none;\">\n<ul>\n<li style=\"list-style-type: none;\">\n<ul>\n<li style=\"font-weight: 400;\" aria-level=\"1\"><span style=\"font-weight: 400;\">Desenvolupar la comprensi\u00f3 lectora de manera progressiva i sistem\u00e0tica.<\/span><\/li>\n<li style=\"font-weight: 400;\" aria-level=\"1\"><span style=\"font-weight: 400;\">Fomentar el gust per la lectura i la creaci\u00f3 d\u2019h\u00e0bits lectors.<\/span><\/li>\n<li style=\"font-weight: 400;\" aria-level=\"1\"><span style=\"font-weight: 400;\">Aprendre i aplicar estrat\u00e8gies de lectura amb l\u2019acompanyament del docent.<\/span><\/li>\n<li style=\"font-weight: 400;\" aria-level=\"1\"><span style=\"font-weight: 400;\">Millorar la flu\u00efdesa lectora i la comprensi\u00f3 oral i escrita.<\/span><\/li>\n<li style=\"font-weight: 400;\" aria-level=\"1\"><span style=\"font-weight: 400;\">Afavorir la participaci\u00f3 activa i el di\u00e0leg al voltant dels textos llegits.<\/span><\/li>\n<\/ul>\n<\/li>\n<\/ul>\n<\/li>\n<\/ul>\n","protected":false},"excerpt":{"rendered":"<p>En qu\u00e8 consisteix<br \/>\nLa lectura compartida \u00e9s una proposta pedag\u00f2gica que es duu a terme a tots els cicles de Prim\u00e0ria i que forma part del treball lector dins les \u00e0rees de Llengua catalana i Llengua castellana. Es basa en la lectura conjunta d\u2019un mateix llibre&hellip;  <a href=\"https:\/\/agora.xtec.cat\/escolasantaagnes\/lectura-compartida\/\" title=\"Read LECTURA COMPARTIDA\">Llegeix m\u00e9s\u00bb<\/a><\/p>\n","protected":false},"author":1,"featured_media":0,"parent":0,"menu_order":0,"comment_status":"closed","ping_status":"closed","template":"","meta":{"_bbp_topic_count":0,"_bbp_reply_count":0,"_bbp_total_topic_count":0,"_bbp_total_reply_count":0,"_bbp_voice_count":0,"_bbp_anonymous_reply_count":0,"_bbp_topic_count_hidden":0,"_bbp_reply_count_hidden":0,"_bbp_forum_subforum_count":0,"footnotes":""},"class_list":["post-5708","page","type-page","status-publish","hentry"],"post_mailing_queue_ids":[],"_links":{"self":[{"href":"https:\/\/agora.xtec.cat\/escolasantaagnes\/wp-json\/wp\/v2\/pages\/5708","targetHints":{"allow":["GET"]}}],"collection":[{"href":"https:\/\/agora.xtec.cat\/escolasantaagnes\/wp-json\/wp\/v2\/pages"}],"about":[{"href":"https:\/\/agora.xtec.cat\/escolasantaagnes\/wp-json\/wp\/v2\/types\/page"}],"author":[{"embeddable":true,"href":"https:\/\/agora.xtec.cat\/escolasantaagnes\/wp-json\/wp\/v2\/users\/1"}],"replies":[{"embeddable":true,"href":"https:\/\/agora.xtec.cat\/escolasantaagnes\/wp-json\/wp\/v2\/comments?post=5708"}],"version-history":[{"count":2,"href":"https:\/\/agora.xtec.cat\/escolasantaagnes\/wp-json\/wp\/v2\/pages\/5708\/revisions"}],"predecessor-version":[{"id":5840,"href":"https:\/\/agora.xtec.cat\/escolasantaagnes\/wp-json\/wp\/v2\/pages\/5708\/revisions\/5840"}],"wp:attachment":[{"href":"https:\/\/agora.xtec.cat\/escolasantaagnes\/wp-json\/wp\/v2\/media?parent=5708"}],"curies":[{"name":"wp","href":"https:\/\/api.w.org\/{rel}","templated":true}]}}