{"id":5704,"date":"2026-01-14T12:04:33","date_gmt":"2026-01-14T11:04:33","guid":{"rendered":"https:\/\/agora.xtec.cat\/escolasantaagnes\/?page_id=5704"},"modified":"2026-01-14T12:04:33","modified_gmt":"2026-01-14T11:04:33","slug":"sortides-i-colonies","status":"publish","type":"page","link":"https:\/\/agora.xtec.cat\/escolasantaagnes\/sortides-i-colonies\/","title":{"rendered":"SORTIDES I COL\u00d2NIES"},"content":{"rendered":"<p><span style=\"font-weight: 400;\">Les <\/span><b>sortides escolars i les col\u00f2nies<\/b><span style=\"font-weight: 400;\"> formen part de la programaci\u00f3 anual de l\u2019etapa de Prim\u00e0ria i tenen un alt valor educatiu, ja que permeten ampliar els aprenentatges de l\u2019aula a trav\u00e9s d\u2019experi\u00e8ncies vivencials i contextualitzades.<\/span><\/p>\n<p><span style=\"font-weight: 400;\">Al llarg del curs, l\u2019alumnat de Prim\u00e0ria realitza <\/span><b>tres sortides al teatre<\/b><span style=\"font-weight: 400;\">, que afavoreixen el contacte amb les arts esc\u00e8niques i la cultura. A m\u00e9s, es programen <\/span><b>tres sortides de tot el dia organitzades des del centre<\/b><span style=\"font-weight: 400;\">.<\/span><\/p>\n<p><span style=\"font-weight: 400;\">Paral\u00b7lelament, cada curs realitza <\/span><b>sortides espec\u00edfiques<\/b><span style=\"font-weight: 400;\"> relacionades amb la seva edat i amb les tem\u00e0tiques que es treballen. A tall d\u2019exemple, <\/span><b>4t de Prim\u00e0ria<\/b><span style=\"font-weight: 400;\"> participa en activitats com <\/span><i><span style=\"font-weight: 400;\">Cruspilletres<\/span><\/i><span style=\"font-weight: 400;\"> a la biblioteca i en la visita a l\u2019Ajuntament, mentre que <\/span><b>6\u00e8 de Prim\u00e0ria<\/b><span style=\"font-weight: 400;\"> realitza la visita a l\u2019institut com a part del proc\u00e9s de transici\u00f3 cap a l\u2019educaci\u00f3 secund\u00e0ria.<\/span><\/p>\n<p><span style=\"font-weight: 400;\">Pel que fa a les <\/span><b>col\u00f2nies<\/b><span style=\"font-weight: 400;\">, l\u2019alumnat de <\/span><b>2n i 4t de Prim\u00e0ria<\/b><span style=\"font-weight: 400;\"> realitza estades d\u2019<\/span><b>una nit<\/b><span style=\"font-weight: 400;\">, que afavoreixen l\u2019autonomia i la conviv\u00e8ncia. A <\/span><b>6\u00e8 de Prim\u00e0ria<\/b><span style=\"font-weight: 400;\">, es duu a terme el <\/span><b>viatge de fi de curs<\/b><span style=\"font-weight: 400;\">, amb una estada de <\/span><b>dues nits<\/b><span style=\"font-weight: 400;\">, que esdev\u00e9 una experi\u00e8ncia de tancament d\u2019etapa i de cohesi\u00f3 de grup.<\/span><\/p>\n<p><span style=\"font-weight: 400;\">Totes les sortides i col\u00f2nies es planifiquen amb criteris pedag\u00f2gics i organitzatius, i es duen a terme amb les garanties necess\u00e0ries de seguretat i acompanyament, en coordinaci\u00f3 amb les fam\u00edlies.<\/span><\/p>\n","protected":false},"excerpt":{"rendered":"<p>Les sortides escolars i les col\u00f2nies formen part de la programaci\u00f3 anual de l\u2019etapa de Prim\u00e0ria i tenen un alt valor educatiu, ja que permeten ampliar els aprenentatges de l\u2019aula a trav\u00e9s d\u2019experi\u00e8ncies vivencials i contextualitzades.<br \/>\nAl llarg del curs, l\u2019alumnat de Prim\u00e0ria realitza tres sortides&hellip;  <a href=\"https:\/\/agora.xtec.cat\/escolasantaagnes\/sortides-i-colonies\/\" title=\"Read SORTIDES I COL\u00d2NIES\">Llegeix m\u00e9s\u00bb<\/a><\/p>\n","protected":false},"author":1,"featured_media":0,"parent":0,"menu_order":0,"comment_status":"closed","ping_status":"closed","template":"","meta":{"_bbp_topic_count":0,"_bbp_reply_count":0,"_bbp_total_topic_count":0,"_bbp_total_reply_count":0,"_bbp_voice_count":0,"_bbp_anonymous_reply_count":0,"_bbp_topic_count_hidden":0,"_bbp_reply_count_hidden":0,"_bbp_forum_subforum_count":0,"footnotes":""},"class_list":["post-5704","page","type-page","status-publish","hentry"],"post_mailing_queue_ids":[],"_links":{"self":[{"href":"https:\/\/agora.xtec.cat\/escolasantaagnes\/wp-json\/wp\/v2\/pages\/5704","targetHints":{"allow":["GET"]}}],"collection":[{"href":"https:\/\/agora.xtec.cat\/escolasantaagnes\/wp-json\/wp\/v2\/pages"}],"about":[{"href":"https:\/\/agora.xtec.cat\/escolasantaagnes\/wp-json\/wp\/v2\/types\/page"}],"author":[{"embeddable":true,"href":"https:\/\/agora.xtec.cat\/escolasantaagnes\/wp-json\/wp\/v2\/users\/1"}],"replies":[{"embeddable":true,"href":"https:\/\/agora.xtec.cat\/escolasantaagnes\/wp-json\/wp\/v2\/comments?post=5704"}],"version-history":[{"count":1,"href":"https:\/\/agora.xtec.cat\/escolasantaagnes\/wp-json\/wp\/v2\/pages\/5704\/revisions"}],"predecessor-version":[{"id":5705,"href":"https:\/\/agora.xtec.cat\/escolasantaagnes\/wp-json\/wp\/v2\/pages\/5704\/revisions\/5705"}],"wp:attachment":[{"href":"https:\/\/agora.xtec.cat\/escolasantaagnes\/wp-json\/wp\/v2\/media?parent=5704"}],"curies":[{"name":"wp","href":"https:\/\/api.w.org\/{rel}","templated":true}]}}