{"id":5698,"date":"2026-01-14T12:03:21","date_gmt":"2026-01-14T11:03:21","guid":{"rendered":"https:\/\/agora.xtec.cat\/escolasantaagnes\/?page_id=5698"},"modified":"2026-01-14T19:29:14","modified_gmt":"2026-01-14T18:29:14","slug":"educacio-fisica","status":"publish","type":"page","link":"https:\/\/agora.xtec.cat\/escolasantaagnes\/educacio-fisica\/","title":{"rendered":"EDUCACI\u00d3 F\u00cdSICA"},"content":{"rendered":"<h3><b>En qu\u00e8 consisteix<\/b><\/h3>\n<p><span style=\"font-weight: 400;\">L\u2019\u00e0rea d\u2019Educaci\u00f3 f\u00edsica a Prim\u00e0ria t\u00e9 com a finalitat afavorir el desenvolupament motriu, corporal i l&#8217;adquisici\u00f3 d\u2019h\u00e0bits saludables de l\u2019alumnat, aix\u00ed com la pr\u00e0ctica d\u2019activitat f\u00edsica de manera regular i adaptada a cada edat.<\/span><\/p>\n<p><span style=\"font-weight: 400;\">Per garantir un <\/span><b>espai adequat per a la pr\u00e0ctica de l\u2019activitat f\u00edsica<\/b><span style=\"font-weight: 400;\">, les sessions d\u2019Educaci\u00f3 f\u00edsica es duen a terme <\/span><b>fora del recinte escolar<\/b><span style=\"font-weight: 400;\">, al parc proper a l\u2019escola que disposa d\u2019una <\/span><b>pista de ciment<\/b><span style=\"font-weight: 400;\"> que permet desenvolupar les activitats fisicoesportives amb seguretat i comoditat.<\/span><\/p>\n<p><span style=\"font-weight: 400;\">Les sessions es realitzen amb l\u2019<\/span><b>acompanyament de dos docents<\/b><span style=\"font-weight: 400;\">, fet que permet assegurar una adequada organitzaci\u00f3 del grup, vetllar per la seguretat de l\u2019alumnat i garantir el correcte desenvolupament de l\u2019activitat.<\/span><\/p>\n<p><span style=\"font-weight: 400;\">A l\u2019\u00e0rea d\u2019Educaci\u00f3 f\u00edsica es treballen habilitats motrius b\u00e0siques, jocs, jocs preesportius i activitats cooperatives, fomentant el respecte, el treball en equip i l\u2019adquisici\u00f3 d\u2019h\u00e0bits saludables.<\/span><\/p>\n<h3><b>Objectius<\/b><\/h3>\n<ul>\n<li style=\"list-style-type: none;\">\n<ul>\n<li style=\"list-style-type: none;\">\n<ul>\n<li style=\"font-weight: 400;\" aria-level=\"1\"><span style=\"font-weight: 400;\">Desenvolupar les habilitats motrius b\u00e0siques i espec\u00edfiques i la coordinaci\u00f3 corporal.<\/span><\/li>\n<li style=\"font-weight: 400;\" aria-level=\"1\"><span style=\"font-weight: 400;\">Fomentar la pr\u00e0ctica regular d\u2019activitat f\u00edsica com a h\u00e0bit saludable.<\/span><\/li>\n<li style=\"font-weight: 400;\" aria-level=\"1\"><span style=\"font-weight: 400;\">Afavorir el treball en equip, la cooperaci\u00f3 i el respecte a les normes.<\/span><\/li>\n<li style=\"font-weight: 400;\" aria-level=\"1\"><span style=\"font-weight: 400;\">Potenciar actituds de superaci\u00f3, esfor\u00e7 i respecte envers els companys i companyes.<\/span><\/li>\n<li style=\"font-weight: 400;\" aria-level=\"1\"><span style=\"font-weight: 400;\">Con\u00e8ixer i valorar l\u2019activitat f\u00edsica com a part del benestar personal.<\/span><\/li>\n<\/ul>\n<\/li>\n<\/ul>\n<\/li>\n<\/ul>\n","protected":false},"excerpt":{"rendered":"<p>En qu\u00e8 consisteix<br \/>\nL\u2019\u00e0rea d\u2019Educaci\u00f3 f\u00edsica a Prim\u00e0ria t\u00e9 com a finalitat afavorir el desenvolupament motriu, corporal i l&#8217;adquisici\u00f3 d\u2019h\u00e0bits saludables de l\u2019alumnat, aix\u00ed com la pr\u00e0ctica d\u2019activitat f\u00edsica de manera regular i adaptada a cada edat.<br \/>\nPer garantir un espai adequat per a la pr\u00e0ctica de&hellip;  <a href=\"https:\/\/agora.xtec.cat\/escolasantaagnes\/educacio-fisica\/\" title=\"Read EDUCACI\u00d3 F\u00cdSICA\">Llegeix m\u00e9s\u00bb<\/a><\/p>\n","protected":false},"author":1,"featured_media":0,"parent":0,"menu_order":0,"comment_status":"closed","ping_status":"closed","template":"","meta":{"_bbp_topic_count":0,"_bbp_reply_count":0,"_bbp_total_topic_count":0,"_bbp_total_reply_count":0,"_bbp_voice_count":0,"_bbp_anonymous_reply_count":0,"_bbp_topic_count_hidden":0,"_bbp_reply_count_hidden":0,"_bbp_forum_subforum_count":0,"footnotes":""},"class_list":["post-5698","page","type-page","status-publish","hentry"],"post_mailing_queue_ids":[],"_links":{"self":[{"href":"https:\/\/agora.xtec.cat\/escolasantaagnes\/wp-json\/wp\/v2\/pages\/5698","targetHints":{"allow":["GET"]}}],"collection":[{"href":"https:\/\/agora.xtec.cat\/escolasantaagnes\/wp-json\/wp\/v2\/pages"}],"about":[{"href":"https:\/\/agora.xtec.cat\/escolasantaagnes\/wp-json\/wp\/v2\/types\/page"}],"author":[{"embeddable":true,"href":"https:\/\/agora.xtec.cat\/escolasantaagnes\/wp-json\/wp\/v2\/users\/1"}],"replies":[{"embeddable":true,"href":"https:\/\/agora.xtec.cat\/escolasantaagnes\/wp-json\/wp\/v2\/comments?post=5698"}],"version-history":[{"count":2,"href":"https:\/\/agora.xtec.cat\/escolasantaagnes\/wp-json\/wp\/v2\/pages\/5698\/revisions"}],"predecessor-version":[{"id":5839,"href":"https:\/\/agora.xtec.cat\/escolasantaagnes\/wp-json\/wp\/v2\/pages\/5698\/revisions\/5839"}],"wp:attachment":[{"href":"https:\/\/agora.xtec.cat\/escolasantaagnes\/wp-json\/wp\/v2\/media?parent=5698"}],"curies":[{"name":"wp","href":"https:\/\/api.w.org\/{rel}","templated":true}]}}