{"id":5694,"date":"2026-01-14T12:02:24","date_gmt":"2026-01-14T11:02:24","guid":{"rendered":"https:\/\/agora.xtec.cat\/escolasantaagnes\/?page_id=5694"},"modified":"2026-01-14T19:28:28","modified_gmt":"2026-01-14T18:28:28","slug":"medi-natura-social-i-cultural","status":"publish","type":"page","link":"https:\/\/agora.xtec.cat\/escolasantaagnes\/medi-natura-social-i-cultural\/","title":{"rendered":"MEDI NATURAL, SOCIAL I CULTURAL"},"content":{"rendered":"<h3><b>En qu\u00e8 consisteix<\/b><\/h3>\n<p><span style=\"font-weight: 400;\">L\u2019\u00e0rea de <\/span><b>Medi natural, social i cultural<\/b><span style=\"font-weight: 400;\"> a l\u2019Escola Santa Agn\u00e8s s\u2019organitza \u00edntegrament a trav\u00e9s de <\/span><b>projectes tem\u00e0tics<\/b><span style=\"font-weight: 400;\"> a tots els cursos de Prim\u00e0ria. Aquests projectes integren de manera global els diferents \u00e0mbits del medi i permeten abordar els continguts des d\u2019una mirada <\/span><b>interdisciplin\u00e0ria i competencial<\/b><span style=\"font-weight: 400;\">.<\/span><\/p>\n<p><span style=\"font-weight: 400;\">Els projectes estan <\/span><b>seq\u00fcenciats i repartits al llarg de tota l\u2019etapa<\/b><span style=\"font-weight: 400;\">, garantint una progressi\u00f3 coherent dels aprenentatges i una visi\u00f3 global del m\u00f3n que envolta l\u2019alumnat. Cada projecte s\u2019inicia a partir d\u2019una <\/span><b>pregunta clau<\/b><span style=\"font-weight: 400;\">, que desperta la curiositat i dona sentit a l\u2019aprenentatge, i es desenvolupa a partir dels <\/span><b>sabers<\/b><span style=\"font-weight: 400;\"> que es volen treballar.<\/span><\/p>\n<p><span style=\"font-weight: 400;\">El treball del medi es planteja en la l\u00ednia de les <\/span><b>Situacions d\u2019Aprenentatge<\/b><span style=\"font-weight: 400;\">, amb una planificaci\u00f3 clara que defineix els <\/span><b>criteris d\u2019avaluaci\u00f3<\/b><span style=\"font-weight: 400;\"> de cada projecte. Aquest enfocament permet connectar els continguts amb situacions reals i afavorir una comprensi\u00f3 significativa del m\u00f3n natural, social i cultural.<\/span><\/p>\n<p><span style=\"font-weight: 400;\">En el marc dels projectes, es dona una import\u00e0ncia especial al <\/span><b>desenvolupament de l\u2019expressi\u00f3 oral<\/b><span style=\"font-weight: 400;\">, mitjan\u00e7ant <\/span><b>presentacions en veu alta<\/b><span style=\"font-weight: 400;\"> davant del grup. Aquestes presentacions permeten a l\u2019alumnat organitzar la informaci\u00f3, expressar-se amb claredat, utilitzar un vocabulari espec\u00edfic i guanyar seguretat a l\u2019hora de comunicar all\u00f2 que han apr\u00e8s, tot afavorint l\u2019autonomia, el pensament cr\u00edtic i la compet\u00e8ncia comunicativa.<\/span><\/p>\n<h3><b>Objectius<\/b><\/h3>\n<ul>\n<li style=\"list-style-type: none;\">\n<ul>\n<li style=\"list-style-type: none;\">\n<ul>\n<li style=\"font-weight: 400;\" aria-level=\"1\"><span style=\"font-weight: 400;\">Comprendre el m\u00f3n natural, social i cultural de manera progressiva i contextualitzada.<\/span><\/li>\n<li style=\"font-weight: 400;\" aria-level=\"1\"><span style=\"font-weight: 400;\">Desenvolupar el pensament cr\u00edtic a partir de l\u2019an\u00e0lisi de situacions i realitats properes.<\/span><\/li>\n<li style=\"font-weight: 400;\" aria-level=\"1\"><span style=\"font-weight: 400;\">Afavorir la curiositat, la investigaci\u00f3 i la reflexi\u00f3 en funci\u00f3 de la tem\u00e0tica treballada.<\/span><\/li>\n<li style=\"font-weight: 400;\" aria-level=\"1\"><span style=\"font-weight: 400;\">Construir coneixement de manera activa, connectant els aprenentatges amb experi\u00e8ncies reals.<\/span><\/li>\n<li style=\"font-weight: 400;\" aria-level=\"1\"><span style=\"font-weight: 400;\">Adquirir una visi\u00f3 global i integrada dels continguts de medi al llarg de l\u2019etapa de Prim\u00e0ria.<\/span><\/li>\n<\/ul>\n<\/li>\n<\/ul>\n<\/li>\n<\/ul>\n","protected":false},"excerpt":{"rendered":"<p>En qu\u00e8 consisteix<br \/>\nL\u2019\u00e0rea de Medi natural, social i cultural a l\u2019Escola Santa Agn\u00e8s s\u2019organitza \u00edntegrament a trav\u00e9s de projectes tem\u00e0tics a tots els cursos de Prim\u00e0ria. Aquests projectes integren de manera global els diferents \u00e0mbits del medi i permeten abordar els continguts des d\u2019una mirada&hellip;  <a href=\"https:\/\/agora.xtec.cat\/escolasantaagnes\/medi-natura-social-i-cultural\/\" title=\"Read MEDI NATURAL, SOCIAL I CULTURAL\">Llegeix m\u00e9s\u00bb<\/a><\/p>\n","protected":false},"author":1,"featured_media":0,"parent":0,"menu_order":0,"comment_status":"closed","ping_status":"closed","template":"","meta":{"_bbp_topic_count":0,"_bbp_reply_count":0,"_bbp_total_topic_count":0,"_bbp_total_reply_count":0,"_bbp_voice_count":0,"_bbp_anonymous_reply_count":0,"_bbp_topic_count_hidden":0,"_bbp_reply_count_hidden":0,"_bbp_forum_subforum_count":0,"footnotes":""},"class_list":["post-5694","page","type-page","status-publish","hentry"],"post_mailing_queue_ids":[],"_links":{"self":[{"href":"https:\/\/agora.xtec.cat\/escolasantaagnes\/wp-json\/wp\/v2\/pages\/5694","targetHints":{"allow":["GET"]}}],"collection":[{"href":"https:\/\/agora.xtec.cat\/escolasantaagnes\/wp-json\/wp\/v2\/pages"}],"about":[{"href":"https:\/\/agora.xtec.cat\/escolasantaagnes\/wp-json\/wp\/v2\/types\/page"}],"author":[{"embeddable":true,"href":"https:\/\/agora.xtec.cat\/escolasantaagnes\/wp-json\/wp\/v2\/users\/1"}],"replies":[{"embeddable":true,"href":"https:\/\/agora.xtec.cat\/escolasantaagnes\/wp-json\/wp\/v2\/comments?post=5694"}],"version-history":[{"count":4,"href":"https:\/\/agora.xtec.cat\/escolasantaagnes\/wp-json\/wp\/v2\/pages\/5694\/revisions"}],"predecessor-version":[{"id":5837,"href":"https:\/\/agora.xtec.cat\/escolasantaagnes\/wp-json\/wp\/v2\/pages\/5694\/revisions\/5837"}],"wp:attachment":[{"href":"https:\/\/agora.xtec.cat\/escolasantaagnes\/wp-json\/wp\/v2\/media?parent=5694"}],"curies":[{"name":"wp","href":"https:\/\/api.w.org\/{rel}","templated":true}]}}