{"id":5692,"date":"2026-01-14T12:01:59","date_gmt":"2026-01-14T11:01:59","guid":{"rendered":"https:\/\/agora.xtec.cat\/escolasantaagnes\/?page_id=5692"},"modified":"2026-01-14T19:27:35","modified_gmt":"2026-01-14T18:27:35","slug":"matematiques-3","status":"publish","type":"page","link":"https:\/\/agora.xtec.cat\/escolasantaagnes\/matematiques-3\/","title":{"rendered":"MATEM\u00c0TIQUES"},"content":{"rendered":"<h3><b>En qu\u00e8 consisteix<\/b><\/h3>\n<p><span style=\"font-weight: 400;\">L\u2019\u00e0rea de Matem\u00e0tiques a Prim\u00e0ria t\u00e9 com a objectiu desenvolupar la comprensi\u00f3 dels conceptes matem\u00e0tics i la capacitat d\u2019aplicar-los en diferents situacions, tot afavorint el raonament i el pensament l\u00f2gic de l\u2019alumnat. A l\u2019Escola Santa Agn\u00e8s, el treball matem\u00e0tic es basa en el programa Innovamat, present a <\/span><b>tots els cicles de Prim\u00e0ria<\/b><span style=\"font-weight: 400;\">, i dona continu\u00eftat a la l\u00ednia metodol\u00f2gica iniciada a l\u2019etapa d\u2019Educaci\u00f3 Infantil.<\/span><\/p>\n<p><span style=\"font-weight: 400;\">El treball a l\u2019aula segueix una progressi\u00f3 que parteix del <\/span><b>material manipulatiu<\/b><span style=\"font-weight: 400;\">, passa per la <\/span><b>representaci\u00f3<\/b><span style=\"font-weight: 400;\"> i avan\u00e7a cap a l\u2019<\/span><b>abstracci\u00f3<\/b><span style=\"font-weight: 400;\">, de manera gradual i respectuosa amb el ritme d\u2019aprenentatge de cada infant. Aquesta progressi\u00f3 \u00e9s present al llarg de tota l\u2019etapa, i sempre que s\u2019introdueix un nou concepte o contingut, s\u2019incorpora una fase manipulativa, independentment del cicle.<\/span><\/p>\n<p><span style=\"font-weight: 400;\">A m\u00e9s dels materials i quaderns propis del programa, es dedica una <\/span><b>sessi\u00f3 espec\u00edfica a la resoluci\u00f3 de situacions matem\u00e0tiques contextualitzades<\/b><span style=\"font-weight: 400;\">, en qu\u00e8 l\u2019alumnat resol problemes tant proposats per l\u2019editorial com elaborats pel professorat. En aquest treball es d\u00f3na especial import\u00e0ncia a <\/span><b>explicar el raonament seguit<\/b><span style=\"font-weight: 400;\">, m\u00e9s enll\u00e0 d\u2019obtenir el resultat final, promovent aix\u00ed una comprensi\u00f3 profunda dels processos matem\u00e0tics.<\/span><\/p>\n<p><span style=\"font-weight: 400;\">L\u2019\u00e0rea integra de manera equilibrada la resoluci\u00f3 de problemes, el raonament matem\u00e0tic, el c\u00e0lcul i la numeraci\u00f3, amb l\u2019objectiu de garantir un aprenentatge s\u00f2lid i funcional.<\/span><\/p>\n<h3><b>Objectius<\/b><\/h3>\n<ul>\n<li style=\"list-style-type: none;\">\n<ul>\n<li style=\"list-style-type: none;\">\n<ul>\n<li style=\"font-weight: 400;\" aria-level=\"1\"><span style=\"font-weight: 400;\">Comprendre els conceptes matem\u00e0tics de manera significativa.<\/span><\/li>\n<li style=\"font-weight: 400;\" aria-level=\"1\"><span style=\"font-weight: 400;\">Aplicar els aprenentatges matem\u00e0tics a situacions reals i contextualitzades.<\/span><\/li>\n<li style=\"font-weight: 400;\" aria-level=\"1\"><span style=\"font-weight: 400;\">Desenvolupar el pensament l\u00f2gic i el raonament matem\u00e0tic.<\/span><\/li>\n<li style=\"font-weight: 400;\" aria-level=\"1\"><span style=\"font-weight: 400;\">Explicar i justificar els processos seguits en la resoluci\u00f3 de problemes.<\/span><\/li>\n<li style=\"font-weight: 400;\" aria-level=\"1\"><span style=\"font-weight: 400;\">Avan\u00e7ar progressivament del treball manipulatiu a l\u2019abstracci\u00f3 matem\u00e0tica.<\/span><\/li>\n<\/ul>\n<\/li>\n<\/ul>\n<\/li>\n<\/ul>\n","protected":false},"excerpt":{"rendered":"<p>En qu\u00e8 consisteix<br \/>\nL\u2019\u00e0rea de Matem\u00e0tiques a Prim\u00e0ria t\u00e9 com a objectiu desenvolupar la comprensi\u00f3 dels conceptes matem\u00e0tics i la capacitat d\u2019aplicar-los en diferents situacions, tot afavorint el raonament i el pensament l\u00f2gic de l\u2019alumnat. A l\u2019Escola Santa Agn\u00e8s, el treball matem\u00e0tic es basa en el&hellip;  <a href=\"https:\/\/agora.xtec.cat\/escolasantaagnes\/matematiques-3\/\" title=\"Read MATEM\u00c0TIQUES\">Llegeix m\u00e9s\u00bb<\/a><\/p>\n","protected":false},"author":1,"featured_media":0,"parent":0,"menu_order":0,"comment_status":"closed","ping_status":"closed","template":"","meta":{"_bbp_topic_count":0,"_bbp_reply_count":0,"_bbp_total_topic_count":0,"_bbp_total_reply_count":0,"_bbp_voice_count":0,"_bbp_anonymous_reply_count":0,"_bbp_topic_count_hidden":0,"_bbp_reply_count_hidden":0,"_bbp_forum_subforum_count":0,"footnotes":""},"class_list":["post-5692","page","type-page","status-publish","hentry"],"post_mailing_queue_ids":[],"_links":{"self":[{"href":"https:\/\/agora.xtec.cat\/escolasantaagnes\/wp-json\/wp\/v2\/pages\/5692","targetHints":{"allow":["GET"]}}],"collection":[{"href":"https:\/\/agora.xtec.cat\/escolasantaagnes\/wp-json\/wp\/v2\/pages"}],"about":[{"href":"https:\/\/agora.xtec.cat\/escolasantaagnes\/wp-json\/wp\/v2\/types\/page"}],"author":[{"embeddable":true,"href":"https:\/\/agora.xtec.cat\/escolasantaagnes\/wp-json\/wp\/v2\/users\/1"}],"replies":[{"embeddable":true,"href":"https:\/\/agora.xtec.cat\/escolasantaagnes\/wp-json\/wp\/v2\/comments?post=5692"}],"version-history":[{"count":2,"href":"https:\/\/agora.xtec.cat\/escolasantaagnes\/wp-json\/wp\/v2\/pages\/5692\/revisions"}],"predecessor-version":[{"id":5835,"href":"https:\/\/agora.xtec.cat\/escolasantaagnes\/wp-json\/wp\/v2\/pages\/5692\/revisions\/5835"}],"wp:attachment":[{"href":"https:\/\/agora.xtec.cat\/escolasantaagnes\/wp-json\/wp\/v2\/media?parent=5692"}],"curies":[{"name":"wp","href":"https:\/\/api.w.org\/{rel}","templated":true}]}}