{"id":5690,"date":"2026-01-14T12:01:41","date_gmt":"2026-01-14T11:01:41","guid":{"rendered":"https:\/\/agora.xtec.cat\/escolasantaagnes\/?page_id=5690"},"modified":"2026-01-14T19:27:18","modified_gmt":"2026-01-14T18:27:18","slug":"segona-llengua-estrangera-frances","status":"publish","type":"page","link":"https:\/\/agora.xtec.cat\/escolasantaagnes\/segona-llengua-estrangera-frances\/","title":{"rendered":"SEGONA LLENGUA ESTRANGERA: FRANC\u00c8S"},"content":{"rendered":"<h3><b>En qu\u00e8 consisteix<\/b><\/h3>\n<p><span style=\"font-weight: 400;\">A cicle superior de Prim\u00e0ria s\u2019introdueix el franc\u00e8s com a segona llengua estrangera, amb <\/span><b>una sessi\u00f3 setmanal<\/b><span style=\"font-weight: 400;\">. Aquesta iniciaci\u00f3 t\u00e9 com a finalitat oferir a l\u2019alumnat un primer contacte amb una nova llengua i ampliar la seva compet\u00e8ncia pluriling\u00fce.<\/span><\/p>\n<p><span style=\"font-weight: 400;\">El treball del franc\u00e8s se centra principalment en la comprensi\u00f3 i l\u2019expressi\u00f3 oral, a trav\u00e9s d\u2019activitats l\u00fadiques i comunicatives que permeten<\/span><b> familiaritzar-se amb els sons, el vocabulari<\/b><span style=\"font-weight: 400;\"> i les <\/span><b>expressions b\u00e0siques<\/b><span style=\"font-weight: 400;\"> de la llengua.<\/span><\/p>\n<h3><b>Objectius<\/b><\/h3>\n<ul>\n<li style=\"list-style-type: none;\">\n<ul>\n<li style=\"list-style-type: none;\">\n<ul>\n<li>Iniciar-se en l\u2019aprenentatge d\u2019una segona llengua estrangera.<\/li>\n<li>Desenvolupar la comprensi\u00f3 i l\u2019expressi\u00f3 oral en franc\u00e8s de manera progressiva.<\/li>\n<li>Afavorir una actitud oberta i positiva envers l\u2019aprenentatge de lleng\u00fces.<\/li>\n<li>Potenciar l\u2019inter\u00e8s per altres lleng\u00fces i cultures.<\/li>\n<\/ul>\n<\/li>\n<\/ul>\n<\/li>\n<\/ul>\n","protected":false},"excerpt":{"rendered":"<p>En qu\u00e8 consisteix<br \/>\nA cicle superior de Prim\u00e0ria s\u2019introdueix el franc\u00e8s com a segona llengua estrangera, amb una sessi\u00f3 setmanal. Aquesta iniciaci\u00f3 t\u00e9 com a finalitat oferir a l\u2019alumnat un primer contacte amb una nova llengua i ampliar la seva compet\u00e8ncia pluriling\u00fce.<br \/>\nEl treball del franc\u00e8s se&hellip;  <a href=\"https:\/\/agora.xtec.cat\/escolasantaagnes\/segona-llengua-estrangera-frances\/\" title=\"Read SEGONA LLENGUA ESTRANGERA: FRANC\u00c8S\">Llegeix m\u00e9s\u00bb<\/a><\/p>\n","protected":false},"author":1,"featured_media":0,"parent":0,"menu_order":0,"comment_status":"closed","ping_status":"closed","template":"","meta":{"_bbp_topic_count":0,"_bbp_reply_count":0,"_bbp_total_topic_count":0,"_bbp_total_reply_count":0,"_bbp_voice_count":0,"_bbp_anonymous_reply_count":0,"_bbp_topic_count_hidden":0,"_bbp_reply_count_hidden":0,"_bbp_forum_subforum_count":0,"footnotes":""},"class_list":["post-5690","page","type-page","status-publish","hentry"],"post_mailing_queue_ids":[],"_links":{"self":[{"href":"https:\/\/agora.xtec.cat\/escolasantaagnes\/wp-json\/wp\/v2\/pages\/5690","targetHints":{"allow":["GET"]}}],"collection":[{"href":"https:\/\/agora.xtec.cat\/escolasantaagnes\/wp-json\/wp\/v2\/pages"}],"about":[{"href":"https:\/\/agora.xtec.cat\/escolasantaagnes\/wp-json\/wp\/v2\/types\/page"}],"author":[{"embeddable":true,"href":"https:\/\/agora.xtec.cat\/escolasantaagnes\/wp-json\/wp\/v2\/users\/1"}],"replies":[{"embeddable":true,"href":"https:\/\/agora.xtec.cat\/escolasantaagnes\/wp-json\/wp\/v2\/comments?post=5690"}],"version-history":[{"count":3,"href":"https:\/\/agora.xtec.cat\/escolasantaagnes\/wp-json\/wp\/v2\/pages\/5690\/revisions"}],"predecessor-version":[{"id":5834,"href":"https:\/\/agora.xtec.cat\/escolasantaagnes\/wp-json\/wp\/v2\/pages\/5690\/revisions\/5834"}],"wp:attachment":[{"href":"https:\/\/agora.xtec.cat\/escolasantaagnes\/wp-json\/wp\/v2\/media?parent=5690"}],"curies":[{"name":"wp","href":"https:\/\/api.w.org\/{rel}","templated":true}]}}