{"id":5686,"date":"2026-01-14T12:00:29","date_gmt":"2026-01-14T11:00:29","guid":{"rendered":"https:\/\/agora.xtec.cat\/escolasantaagnes\/?page_id=5686"},"modified":"2026-01-14T19:26:47","modified_gmt":"2026-01-14T18:26:47","slug":"llengua-castellana","status":"publish","type":"page","link":"https:\/\/agora.xtec.cat\/escolasantaagnes\/llengua-castellana\/","title":{"rendered":"LLENGUA CASTELLANA"},"content":{"rendered":"<h3><b>En qu\u00e8 consisteix<\/b><\/h3>\n<p><span style=\"font-weight: 400;\">L\u2019\u00e0rea de Llengua castellana t\u00e9 com a finalitat desenvolupar la compet\u00e8ncia comunicativa de l\u2019alumnat, tant en la comprensi\u00f3 com en l\u2019expressi\u00f3 oral i escrita, aix\u00ed com consolidar els coneixements ling\u00fc\u00edstics b\u00e0sics necessaris per a un \u00fas correcte i adequat de la llengua.<\/span><\/p>\n<p><span style=\"font-weight: 400;\">A Prim\u00e0ria s\u2019utilitza el llibre de text de manera habitual a tots els cicles, com a eina estructuradora que facilita la sistematitzaci\u00f3 dels continguts relacionats amb la gram\u00e0tica, l\u2019ortografia i el l\u00e8xic. Aquest treball es complementa amb activitats que permeten aplicar els aprenentatges en diferents contextos comunicatius.<\/span><\/p>\n<p><span style=\"font-weight: 400;\">Es dona un pes especial a la comprensi\u00f3 lectora i a l\u2019expressi\u00f3 escrita, amb l\u2019objectiu de millorar la capacitat de comprendre textos diversos i de produir escrits clars, coherents i adequats a cada situaci\u00f3 comunicativa. La llengua castellana es treballa principalment com a \u00e0rea espec\u00edfica dins l\u2019horari escolar.<\/span><\/p>\n<h3><b>Objectius<\/b><\/h3>\n<ul>\n<li style=\"list-style-type: none;\">\n<ul>\n<li style=\"list-style-type: none;\">\n<ul>\n<li style=\"font-weight: 400;\" aria-level=\"1\"><span style=\"font-weight: 400;\">Desenvolupar la comprensi\u00f3 lectora i fomentar el gust per la lectura.<\/span><\/li>\n<li style=\"font-weight: 400;\" aria-level=\"1\"><span style=\"font-weight: 400;\">Consolidar h\u00e0bits lectors i estrat\u00e8gies de comprensi\u00f3 de textos diversos.<\/span><\/li>\n<li style=\"font-weight: 400;\" aria-level=\"1\"><span style=\"font-weight: 400;\">Potenciar l\u2019expressi\u00f3 escrita, treballant la correcci\u00f3 ortogr\u00e0fica i gramatical.<\/span><\/li>\n<li style=\"font-weight: 400;\" aria-level=\"1\"><span style=\"font-weight: 400;\">Produir textos de diferents tipologies amb coher\u00e8ncia, ordre i adequaci\u00f3.<\/span><\/li>\n<li style=\"font-weight: 400;\" aria-level=\"1\"><span style=\"font-weight: 400;\">Utilitzar la llengua castellana de manera funcional i correcta en diferents contextos comunicatius.<\/span><\/li>\n<\/ul>\n<\/li>\n<\/ul>\n<\/li>\n<\/ul>\n","protected":false},"excerpt":{"rendered":"<p>En qu\u00e8 consisteix<br \/>\nL\u2019\u00e0rea de Llengua castellana t\u00e9 com a finalitat desenvolupar la compet\u00e8ncia comunicativa de l\u2019alumnat, tant en la comprensi\u00f3 com en l\u2019expressi\u00f3 oral i escrita, aix\u00ed com consolidar els coneixements ling\u00fc\u00edstics b\u00e0sics necessaris per a un \u00fas correcte i adequat de la llengua.<br \/>\nA Prim\u00e0ria&hellip;  <a href=\"https:\/\/agora.xtec.cat\/escolasantaagnes\/llengua-castellana\/\" title=\"Read LLENGUA CASTELLANA\">Llegeix m\u00e9s\u00bb<\/a><\/p>\n","protected":false},"author":1,"featured_media":0,"parent":0,"menu_order":0,"comment_status":"closed","ping_status":"closed","template":"","meta":{"_bbp_topic_count":0,"_bbp_reply_count":0,"_bbp_total_topic_count":0,"_bbp_total_reply_count":0,"_bbp_voice_count":0,"_bbp_anonymous_reply_count":0,"_bbp_topic_count_hidden":0,"_bbp_reply_count_hidden":0,"_bbp_forum_subforum_count":0,"footnotes":""},"class_list":["post-5686","page","type-page","status-publish","hentry"],"post_mailing_queue_ids":[],"_links":{"self":[{"href":"https:\/\/agora.xtec.cat\/escolasantaagnes\/wp-json\/wp\/v2\/pages\/5686","targetHints":{"allow":["GET"]}}],"collection":[{"href":"https:\/\/agora.xtec.cat\/escolasantaagnes\/wp-json\/wp\/v2\/pages"}],"about":[{"href":"https:\/\/agora.xtec.cat\/escolasantaagnes\/wp-json\/wp\/v2\/types\/page"}],"author":[{"embeddable":true,"href":"https:\/\/agora.xtec.cat\/escolasantaagnes\/wp-json\/wp\/v2\/users\/1"}],"replies":[{"embeddable":true,"href":"https:\/\/agora.xtec.cat\/escolasantaagnes\/wp-json\/wp\/v2\/comments?post=5686"}],"version-history":[{"count":2,"href":"https:\/\/agora.xtec.cat\/escolasantaagnes\/wp-json\/wp\/v2\/pages\/5686\/revisions"}],"predecessor-version":[{"id":5832,"href":"https:\/\/agora.xtec.cat\/escolasantaagnes\/wp-json\/wp\/v2\/pages\/5686\/revisions\/5832"}],"wp:attachment":[{"href":"https:\/\/agora.xtec.cat\/escolasantaagnes\/wp-json\/wp\/v2\/media?parent=5686"}],"curies":[{"name":"wp","href":"https:\/\/api.w.org\/{rel}","templated":true}]}}