{"id":5684,"date":"2026-01-14T12:00:12","date_gmt":"2026-01-14T11:00:12","guid":{"rendered":"https:\/\/agora.xtec.cat\/escolasantaagnes\/?page_id=5684"},"modified":"2026-01-14T19:26:05","modified_gmt":"2026-01-14T18:26:05","slug":"llengua-catalana","status":"publish","type":"page","link":"https:\/\/agora.xtec.cat\/escolasantaagnes\/llengua-catalana\/","title":{"rendered":"LLENGUA CATALANA"},"content":{"rendered":"<h3><b>En qu\u00e8 consisteix<\/b><\/h3>\n<p><span style=\"font-weight: 400;\">L\u2019\u00e0rea de Llengua catalana t\u00e9 com a finalitat desenvolupar la compet\u00e8ncia comunicativa de l\u2019alumnat, tant en la comprensi\u00f3 com en l\u2019expressi\u00f3 oral i escrita. La llengua catalana \u00e9s la llengua vehicular del centre i s\u2019utilitza tant com a \u00e0rea espec\u00edfica com a eix de comunicaci\u00f3 i aprenentatge en la vida quotidiana de l\u2019aula.<\/span><\/p>\n<p><span style=\"font-weight: 400;\">A Prim\u00e0ria s\u2019utilitza el llibre de text de manera habitual com a eina de suport i sistematitzaci\u00f3 dels continguts. Al cicle inicial, el treball es realitza principalment amb materials propis i amb recursos adaptables d\u2019editorials educatives, com ara l\u2019editorial Editorial Alber, que permeten ajustar les propostes a les necessitats de l\u2019alumnat.<\/span><\/p>\n<p><span style=\"font-weight: 400;\">Es posa un \u00e8mfasi especial en la comprensi\u00f3 lectora i en l\u2019expressi\u00f3 escrita, sense deixar de banda el treball de l\u2019expressi\u00f3 oral, amb l\u2019objectiu de garantir una base ling\u00fc\u00edstica s\u00f2lida i funcional.<\/span><\/p>\n<h3><b>Objectius<\/b><\/h3>\n<ul>\n<li style=\"list-style-type: none;\">\n<ul>\n<li style=\"list-style-type: none;\">\n<ul>\n<li style=\"font-weight: 400;\" aria-level=\"1\"><span style=\"font-weight: 400;\">Desenvolupar la comprensi\u00f3 lectora i fomentar el gust per la lectura.<\/span><\/li>\n<li style=\"font-weight: 400;\" aria-level=\"1\"><span style=\"font-weight: 400;\">Consolidar h\u00e0bits lectors i estrat\u00e8gies de comprensi\u00f3 de textos diversos.<\/span><\/li>\n<li style=\"font-weight: 400;\" aria-level=\"1\"><span style=\"font-weight: 400;\">Potenciar l\u2019expressi\u00f3 escrita, afavorint la coher\u00e8ncia, la correcci\u00f3 i la riquesa ling\u00fc\u00edstica.<\/span><\/li>\n<li style=\"font-weight: 400;\" aria-level=\"1\"><span style=\"font-weight: 400;\">Produir textos de tipologies diverses amb sentit i adequaci\u00f3 al context.<\/span><\/li>\n<li style=\"font-weight: 400;\" aria-level=\"1\"><span style=\"font-weight: 400;\">Utilitzar la llengua catalana com a eina de comunicaci\u00f3, aprenentatge i conviv\u00e8ncia.<\/span><\/li>\n<\/ul>\n<\/li>\n<\/ul>\n<\/li>\n<\/ul>\n","protected":false},"excerpt":{"rendered":"<p>En qu\u00e8 consisteix<br \/>\nL\u2019\u00e0rea de Llengua catalana t\u00e9 com a finalitat desenvolupar la compet\u00e8ncia comunicativa de l\u2019alumnat, tant en la comprensi\u00f3 com en l\u2019expressi\u00f3 oral i escrita. La llengua catalana \u00e9s la llengua vehicular del centre i s\u2019utilitza tant com a \u00e0rea espec\u00edfica com a eix&hellip;  <a href=\"https:\/\/agora.xtec.cat\/escolasantaagnes\/llengua-catalana\/\" title=\"Read LLENGUA CATALANA\">Llegeix m\u00e9s\u00bb<\/a><\/p>\n","protected":false},"author":1,"featured_media":0,"parent":0,"menu_order":0,"comment_status":"closed","ping_status":"closed","template":"","meta":{"_bbp_topic_count":0,"_bbp_reply_count":0,"_bbp_total_topic_count":0,"_bbp_total_reply_count":0,"_bbp_voice_count":0,"_bbp_anonymous_reply_count":0,"_bbp_topic_count_hidden":0,"_bbp_reply_count_hidden":0,"_bbp_forum_subforum_count":0,"footnotes":""},"class_list":["post-5684","page","type-page","status-publish","hentry"],"post_mailing_queue_ids":[],"_links":{"self":[{"href":"https:\/\/agora.xtec.cat\/escolasantaagnes\/wp-json\/wp\/v2\/pages\/5684","targetHints":{"allow":["GET"]}}],"collection":[{"href":"https:\/\/agora.xtec.cat\/escolasantaagnes\/wp-json\/wp\/v2\/pages"}],"about":[{"href":"https:\/\/agora.xtec.cat\/escolasantaagnes\/wp-json\/wp\/v2\/types\/page"}],"author":[{"embeddable":true,"href":"https:\/\/agora.xtec.cat\/escolasantaagnes\/wp-json\/wp\/v2\/users\/1"}],"replies":[{"embeddable":true,"href":"https:\/\/agora.xtec.cat\/escolasantaagnes\/wp-json\/wp\/v2\/comments?post=5684"}],"version-history":[{"count":2,"href":"https:\/\/agora.xtec.cat\/escolasantaagnes\/wp-json\/wp\/v2\/pages\/5684\/revisions"}],"predecessor-version":[{"id":5831,"href":"https:\/\/agora.xtec.cat\/escolasantaagnes\/wp-json\/wp\/v2\/pages\/5684\/revisions\/5831"}],"wp:attachment":[{"href":"https:\/\/agora.xtec.cat\/escolasantaagnes\/wp-json\/wp\/v2\/media?parent=5684"}],"curies":[{"name":"wp","href":"https:\/\/api.w.org\/{rel}","templated":true}]}}