{"id":5682,"date":"2026-01-14T11:59:46","date_gmt":"2026-01-14T10:59:46","guid":{"rendered":"https:\/\/agora.xtec.cat\/escolasantaagnes\/?page_id=5682"},"modified":"2026-01-14T11:59:46","modified_gmt":"2026-01-14T10:59:46","slug":"introduccio-general-a-les-arees","status":"publish","type":"page","link":"https:\/\/agora.xtec.cat\/escolasantaagnes\/introduccio-general-a-les-arees\/","title":{"rendered":"INTRODUCCI\u00d3 GENERAL A LES \u00c0REES"},"content":{"rendered":"<p><span style=\"font-weight: 400;\">A l\u2019etapa de Prim\u00e0ria, les \u00e0rees curriculars es treballen de manera coordinada per afavorir un aprenentatge progressiu i coherent al llarg de tota l\u2019etapa. Cada \u00e0rea contribueix al desenvolupament de les compet\u00e8ncies b\u00e0siques de l\u2019alumnat i es vincula a situacions reals, tot promovent l\u2019autonomia, el raonament i la responsabilitat personal.<\/span><\/p>\n<p><span style=\"font-weight: 400;\">A l\u2019Escola Santa Agn\u00e8s, les \u00e0rees s\u2019aborden combinant metodologies diverses, amb l\u2019objectiu de garantir l\u2019assoliment dels continguts essencials i, alhora, fomentar la participaci\u00f3 activa, la comunicaci\u00f3 i el pensament cr\u00edtic. Aquest enfocament permet donar resposta a la diversitat de ritmes i estils d\u2019aprenentatge de l\u2019alumnat.<\/span><\/p>\n","protected":false},"excerpt":{"rendered":"<p>A l\u2019etapa de Prim\u00e0ria, les \u00e0rees curriculars es treballen de manera coordinada per afavorir un aprenentatge progressiu i coherent al llarg de tota l\u2019etapa. Cada \u00e0rea contribueix al desenvolupament de les compet\u00e8ncies b\u00e0siques de l\u2019alumnat i es vincula a situacions reals, tot promovent l\u2019autonomia, el&hellip;  <a href=\"https:\/\/agora.xtec.cat\/escolasantaagnes\/introduccio-general-a-les-arees\/\" title=\"Read INTRODUCCI\u00d3 GENERAL A LES \u00c0REES\">Llegeix m\u00e9s\u00bb<\/a><\/p>\n","protected":false},"author":1,"featured_media":0,"parent":0,"menu_order":0,"comment_status":"closed","ping_status":"closed","template":"","meta":{"_bbp_topic_count":0,"_bbp_reply_count":0,"_bbp_total_topic_count":0,"_bbp_total_reply_count":0,"_bbp_voice_count":0,"_bbp_anonymous_reply_count":0,"_bbp_topic_count_hidden":0,"_bbp_reply_count_hidden":0,"_bbp_forum_subforum_count":0,"footnotes":""},"class_list":["post-5682","page","type-page","status-publish","hentry"],"post_mailing_queue_ids":[],"_links":{"self":[{"href":"https:\/\/agora.xtec.cat\/escolasantaagnes\/wp-json\/wp\/v2\/pages\/5682","targetHints":{"allow":["GET"]}}],"collection":[{"href":"https:\/\/agora.xtec.cat\/escolasantaagnes\/wp-json\/wp\/v2\/pages"}],"about":[{"href":"https:\/\/agora.xtec.cat\/escolasantaagnes\/wp-json\/wp\/v2\/types\/page"}],"author":[{"embeddable":true,"href":"https:\/\/agora.xtec.cat\/escolasantaagnes\/wp-json\/wp\/v2\/users\/1"}],"replies":[{"embeddable":true,"href":"https:\/\/agora.xtec.cat\/escolasantaagnes\/wp-json\/wp\/v2\/comments?post=5682"}],"version-history":[{"count":1,"href":"https:\/\/agora.xtec.cat\/escolasantaagnes\/wp-json\/wp\/v2\/pages\/5682\/revisions"}],"predecessor-version":[{"id":5683,"href":"https:\/\/agora.xtec.cat\/escolasantaagnes\/wp-json\/wp\/v2\/pages\/5682\/revisions\/5683"}],"wp:attachment":[{"href":"https:\/\/agora.xtec.cat\/escolasantaagnes\/wp-json\/wp\/v2\/media?parent=5682"}],"curies":[{"name":"wp","href":"https:\/\/api.w.org\/{rel}","templated":true}]}}