{"id":5680,"date":"2026-01-14T11:59:21","date_gmt":"2026-01-14T10:59:21","guid":{"rendered":"https:\/\/agora.xtec.cat\/escolasantaagnes\/?page_id=5680"},"modified":"2026-01-14T11:59:21","modified_gmt":"2026-01-14T10:59:21","slug":"avaluacio","status":"publish","type":"page","link":"https:\/\/agora.xtec.cat\/escolasantaagnes\/avaluacio\/","title":{"rendered":"AVALUACI\u00d3"},"content":{"rendered":"<p><span style=\"font-weight: 400;\">L\u2019avaluaci\u00f3 a Prim\u00e0ria \u00e9s cont\u00ednua i t\u00e9 com a objectiu acompanyar el proc\u00e9s d\u2019aprenentatge de l\u2019alumnat. Es tenen en compte tant els resultats com l\u2019evoluci\u00f3, l\u2019esfor\u00e7 i la implicaci\u00f3 de cada infant.<\/span><\/p>\n<p><span style=\"font-weight: 400;\">A partir de <\/span><b>3r de Prim\u00e0ria<\/b><span style=\"font-weight: 400;\">, s\u2019introdueixen de manera progressiva els <\/span><b>ex\u00e0mens<\/b><span style=\"font-weight: 400;\">, com una eina m\u00e9s d\u2019avaluaci\u00f3, amb la finalitat de preparar l\u2019alumnat per a una millor organitzaci\u00f3 de l\u2019estudi i l\u2019adquisici\u00f3 d\u2019estrat\u00e8gies d\u2019aprenentatge.<\/span><\/p>\n<p><span style=\"font-weight: 400;\">Al llarg del curs, les fam\u00edlies reben <\/span><b>tres informes d\u2019avaluaci\u00f3<\/b><span style=\"font-weight: 400;\">: dos informes <\/span><b>quantitatius<\/b><span style=\"font-weight: 400;\"> i un informe <\/span><b>qualitatiu<\/b><span style=\"font-weight: 400;\">, que permeten fer un seguiment acurat del progr\u00e9s acad\u00e8mic i personal de l\u2019alumnat.<\/span><\/p>\n","protected":false},"excerpt":{"rendered":"<p>L\u2019avaluaci\u00f3 a Prim\u00e0ria \u00e9s cont\u00ednua i t\u00e9 com a objectiu acompanyar el proc\u00e9s d\u2019aprenentatge de l\u2019alumnat. Es tenen en compte tant els resultats com l\u2019evoluci\u00f3, l\u2019esfor\u00e7 i la implicaci\u00f3 de cada infant.<br \/>\nA partir de 3r de Prim\u00e0ria, s\u2019introdueixen de manera progressiva els ex\u00e0mens, com una&hellip;  <a href=\"https:\/\/agora.xtec.cat\/escolasantaagnes\/avaluacio\/\" title=\"Read AVALUACI\u00d3\">Llegeix m\u00e9s\u00bb<\/a><\/p>\n","protected":false},"author":1,"featured_media":0,"parent":0,"menu_order":0,"comment_status":"closed","ping_status":"closed","template":"","meta":{"_bbp_topic_count":0,"_bbp_reply_count":0,"_bbp_total_topic_count":0,"_bbp_total_reply_count":0,"_bbp_voice_count":0,"_bbp_anonymous_reply_count":0,"_bbp_topic_count_hidden":0,"_bbp_reply_count_hidden":0,"_bbp_forum_subforum_count":0,"footnotes":""},"class_list":["post-5680","page","type-page","status-publish","hentry"],"post_mailing_queue_ids":[],"_links":{"self":[{"href":"https:\/\/agora.xtec.cat\/escolasantaagnes\/wp-json\/wp\/v2\/pages\/5680","targetHints":{"allow":["GET"]}}],"collection":[{"href":"https:\/\/agora.xtec.cat\/escolasantaagnes\/wp-json\/wp\/v2\/pages"}],"about":[{"href":"https:\/\/agora.xtec.cat\/escolasantaagnes\/wp-json\/wp\/v2\/types\/page"}],"author":[{"embeddable":true,"href":"https:\/\/agora.xtec.cat\/escolasantaagnes\/wp-json\/wp\/v2\/users\/1"}],"replies":[{"embeddable":true,"href":"https:\/\/agora.xtec.cat\/escolasantaagnes\/wp-json\/wp\/v2\/comments?post=5680"}],"version-history":[{"count":1,"href":"https:\/\/agora.xtec.cat\/escolasantaagnes\/wp-json\/wp\/v2\/pages\/5680\/revisions"}],"predecessor-version":[{"id":5681,"href":"https:\/\/agora.xtec.cat\/escolasantaagnes\/wp-json\/wp\/v2\/pages\/5680\/revisions\/5681"}],"wp:attachment":[{"href":"https:\/\/agora.xtec.cat\/escolasantaagnes\/wp-json\/wp\/v2\/media?parent=5680"}],"curies":[{"name":"wp","href":"https:\/\/api.w.org\/{rel}","templated":true}]}}