{"id":5676,"date":"2026-01-14T11:58:30","date_gmt":"2026-01-14T10:58:30","guid":{"rendered":"https:\/\/agora.xtec.cat\/escolasantaagnes\/?page_id=5676"},"modified":"2026-01-14T11:58:30","modified_gmt":"2026-01-14T10:58:30","slug":"que-es-la-primaria","status":"publish","type":"page","link":"https:\/\/agora.xtec.cat\/escolasantaagnes\/que-es-la-primaria\/","title":{"rendered":"QU\u00c8 \u00c9S LA PRIM\u00c0RIA?"},"content":{"rendered":"<p><span style=\"font-weight: 400;\">L\u2019etapa de Prim\u00e0ria a l\u2019Escola Santa Agn\u00e8s compr\u00e8n dels 6 als 12 anys i t\u00e9 com a finalitat acompanyar l\u2019alumnat en el seu creixement personal, acad\u00e8mic i social. Durant aquests anys, els infants consoliden els aprenentatges b\u00e0sics i desenvolupen les compet\u00e8ncies necess\u00e0ries per comprendre el seu entorn, expressar-se amb autonomia i conviure de manera respectuosa.<\/span><\/p>\n<p><span style=\"font-weight: 400;\">L\u2019escola ofereix un entorn proper i acollidor, que t\u00e9 en compte la diversitat de ritmes i necessitats, i que promou l\u2019esfor\u00e7, la responsabilitat i el gust per aprendre.<\/span><\/p>\n<p><span style=\"font-weight: 400;\">L\u2019etapa de Prim\u00e0ria a l\u2019Escola Santa Agn\u00e8s es concep com un per\u00edode clau de creixement personal i acad\u00e8mic, en qu\u00e8 l\u2019alumnat construeix aprenentatges s\u00f2lids, desenvolupa l\u2019autonomia i es prepara per al pas a l\u2019educaci\u00f3 secund\u00e0ria amb seguretat i confian\u00e7a.<\/span><\/p>\n","protected":false},"excerpt":{"rendered":"<p>L\u2019etapa de Prim\u00e0ria a l\u2019Escola Santa Agn\u00e8s compr\u00e8n dels 6 als 12 anys i t\u00e9 com a finalitat acompanyar l\u2019alumnat en el seu creixement personal, acad\u00e8mic i social. Durant aquests anys, els infants consoliden els aprenentatges b\u00e0sics i desenvolupen les compet\u00e8ncies necess\u00e0ries per comprendre el&hellip;  <a href=\"https:\/\/agora.xtec.cat\/escolasantaagnes\/que-es-la-primaria\/\" title=\"Read QU\u00c8 \u00c9S LA PRIM\u00c0RIA?\">Llegeix m\u00e9s\u00bb<\/a><\/p>\n","protected":false},"author":1,"featured_media":0,"parent":0,"menu_order":0,"comment_status":"closed","ping_status":"closed","template":"","meta":{"_bbp_topic_count":0,"_bbp_reply_count":0,"_bbp_total_topic_count":0,"_bbp_total_reply_count":0,"_bbp_voice_count":0,"_bbp_anonymous_reply_count":0,"_bbp_topic_count_hidden":0,"_bbp_reply_count_hidden":0,"_bbp_forum_subforum_count":0,"footnotes":""},"class_list":["post-5676","page","type-page","status-publish","hentry"],"post_mailing_queue_ids":[],"_links":{"self":[{"href":"https:\/\/agora.xtec.cat\/escolasantaagnes\/wp-json\/wp\/v2\/pages\/5676","targetHints":{"allow":["GET"]}}],"collection":[{"href":"https:\/\/agora.xtec.cat\/escolasantaagnes\/wp-json\/wp\/v2\/pages"}],"about":[{"href":"https:\/\/agora.xtec.cat\/escolasantaagnes\/wp-json\/wp\/v2\/types\/page"}],"author":[{"embeddable":true,"href":"https:\/\/agora.xtec.cat\/escolasantaagnes\/wp-json\/wp\/v2\/users\/1"}],"replies":[{"embeddable":true,"href":"https:\/\/agora.xtec.cat\/escolasantaagnes\/wp-json\/wp\/v2\/comments?post=5676"}],"version-history":[{"count":1,"href":"https:\/\/agora.xtec.cat\/escolasantaagnes\/wp-json\/wp\/v2\/pages\/5676\/revisions"}],"predecessor-version":[{"id":5677,"href":"https:\/\/agora.xtec.cat\/escolasantaagnes\/wp-json\/wp\/v2\/pages\/5676\/revisions\/5677"}],"wp:attachment":[{"href":"https:\/\/agora.xtec.cat\/escolasantaagnes\/wp-json\/wp\/v2\/media?parent=5676"}],"curies":[{"name":"wp","href":"https:\/\/api.w.org\/{rel}","templated":true}]}}