{"id":5650,"date":"2025-12-03T16:19:16","date_gmt":"2025-12-03T15:19:16","guid":{"rendered":"https:\/\/agora.xtec.cat\/escolasantaagnes\/?page_id=5650"},"modified":"2025-12-03T16:19:16","modified_gmt":"2025-12-03T15:19:16","slug":"cercles-restauratius","status":"publish","type":"page","link":"https:\/\/agora.xtec.cat\/escolasantaagnes\/cercles-restauratius\/","title":{"rendered":"CERCLES RESTAURATIUS"},"content":{"rendered":"<p>Us deixem a continuaci\u00f3 una breu presentaci\u00f3 dels cercles restauratius que treballem a l&#8217;etapa de prim\u00e0ria per a resoldre conflictes i crear din\u00e0miques positives d&#8217;aula per crear espais de confian\u00e7a on tothom pugui tenir el seu espai per a compartir i explicar les coses que necessiti.<\/p>\n<p><a href=\"https:\/\/agora.xtec.cat\/escolasantaagnes\/wp-content\/uploads\/usu1755\/2025\/12\/ELS-CERCLES-RESTAURATIUS.pdf\" target=\"_blank\" rel=\"noopener\"><img loading=\"lazy\" decoding=\"async\" class=\"alignleft wp-image-4795\" src=\"https:\/\/agora.xtec.cat\/escolasantaagnes\/wp-content\/uploads\/usu1755\/2024\/06\/pdf.jpeg\" alt=\"\" width=\"166\" height=\"72\" \/><\/a><\/p>\n<p>&nbsp;<\/p>\n","protected":false},"excerpt":{"rendered":"<p>Us deixem a continuaci\u00f3 una breu presentaci\u00f3 dels cercles restauratius que treballem a l&#8217;etapa de prim\u00e0ria per a resoldre conflictes i crear din\u00e0miques positives d&#8217;aula per crear espais de confian\u00e7a on tothom pugui tenir el seu espai per a compartir i explicar les coses que&hellip;  <a href=\"https:\/\/agora.xtec.cat\/escolasantaagnes\/cercles-restauratius\/\" title=\"Read CERCLES RESTAURATIUS\">Llegeix m\u00e9s\u00bb<\/a><\/p>\n","protected":false},"author":1,"featured_media":0,"parent":0,"menu_order":0,"comment_status":"closed","ping_status":"closed","template":"","meta":{"_bbp_topic_count":0,"_bbp_reply_count":0,"_bbp_total_topic_count":0,"_bbp_total_reply_count":0,"_bbp_voice_count":0,"_bbp_anonymous_reply_count":0,"_bbp_topic_count_hidden":0,"_bbp_reply_count_hidden":0,"_bbp_forum_subforum_count":0,"footnotes":""},"class_list":["post-5650","page","type-page","status-publish","hentry"],"post_mailing_queue_ids":[],"_links":{"self":[{"href":"https:\/\/agora.xtec.cat\/escolasantaagnes\/wp-json\/wp\/v2\/pages\/5650","targetHints":{"allow":["GET"]}}],"collection":[{"href":"https:\/\/agora.xtec.cat\/escolasantaagnes\/wp-json\/wp\/v2\/pages"}],"about":[{"href":"https:\/\/agora.xtec.cat\/escolasantaagnes\/wp-json\/wp\/v2\/types\/page"}],"author":[{"embeddable":true,"href":"https:\/\/agora.xtec.cat\/escolasantaagnes\/wp-json\/wp\/v2\/users\/1"}],"replies":[{"embeddable":true,"href":"https:\/\/agora.xtec.cat\/escolasantaagnes\/wp-json\/wp\/v2\/comments?post=5650"}],"version-history":[{"count":2,"href":"https:\/\/agora.xtec.cat\/escolasantaagnes\/wp-json\/wp\/v2\/pages\/5650\/revisions"}],"predecessor-version":[{"id":5653,"href":"https:\/\/agora.xtec.cat\/escolasantaagnes\/wp-json\/wp\/v2\/pages\/5650\/revisions\/5653"}],"wp:attachment":[{"href":"https:\/\/agora.xtec.cat\/escolasantaagnes\/wp-json\/wp\/v2\/media?parent=5650"}],"curies":[{"name":"wp","href":"https:\/\/api.w.org\/{rel}","templated":true}]}}