{"id":5555,"date":"2025-10-10T09:38:46","date_gmt":"2025-10-10T07:38:46","guid":{"rendered":"https:\/\/agora.xtec.cat\/escolasantaagnes\/?page_id=5555"},"modified":"2026-02-09T18:53:25","modified_gmt":"2026-02-09T17:53:25","slug":"erasmus-25-26","status":"publish","type":"page","link":"https:\/\/agora.xtec.cat\/escolasantaagnes\/erasmus-25-26\/","title":{"rendered":"ERASMUS 25-26"},"content":{"rendered":"<p><b><u>Continuem al programa Erasmus+: noves oportunitats per aprendre i cr\u00e9ixer!\u00a0<\/u><\/b><\/p>\n<p>Aquest curs, la nostra escola torna a formar part del\u00a0<b>Consorci\u00a0<\/b>ALASVO (Active Leaders for Active Students Vall\u00e8s Oriental) i participem en les mobilitats\u00a0<strong>Erasmus+<\/strong>, un projecte europeu que promou l\u2019intercanvi i la cooperaci\u00f3 entre escoles de diferents pa\u00efsos. Ens fa molta il\u00b7lusi\u00f3 anunciar que durant aquest any estan\u00a0<strong>previstes quatre mobilitats de mestres<\/strong>\u00a0i\u00a0<strong>dues mobilitats d\u2019alumnes de 6\u00e8<\/strong>.<\/p>\n<p>Aquesta experi\u00e8ncia ens permet obrir les portes a Europa i continuar aprenent a trav\u00e9s del contacte amb altres realitats educatives. Els mestres que hi participen tenen l\u2019oportunitat de formar-se, con\u00e8ixer noves metodologies, visitar centres escolars d&#8217;altres pa\u00efsos i compartir bones pr\u00e0ctiques que despr\u00e9s poden aplicar a les nostres aules.<\/p>\n<p>Pel que fa als alumnes, les mobilitats suposen una experi\u00e8ncia inoblidable:\u00a0<strong>descobrir noves cultures, millorar la comunicaci\u00f3 en altres lleng\u00fces<\/strong>\u00a0i aprendre a conviure amb infants de contextos diferents. Tot plegat contribueix a desenvolupar valors com la\u00a0<strong>toler\u00e0ncia, el respecte, la curiositat i l&#8217;autonomia personal<\/strong>.<\/p>\n<p>Formar part del programa Erasmus+ ens ajuda a continuar avan\u00e7ant cap a una\u00a0<strong>educaci\u00f3 oberta, inclusiva i europea<\/strong>, que prepara els nostres alumnes per afrontar el futur amb una mirada m\u00e9s \u00e0mplia i solid\u00e0ria.<\/p>\n<p>Seguirem compartint not\u00edcies sobre les mobilitats al llarg del curs.\u00a0<strong>Som escola Erasmus+!<\/strong><\/p>\n<p>&nbsp;<\/p>\n<h5 style=\"text-align: right;\"><i>\u00a0&#8220;La Uni\u00f3 Europea no es fa responsable de la informaci\u00f3 continguda en aquesta publicaci\u00f3.&#8221;\u00a0<\/i><\/h5>\n","protected":false},"excerpt":{"rendered":"<p>Continuem al programa Erasmus+: noves oportunitats per aprendre i cr\u00e9ixer!\u00a0<br \/>\nAquest curs, la nostra escola torna a formar part del\u00a0Consorci\u00a0ALASVO (Active Leaders for Active Students Vall\u00e8s Oriental) i participem en les mobilitats\u00a0Erasmus+, un projecte europeu que promou l\u2019intercanvi i la cooperaci\u00f3 entre escoles de diferents pa\u00efsos.&hellip;  <a href=\"https:\/\/agora.xtec.cat\/escolasantaagnes\/erasmus-25-26\/\" title=\"Read ERASMUS 25-26\">Llegeix m\u00e9s\u00bb<\/a><\/p>\n","protected":false},"author":1,"featured_media":0,"parent":0,"menu_order":0,"comment_status":"closed","ping_status":"closed","template":"","meta":{"_bbp_topic_count":0,"_bbp_reply_count":0,"_bbp_total_topic_count":0,"_bbp_total_reply_count":0,"_bbp_voice_count":0,"_bbp_anonymous_reply_count":0,"_bbp_topic_count_hidden":0,"_bbp_reply_count_hidden":0,"_bbp_forum_subforum_count":0,"footnotes":""},"class_list":["post-5555","page","type-page","status-publish","hentry"],"post_mailing_queue_ids":[],"_links":{"self":[{"href":"https:\/\/agora.xtec.cat\/escolasantaagnes\/wp-json\/wp\/v2\/pages\/5555","targetHints":{"allow":["GET"]}}],"collection":[{"href":"https:\/\/agora.xtec.cat\/escolasantaagnes\/wp-json\/wp\/v2\/pages"}],"about":[{"href":"https:\/\/agora.xtec.cat\/escolasantaagnes\/wp-json\/wp\/v2\/types\/page"}],"author":[{"embeddable":true,"href":"https:\/\/agora.xtec.cat\/escolasantaagnes\/wp-json\/wp\/v2\/users\/1"}],"replies":[{"embeddable":true,"href":"https:\/\/agora.xtec.cat\/escolasantaagnes\/wp-json\/wp\/v2\/comments?post=5555"}],"version-history":[{"count":3,"href":"https:\/\/agora.xtec.cat\/escolasantaagnes\/wp-json\/wp\/v2\/pages\/5555\/revisions"}],"predecessor-version":[{"id":5891,"href":"https:\/\/agora.xtec.cat\/escolasantaagnes\/wp-json\/wp\/v2\/pages\/5555\/revisions\/5891"}],"wp:attachment":[{"href":"https:\/\/agora.xtec.cat\/escolasantaagnes\/wp-json\/wp\/v2\/media?parent=5555"}],"curies":[{"name":"wp","href":"https:\/\/api.w.org\/{rel}","templated":true}]}}