{"id":5543,"date":"2025-10-09T12:03:18","date_gmt":"2025-10-09T10:03:18","guid":{"rendered":"https:\/\/agora.xtec.cat\/escolasantaagnes\/?page_id=5543"},"modified":"2025-10-24T09:23:13","modified_gmt":"2025-10-24T07:23:13","slug":"eleccions-al-consell-escolar","status":"publish","type":"page","link":"https:\/\/agora.xtec.cat\/escolasantaagnes\/eleccions-al-consell-escolar\/","title":{"rendered":"ELECCIONS AL CONSELL ESCOLAR"},"content":{"rendered":"<p>Benvolgudes fam\u00edlies,<\/p>\n<p>Us informem que, segons el calendari establert pel Departament d\u2019Educaci\u00f3, el dia 28 d&#8217;octubre s&#8217;inicia el proc\u00e9s de renovaci\u00f3 del Consell Escolar del nostre centre.<\/p>\n<p>Aqu\u00ed us deixem el document pel qual s&#8217;estableix la <strong><a href=\"https:\/\/agora.xtec.cat\/escolasantaagnes\/wp-content\/uploads\/usu1755\/2025\/10\/convocatoria-eleccions-CE-25-26-1.pdf\" target=\"_blank\" rel=\"noopener\">convocat\u00f2ria<\/a> <\/strong>del consell escolar.<\/p>\n<p>Enguany cal renovar 3 representants del sector fam\u00edlies, i per aquest motiu, us animem a presentar la vostra candidatura si esteu interessats\/des en participar activament en la vida del centre.<\/p>\n<p><strong>\ud83d\udccc Presentaci\u00f3 de candidatures:<\/strong><\/p>\n<p>El termini per presentar candidatures comen\u00e7a el 28 d&#8217;octubre i finalitza el dia 7 de novembre de 2025.<\/p>\n<p><strong>\ud83d\uddf3\ufe0f Votacions:<\/strong><\/p>\n<p>Les votacions per a les fam\u00edlies tindran lloc el 14 de novembre de 2025, a partir de les 16:30h, al porxo de l\u2019escola.<\/p>\n<p><strong>\ud83e\uddfe Cens electoral i reclamacions:<\/strong><\/p>\n<ul>\n<li>El cens electoral estar\u00e0 exposat al tauler d&#8217;anuncis del centre el dia 28 d&#8217;octubre.<\/li>\n<li>Les possibles reclamacions es podran presentar entre el 29 i el 31 d&#8217;octubre.<\/li>\n<\/ul>\n<p><strong>\ud83d\udccb Altres dates d&#8217;inter\u00e8s:<\/strong><\/p>\n<ul>\n<li>Proclamaci\u00f3 de candidatures: 10 de novembre<\/li>\n<li>Sorteig dels membres de les meses electorals: 4 de novembre<\/li>\n<li>Constituci\u00f3 de les meses electorals: 7 de novembre<\/li>\n<li>Publicaci\u00f3 de censos definitius: 7 de novembre<\/li>\n<\/ul>\n<p><strong>A continuaci\u00f3 us deixem els documents de participaci\u00f3 a les eleccions del consell escolar:<\/strong><\/p>\n<p>El <strong><a href=\"https:\/\/agora.xtec.cat\/escolasantaagnes\/wp-content\/uploads\/usu1755\/2025\/10\/model-candidatura-families.pdf\" target=\"_blank\" rel=\"noopener\">model de presentaci\u00f3 de candidatura<\/a><\/strong> per al sector fam\u00edlies.<\/p>\n<p>El <strong><a href=\"https:\/\/agora.xtec.cat\/escolasantaagnes\/wp-content\/uploads\/usu1755\/2025\/10\/Sollicitud-supervisor.pdf\" target=\"_blank\" rel=\"noopener\">model de proposta de supervisor\/a<\/a><\/strong>, en cas que vulgueu participar en el proc\u00e9s com a membre de mesa electoral.<\/p>\n<p>Per a qualsevol dubte o aclariment, podeu adre\u00e7ar-vos a la direcci\u00f3 del centre.<\/p>\n<p><a href=\"https:\/\/agora.xtec.cat\/escolasantaagnes\/wp-content\/uploads\/usu1755\/2025\/10\/Cartell-eleccions-Consell-Escolar.pdf\" target=\"_blank\" rel=\"noopener\">Cartell eleccions Consell Escolar<\/a><\/p>\n","protected":false},"excerpt":{"rendered":"<p>Benvolgudes fam\u00edlies,<br \/>\nUs informem que, segons el calendari establert pel Departament d\u2019Educaci\u00f3, el dia 28 d&#8217;octubre s&#8217;inicia el proc\u00e9s de renovaci\u00f3 del Consell Escolar del nostre centre.<br \/>\nAqu\u00ed us deixem el document pel qual s&#8217;estableix la <a href=\"https:\/\/agora.xtec.cat\/escolasantaagnes\/wp-content\/uploads\/usu1755\/2025\/10\/convocatoria-eleccions-CE-25-26-1.pdf\" target=\"_blank\" rel=\"noopener\">convocat\u00f2ria<\/a> del consell escolar.<br \/>\nEnguany cal renovar 3 representants&hellip;  <a href=\"https:\/\/agora.xtec.cat\/escolasantaagnes\/eleccions-al-consell-escolar\/\" title=\"Read ELECCIONS AL CONSELL ESCOLAR\">Llegeix m\u00e9s\u00bb<\/a><\/p>\n","protected":false},"author":1,"featured_media":0,"parent":0,"menu_order":0,"comment_status":"closed","ping_status":"closed","template":"","meta":{"_bbp_topic_count":0,"_bbp_reply_count":0,"_bbp_total_topic_count":0,"_bbp_total_reply_count":0,"_bbp_voice_count":0,"_bbp_anonymous_reply_count":0,"_bbp_topic_count_hidden":0,"_bbp_reply_count_hidden":0,"_bbp_forum_subforum_count":0,"footnotes":""},"class_list":["post-5543","page","type-page","status-publish","hentry"],"post_mailing_queue_ids":[],"_links":{"self":[{"href":"https:\/\/agora.xtec.cat\/escolasantaagnes\/wp-json\/wp\/v2\/pages\/5543","targetHints":{"allow":["GET"]}}],"collection":[{"href":"https:\/\/agora.xtec.cat\/escolasantaagnes\/wp-json\/wp\/v2\/pages"}],"about":[{"href":"https:\/\/agora.xtec.cat\/escolasantaagnes\/wp-json\/wp\/v2\/types\/page"}],"author":[{"embeddable":true,"href":"https:\/\/agora.xtec.cat\/escolasantaagnes\/wp-json\/wp\/v2\/users\/1"}],"replies":[{"embeddable":true,"href":"https:\/\/agora.xtec.cat\/escolasantaagnes\/wp-json\/wp\/v2\/comments?post=5543"}],"version-history":[{"count":6,"href":"https:\/\/agora.xtec.cat\/escolasantaagnes\/wp-json\/wp\/v2\/pages\/5543\/revisions"}],"predecessor-version":[{"id":5614,"href":"https:\/\/agora.xtec.cat\/escolasantaagnes\/wp-json\/wp\/v2\/pages\/5543\/revisions\/5614"}],"wp:attachment":[{"href":"https:\/\/agora.xtec.cat\/escolasantaagnes\/wp-json\/wp\/v2\/media?parent=5543"}],"curies":[{"name":"wp","href":"https:\/\/api.w.org\/{rel}","templated":true}]}}