{"id":5529,"date":"2025-09-22T13:40:04","date_gmt":"2025-09-22T11:40:04","guid":{"rendered":"https:\/\/agora.xtec.cat\/escolasantaagnes\/?page_id=5529"},"modified":"2025-09-22T13:41:53","modified_gmt":"2025-09-22T11:41:53","slug":"pla-digitalitzacio-responsable-2","status":"publish","type":"page","link":"https:\/\/agora.xtec.cat\/escolasantaagnes\/pla-digitalitzacio-responsable-2\/","title":{"rendered":"PLA DIGITALITZACI\u00d3 RESPONSABLE"},"content":{"rendered":"<p>Des del Departament d\u2019Educaci\u00f3 i Formaci\u00f3 Professional s&#8217;ha posat en marxa aquest curs el <strong>Pla de digitalitzaci\u00f3 responsable<\/strong>, amb l\u2019objectiu d\u2019assegurar que l&#8217;alumnat adquireixi la compet\u00e8ncia digital i faci un\u00a0<strong>\u00fas adequat, \u00e8tic, saludable i responsable dels dispositius digitals<\/strong>, posant-los sempre al servei de l\u2019aprenentatge.<\/p>\n<p>Aquest pla interpel\u00b7la tota la comunitat educativa, i especialment les fam\u00edlies, com a agents clau en l\u2019acompanyament dels infants i joves en el seu creixement digital.<\/p>\n<p><img loading=\"lazy\" decoding=\"async\" class=\"an1\" draggable=\"false\" src=\"https:\/\/fonts.gstatic.com\/s\/e\/notoemoji\/16.0\/1f4d8\/72.png\" alt=\"\ud83d\udcd8\" width=\"14\" height=\"14\" data-emoji=\"\ud83d\udcd8\" aria-label=\"\ud83d\udcd8\" \/>\u00a0<strong>Per aquest motiu, s\u2019ha elaborat una guia adre\u00e7ada a les fam\u00edlies<\/strong>, amb orientacions, consells i eines pr\u00e0ctiques per acompanyar els fills i filles en aquest proc\u00e9s que teniu enlla\u00e7at a la icona de m\u00e9s a baix.<\/p>\n<table style=\"width: 47.4994%; border-collapse: collapse; border-color: #fafafa;\">\n<tbody>\n<tr>\n<td style=\"width: 15.1794%;\"><a href=\"https:\/\/agora.xtec.cat\/escolasantaagnes\/wp-content\/uploads\/usu1755\/2025\/09\/guia-families.pdf\" target=\"_blank\" rel=\"noopener\"><img loading=\"lazy\" decoding=\"async\" class=\"alignnone wp-image-4795\" src=\"https:\/\/agora.xtec.cat\/escolasantaagnes\/wp-content\/uploads\/usu1755\/2024\/06\/pdf.jpeg\" alt=\"\" width=\"72\" height=\"31\" \/><\/a><\/td>\n<td style=\"width: 64.204%;\">Guia fam\u00edlies<\/td>\n<\/tr>\n<tr>\n<td style=\"width: 15.1794%;\"><a href=\"https:\/\/agora.xtec.cat\/escolasantaagnes\/wp-content\/uploads\/usu1755\/2025\/09\/Pla-digitalitzacio-responsable.pdf\" target=\"_blank\" rel=\"noopener\"><img loading=\"lazy\" decoding=\"async\" class=\"alignnone wp-image-4795\" src=\"https:\/\/agora.xtec.cat\/escolasantaagnes\/wp-content\/uploads\/usu1755\/2024\/06\/pdf.jpeg\" alt=\"\" width=\"72\" height=\"31\" \/><\/a><\/td>\n<td style=\"width: 64.204%;\">Pla digitalitzaci\u00f3 responsable<\/td>\n<\/tr>\n<\/tbody>\n<\/table>\n<p>Us animem a consultar aquest material i a compartir-lo dins l&#8217;\u00e0mbit familiar per ajudar els infants a fer un \u00fas digital m\u00e9s conscient, segur i saludable.<\/p>\n","protected":false},"excerpt":{"rendered":"<p>Des del Departament d\u2019Educaci\u00f3 i Formaci\u00f3 Professional s&#8217;ha posat en marxa aquest curs el Pla de digitalitzaci\u00f3 responsable, amb l\u2019objectiu d\u2019assegurar que l&#8217;alumnat adquireixi la compet\u00e8ncia digital i faci un\u00a0\u00fas adequat, \u00e8tic, saludable i responsable dels dispositius digitals, posant-los sempre al servei de l\u2019aprenentatge.<br \/>\nAquest pla&hellip;  <a href=\"https:\/\/agora.xtec.cat\/escolasantaagnes\/pla-digitalitzacio-responsable-2\/\" title=\"Read PLA DIGITALITZACI\u00d3 RESPONSABLE\">Llegeix m\u00e9s\u00bb<\/a><\/p>\n","protected":false},"author":1,"featured_media":0,"parent":0,"menu_order":0,"comment_status":"closed","ping_status":"closed","template":"","meta":{"_bbp_topic_count":0,"_bbp_reply_count":0,"_bbp_total_topic_count":0,"_bbp_total_reply_count":0,"_bbp_voice_count":0,"_bbp_anonymous_reply_count":0,"_bbp_topic_count_hidden":0,"_bbp_reply_count_hidden":0,"_bbp_forum_subforum_count":0,"footnotes":""},"class_list":["post-5529","page","type-page","status-publish","hentry"],"post_mailing_queue_ids":[],"_links":{"self":[{"href":"https:\/\/agora.xtec.cat\/escolasantaagnes\/wp-json\/wp\/v2\/pages\/5529","targetHints":{"allow":["GET"]}}],"collection":[{"href":"https:\/\/agora.xtec.cat\/escolasantaagnes\/wp-json\/wp\/v2\/pages"}],"about":[{"href":"https:\/\/agora.xtec.cat\/escolasantaagnes\/wp-json\/wp\/v2\/types\/page"}],"author":[{"embeddable":true,"href":"https:\/\/agora.xtec.cat\/escolasantaagnes\/wp-json\/wp\/v2\/users\/1"}],"replies":[{"embeddable":true,"href":"https:\/\/agora.xtec.cat\/escolasantaagnes\/wp-json\/wp\/v2\/comments?post=5529"}],"version-history":[{"count":6,"href":"https:\/\/agora.xtec.cat\/escolasantaagnes\/wp-json\/wp\/v2\/pages\/5529\/revisions"}],"predecessor-version":[{"id":5539,"href":"https:\/\/agora.xtec.cat\/escolasantaagnes\/wp-json\/wp\/v2\/pages\/5529\/revisions\/5539"}],"wp:attachment":[{"href":"https:\/\/agora.xtec.cat\/escolasantaagnes\/wp-json\/wp\/v2\/media?parent=5529"}],"curies":[{"name":"wp","href":"https:\/\/api.w.org\/{rel}","templated":true}]}}