{"id":5300,"date":"2025-02-28T12:22:57","date_gmt":"2025-02-28T11:22:57","guid":{"rendered":"https:\/\/agora.xtec.cat\/escolasantaagnes\/?page_id=5300"},"modified":"2025-02-28T12:22:57","modified_gmt":"2025-02-28T11:22:57","slug":"angles","status":"publish","type":"page","link":"https:\/\/agora.xtec.cat\/escolasantaagnes\/angles\/","title":{"rendered":"ANGL\u00c8S"},"content":{"rendered":"<p><strong>1. En qu\u00e8 consisteix?<\/strong><\/p>\n<p>A l&#8217;etapa d&#8217;Educaci\u00f3 Infantil, les sessions d&#8217;angl\u00e8s estan dissenyades per ser una primera aproximaci\u00f3 a la llengua oral d&#8217;una manera l\u00fadica i natural. L&#8217;objectiu \u00e9s que els infants es familiaritzin amb l&#8217;idioma a trav\u00e9s d&#8217;activitats motivadores i significatives que fomentin l&#8217;aprenentatge vivencial.<\/p>\n<p>Cada sessi\u00f3 segueix una estructura fixa que aporta seguretat als infants:<\/p>\n<ul>\n<li><strong>Rotllana d&#8217;inici:<\/strong>\u00a0Es fan les rutines di\u00e0ries en angl\u00e8s, com saludar, parlar del temps o comptar.<\/li>\n<li><strong>Titella i fil conductor:<\/strong>\u00a0Un titella apareix d\u2019una capsa amb un problema o proposta, i a partir d\u2019aqu\u00ed es desenvolupen les activitats de la sessi\u00f3.<\/li>\n<li><strong>Activitats l\u00fadiques:<\/strong>\u00a0Can\u00e7ons, jocs de moviment, petites representacions, danses i treballs manuals per treballar el vocabulari i estructures simples de la llengua.<\/li>\n<li><strong>Tancament de la sessi\u00f3:<\/strong>\u00a0Es finalitza amb una can\u00e7\u00f3 que marca el final de l&#8217;activitat.<\/li>\n<\/ul>\n<p><strong>Objectius:<\/strong><\/p>\n<ul>\n<li>Fomentar una primera aproximaci\u00f3 positiva a la llengua anglesa.<\/li>\n<li>Afavorir la comprensi\u00f3 i reproducci\u00f3 de paraules i estructures senzilles.<\/li>\n<li>Estimular la comunicaci\u00f3 oral en angl\u00e8s sense por a l&#8217;error.<\/li>\n<li>Crear moments de diversi\u00f3 i expressi\u00f3 lliure per enfortir la motivaci\u00f3 per la llengua.<\/li>\n<\/ul>\n<p>D&#8217;aquesta manera, les sessions d&#8217;angl\u00e8s esdevenen un espai de descoberta i aprenentatge, on els infants s\u2019endinsen en un nou codi ling\u00fc\u00edstic de forma natural i engrescadora.<\/p>\n","protected":false},"excerpt":{"rendered":"<p>1. En qu\u00e8 consisteix?<br \/>\nA l&#8217;etapa d&#8217;Educaci\u00f3 Infantil, les sessions d&#8217;angl\u00e8s estan dissenyades per ser una primera aproximaci\u00f3 a la llengua oral d&#8217;una manera l\u00fadica i natural. L&#8217;objectiu \u00e9s que els infants es familiaritzin amb l&#8217;idioma a trav\u00e9s d&#8217;activitats motivadores i significatives que fomentin l&#8217;aprenentatge vivencial.<br \/>\nCada&hellip;  <a href=\"https:\/\/agora.xtec.cat\/escolasantaagnes\/angles\/\" title=\"Read ANGL\u00c8S\">Llegeix m\u00e9s\u00bb<\/a><\/p>\n","protected":false},"author":1,"featured_media":0,"parent":0,"menu_order":0,"comment_status":"closed","ping_status":"closed","template":"","meta":{"_bbp_topic_count":0,"_bbp_reply_count":0,"_bbp_total_topic_count":0,"_bbp_total_reply_count":0,"_bbp_voice_count":0,"_bbp_anonymous_reply_count":0,"_bbp_topic_count_hidden":0,"_bbp_reply_count_hidden":0,"_bbp_forum_subforum_count":0,"footnotes":""},"class_list":["post-5300","page","type-page","status-publish","hentry"],"post_mailing_queue_ids":[],"_links":{"self":[{"href":"https:\/\/agora.xtec.cat\/escolasantaagnes\/wp-json\/wp\/v2\/pages\/5300","targetHints":{"allow":["GET"]}}],"collection":[{"href":"https:\/\/agora.xtec.cat\/escolasantaagnes\/wp-json\/wp\/v2\/pages"}],"about":[{"href":"https:\/\/agora.xtec.cat\/escolasantaagnes\/wp-json\/wp\/v2\/types\/page"}],"author":[{"embeddable":true,"href":"https:\/\/agora.xtec.cat\/escolasantaagnes\/wp-json\/wp\/v2\/users\/1"}],"replies":[{"embeddable":true,"href":"https:\/\/agora.xtec.cat\/escolasantaagnes\/wp-json\/wp\/v2\/comments?post=5300"}],"version-history":[{"count":1,"href":"https:\/\/agora.xtec.cat\/escolasantaagnes\/wp-json\/wp\/v2\/pages\/5300\/revisions"}],"predecessor-version":[{"id":5301,"href":"https:\/\/agora.xtec.cat\/escolasantaagnes\/wp-json\/wp\/v2\/pages\/5300\/revisions\/5301"}],"wp:attachment":[{"href":"https:\/\/agora.xtec.cat\/escolasantaagnes\/wp-json\/wp\/v2\/media?parent=5300"}],"curies":[{"name":"wp","href":"https:\/\/api.w.org\/{rel}","templated":true}]}}