{"id":5295,"date":"2025-02-27T20:16:14","date_gmt":"2025-02-27T19:16:14","guid":{"rendered":"https:\/\/agora.xtec.cat\/escolasantaagnes\/?page_id=5295"},"modified":"2025-09-17T10:49:42","modified_gmt":"2025-09-17T08:49:42","slug":"matematiques-2","status":"publish","type":"page","link":"https:\/\/agora.xtec.cat\/escolasantaagnes\/matematiques-2\/","title":{"rendered":"MATEM\u00c0TIQUES"},"content":{"rendered":"<p><b>1. En qu\u00e8 consisteix:<\/b><\/p>\n<p>A la nostra escola, les matem\u00e0tiques a l&#8217;Educaci\u00f3 Infantil es treballen de manera manipulativa i vivencial, utilitzant la proposta educativa d&#8217;Innovamat. Aquest enfocament promou la comprensi\u00f3 profunda dels conceptes matem\u00e0tics a trav\u00e9s de l&#8217;experimentaci\u00f3, la manipulaci\u00f3 i el di\u00e0leg a l&#8217;aula.<\/p>\n<p><strong>Metodologia i organitzaci\u00f3:<\/strong><\/p>\n<ul>\n<li><strong>Tallers:<\/strong>\u00a0Sessions setmanals en gran grup on el docent guia els infants en la resoluci\u00f3 de reptes matem\u00e0tics, fomentant el di\u00e0leg i la construcci\u00f3 col\u00b7lectiva del coneixement.<\/li>\n<li><strong>Espais\/Racons:<\/strong>\u00a0Treball en petits grups amb propostes sistem\u00e0tiques i\/o interdisciplin\u00e0ries que integren les matem\u00e0tiques en contextos com l&#8217;art, la construcci\u00f3 i el joc simb\u00f2lic, promovent l&#8217;autonomia i la creativitat dels infants.<\/li>\n<\/ul>\n<p><strong>2. Objectius:<\/strong><\/p>\n<ul>\n<li>Fomentar la comprensi\u00f3 profunda dels conceptes matem\u00e0tics a trav\u00e9s de l&#8217;experimentaci\u00f3 i la manipulaci\u00f3.<\/li>\n<li>Desenvolupar habilitats de raonament l\u00f2gic i resoluci\u00f3 de problemes en contextos quotidians.<\/li>\n<li>Promoure l&#8217;autonomia i la creativitat en l&#8217;aprenentatge de les matem\u00e0tiques.<\/li>\n<li>Afavorir la comunicaci\u00f3 i el di\u00e0leg matem\u00e0tic entre els infants.<\/li>\n<\/ul>\n<p>Aquest enfocament integrador i personalitzat busca que els infants visquin les matem\u00e0tiques com una eina per entendre i interactuar amb el m\u00f3n que els envolta, establint una base s\u00f2lida per al seu desenvolupament acad\u00e8mic futur.<\/p>\n","protected":false},"excerpt":{"rendered":"<p>1. En qu\u00e8 consisteix:<br \/>\nA la nostra escola, les matem\u00e0tiques a l&#8217;Educaci\u00f3 Infantil es treballen de manera manipulativa i vivencial, utilitzant la proposta educativa d&#8217;Innovamat. Aquest enfocament promou la comprensi\u00f3 profunda dels conceptes matem\u00e0tics a trav\u00e9s de l&#8217;experimentaci\u00f3, la manipulaci\u00f3 i el di\u00e0leg a l&#8217;aula.<br \/>\nMetodologia i&hellip;  <a href=\"https:\/\/agora.xtec.cat\/escolasantaagnes\/matematiques-2\/\" title=\"Read MATEM\u00c0TIQUES\">Llegeix m\u00e9s\u00bb<\/a><\/p>\n","protected":false},"author":1,"featured_media":0,"parent":0,"menu_order":0,"comment_status":"closed","ping_status":"closed","template":"","meta":{"_bbp_topic_count":0,"_bbp_reply_count":0,"_bbp_total_topic_count":0,"_bbp_total_reply_count":0,"_bbp_voice_count":0,"_bbp_anonymous_reply_count":0,"_bbp_topic_count_hidden":0,"_bbp_reply_count_hidden":0,"_bbp_forum_subforum_count":0,"footnotes":""},"class_list":["post-5295","page","type-page","status-publish","hentry"],"post_mailing_queue_ids":[],"_links":{"self":[{"href":"https:\/\/agora.xtec.cat\/escolasantaagnes\/wp-json\/wp\/v2\/pages\/5295","targetHints":{"allow":["GET"]}}],"collection":[{"href":"https:\/\/agora.xtec.cat\/escolasantaagnes\/wp-json\/wp\/v2\/pages"}],"about":[{"href":"https:\/\/agora.xtec.cat\/escolasantaagnes\/wp-json\/wp\/v2\/types\/page"}],"author":[{"embeddable":true,"href":"https:\/\/agora.xtec.cat\/escolasantaagnes\/wp-json\/wp\/v2\/users\/1"}],"replies":[{"embeddable":true,"href":"https:\/\/agora.xtec.cat\/escolasantaagnes\/wp-json\/wp\/v2\/comments?post=5295"}],"version-history":[{"count":2,"href":"https:\/\/agora.xtec.cat\/escolasantaagnes\/wp-json\/wp\/v2\/pages\/5295\/revisions"}],"predecessor-version":[{"id":5526,"href":"https:\/\/agora.xtec.cat\/escolasantaagnes\/wp-json\/wp\/v2\/pages\/5295\/revisions\/5526"}],"wp:attachment":[{"href":"https:\/\/agora.xtec.cat\/escolasantaagnes\/wp-json\/wp\/v2\/media?parent=5295"}],"curies":[{"name":"wp","href":"https:\/\/api.w.org\/{rel}","templated":true}]}}