{"id":5281,"date":"2025-02-20T20:22:44","date_gmt":"2025-02-20T19:22:44","guid":{"rendered":"https:\/\/agora.xtec.cat\/escolasantaagnes\/?page_id=5281"},"modified":"2025-02-20T20:22:44","modified_gmt":"2025-02-20T19:22:44","slug":"ods","status":"publish","type":"page","link":"https:\/\/agora.xtec.cat\/escolasantaagnes\/ods\/","title":{"rendered":"ODS"},"content":{"rendered":"<h3><strong>Projecte Interdisciplinari: els ODS<\/strong><\/h3>\n<h4><strong>1. En qu\u00e8 consisteix?<\/strong><\/h4>\n<p>Tota l&#8217;escola es dedica durant una setmana a treballar un projecte com\u00fa basat en un dels\u00a0<strong>Objectius de Desenvolupament Sostenible (ODS)<\/strong>. Aquest any, el projecte se centra en l\u2019<strong>ODS 2: Fam Zero<\/strong>, des de perspectives diferents d&#8217;acord amb els objectius de just\u00edcia global. L&#8217;alumnat de tots els cursos col\u00b7labora en aquest repte, treballant en equip en un ambient de\u00a0<strong>cooperaci\u00f3 intercicle<\/strong>, amb alumnes barrejats de diferents edats dins el mateix cicle per fomentar l&#8217;intercanvi de coneixements i habilitats.<\/p>\n<p>Durant aquesta setmana intensiva, el projecte es converteix en l&#8217;eix central de l&#8217;activitat educativa, amb un treball\u00a0<strong>interdisciplinari<\/strong>\u00a0on poden integrar-se diverses \u00e0rees com ci\u00e8ncies, llengua, matem\u00e0tiques, educaci\u00f3 art\u00edstica i altres. A partir d\u2019una\u00a0<strong>pregunta inicial o repte<\/strong>\u00a0que planteja una q\u00fcesti\u00f3 rellevant, els\/les alumnes exploren, investiguen i proposen solucions concretes per millorar el m\u00f3n que ens envolta.<\/p>\n<h4><strong>2. Objectius:<\/strong><\/h4>\n<p>&nbsp;<\/p>\n<ul>\n<li><strong>Fomentar la reflexi\u00f3 sobre els ODS:<\/strong>\u00a0Els\/les alumnes investiguen i reflexionen sobre com els\u00a0<strong>Objectius de Desenvolupament Sostenible (ODS)<\/strong>\u00a0poden influir en la seva vida quotidiana i quines accions poden prendre per aconseguir un m\u00f3n m\u00e9s just i sostenible.<\/li>\n<li><strong>Promoure la just\u00edcia social i global:<\/strong>\u00a0El projecte t\u00e9 com a objectiu sensibilitzar els\/les alumnes sobre les desigualtats que existeixen a nivell global i local,\u00a0<strong>fomentant un enfocament de just\u00edcia social<\/strong>\u00a0en les seves accions i decisions.<\/li>\n<li><strong>Fomentar la cooperaci\u00f3 entre alumnes de diferents edats:<\/strong>\u00a0Mitjan\u00e7ant el treball en grups intercicles, es refor\u00e7a la\u00a0<strong>solidaritat, la cooperaci\u00f3 i la comunicaci\u00f3<\/strong>.<\/li>\n<li><strong>Impulsar l&#8217;aplicaci\u00f3 dels ODS a la vida quotidiana:<\/strong>\u00a0Els\/les alumnes proposen\u00a0<strong>accions concretes<\/strong>\u00a0per contribuir al desenvolupament sostenible a nivell pr\u00f2xim i local.<\/li>\n<\/ul>\n<p><strong>Valors que es promouen:<\/strong><\/p>\n<ul>\n<li><strong>Treball en equip i cooperaci\u00f3:<\/strong>\u00a0Els\/les alumnes aprenen a\u00a0<strong>col\u00b7laborar<\/strong>\u00a0entre ells, compartint idees i resolent junts els reptes que se&#8217;ls plantegen.<\/li>\n<li><strong>Respecte per l&#8217;entorn:<\/strong>\u00a0Es fomenta la\u00a0<strong>consci\u00e8ncia ambiental<\/strong>, animant els\/les alumnes a reflexionar sobre les conseq\u00fc\u00e8ncies de les seves accions per al medi ambient.<\/li>\n<li><strong>Inclusi\u00f3 i just\u00edcia social:<\/strong>\u00a0El projecte promou un llenguatge respectu\u00f3s i inclusiu, on tots els\/les alumnes poden expressar-se lliurement i contribuir a la construcci\u00f3 d\u2019un m\u00f3n m\u00e9s\u00a0<strong>equitatiu i just<\/strong>.<\/li>\n<li><strong>Responsabilitat social:<\/strong>\u00a0Els\/les alumnes es converteixen en\u00a0<strong>agents de canvi<\/strong>\u00a0al seu entorn, desenvolupant propostes que poden millorar la comunitat i el planeta.<\/li>\n<\/ul>\n<p>En aquest projecte, tots els\/les alumnes s\u00f3n protagonistes del seu aprenentatge, i cada petit gest compta per aconseguir un\u00a0<strong>futur m\u00e9s sostenible<\/strong>.\u00a0<strong>Junts, podem fer la difer\u00e8ncia!<\/strong><\/p>\n","protected":false},"excerpt":{"rendered":"<p>Projecte Interdisciplinari: els ODS<br \/>\n1. En qu\u00e8 consisteix?<br \/>\nTota l&#8217;escola es dedica durant una setmana a treballar un projecte com\u00fa basat en un dels\u00a0Objectius de Desenvolupament Sostenible (ODS). Aquest any, el projecte se centra en l\u2019ODS 2: Fam Zero, des de perspectives diferents d&#8217;acord amb els objectius&hellip;  <a href=\"https:\/\/agora.xtec.cat\/escolasantaagnes\/ods\/\" title=\"Read ODS\">Llegeix m\u00e9s\u00bb<\/a><\/p>\n","protected":false},"author":1,"featured_media":0,"parent":0,"menu_order":0,"comment_status":"closed","ping_status":"closed","template":"","meta":{"_bbp_topic_count":0,"_bbp_reply_count":0,"_bbp_total_topic_count":0,"_bbp_total_reply_count":0,"_bbp_voice_count":0,"_bbp_anonymous_reply_count":0,"_bbp_topic_count_hidden":0,"_bbp_reply_count_hidden":0,"_bbp_forum_subforum_count":0,"footnotes":""},"class_list":["post-5281","page","type-page","status-publish","hentry"],"post_mailing_queue_ids":[],"_links":{"self":[{"href":"https:\/\/agora.xtec.cat\/escolasantaagnes\/wp-json\/wp\/v2\/pages\/5281","targetHints":{"allow":["GET"]}}],"collection":[{"href":"https:\/\/agora.xtec.cat\/escolasantaagnes\/wp-json\/wp\/v2\/pages"}],"about":[{"href":"https:\/\/agora.xtec.cat\/escolasantaagnes\/wp-json\/wp\/v2\/types\/page"}],"author":[{"embeddable":true,"href":"https:\/\/agora.xtec.cat\/escolasantaagnes\/wp-json\/wp\/v2\/users\/1"}],"replies":[{"embeddable":true,"href":"https:\/\/agora.xtec.cat\/escolasantaagnes\/wp-json\/wp\/v2\/comments?post=5281"}],"version-history":[{"count":1,"href":"https:\/\/agora.xtec.cat\/escolasantaagnes\/wp-json\/wp\/v2\/pages\/5281\/revisions"}],"predecessor-version":[{"id":5282,"href":"https:\/\/agora.xtec.cat\/escolasantaagnes\/wp-json\/wp\/v2\/pages\/5281\/revisions\/5282"}],"wp:attachment":[{"href":"https:\/\/agora.xtec.cat\/escolasantaagnes\/wp-json\/wp\/v2\/media?parent=5281"}],"curies":[{"name":"wp","href":"https:\/\/api.w.org\/{rel}","templated":true}]}}