{"id":5252,"date":"2025-02-19T15:52:56","date_gmt":"2025-02-19T14:52:56","guid":{"rendered":"https:\/\/agora.xtec.cat\/escolasantaagnes\/?page_id=5252"},"modified":"2025-02-20T20:20:39","modified_gmt":"2025-02-20T19:20:39","slug":"tallers","status":"publish","type":"page","link":"https:\/\/agora.xtec.cat\/escolasantaagnes\/tallers\/","title":{"rendered":"TALLERS"},"content":{"rendered":"<h4><strong>1. En qu\u00e8 consisteixen<\/strong><\/h4>\n<p>Els\u00a0<strong>tallers d&#8217;experimentaci\u00f3<\/strong>\u00a0a l&#8217;escola s\u00f3n una metodologia d\u2019organitzaci\u00f3 del treball diferent a l&#8217;habitual, on els alumnes d\u2019infantil es distribueixen en tres grups (com a m\u00ednim). Aquesta din\u00e0mica permet que cada mestre gui\u00ef un grup de nens i nenes d&#8217;edats diferents per realitzar activitats relacionades amb la\u00a0<strong>iniciaci\u00f3 a l\u2019activitat cient\u00edfica<\/strong>. Els tallers tenen lloc una vegada a la setmana, des del mes d\u2019octubre fins al maig aproximadament, i les tem\u00e0tiques a treballar poden varien anualment (so, llum, aigua, imants, mesures&#8230;). Aquests tallers s\u00f3n organitzats en funci\u00f3 del desenvolupament de les capacitats dels infants en diferents \u00e0rees de coneixement, amb especial \u00e8mfasi en l\u2019<strong>experimentaci\u00f3 i l&#8217;observaci\u00f3<\/strong>. Els infants de diferents nivells d\u2019infantil (I3, I4, I5) treballen conjuntament en\u00a0<strong>grups internivell<\/strong>\u00a0per fomentar la cooperaci\u00f3 i l\u2019aprenentatge compartit.<\/p>\n<h4><strong>2. Objectius:<\/strong><\/h4>\n<ul>\n<li><strong>Iniciar els alumnes en el treball d\u2019investigaci\u00f3<\/strong>, estimulant la seva curiositat cient\u00edfica des de les primeres etapes.<\/li>\n<li><strong>Fomentar el pensament cr\u00edtic<\/strong>\u00a0i l\u2019<strong>esperit cient\u00edfic<\/strong>\u00a0mitjan\u00e7ant l&#8217;experimentaci\u00f3 i la resoluci\u00f3 de problemes.<\/li>\n<li>Estimular la\u00a0<strong>creativitat<\/strong>\u00a0i la\u00a0<strong>curiositat<\/strong>\u00a0dels infants a trav\u00e9s d\u2019activitats d\u2019experimentaci\u00f3 activa.<\/li>\n<li>Desenvolupar habilitats de\u00a0<strong>raonament<\/strong>,\u00a0<strong>observaci\u00f3<\/strong>\u00a0i\u00a0<strong>exploraci\u00f3<\/strong>\u00a0en diverses \u00e0rees de coneixement.<\/li>\n<li>Promoure el\u00a0<strong>treball en grup<\/strong>\u00a0i la\u00a0<strong>cooperaci\u00f3<\/strong>\u00a0entre els alumnes de diferents nivells, afavorint la interacci\u00f3 i el respecte entre iguals.<\/li>\n<li>Introduir els infants a la\u00a0<strong>metodologia cient\u00edfica<\/strong>, facilitant-los l\u2019aprenentatge d\u2019h\u00e0bits d\u2019investigaci\u00f3 i observaci\u00f3.<\/li>\n<\/ul>\n","protected":false},"excerpt":{"rendered":"<p>1. En qu\u00e8 consisteixen<br \/>\nEls\u00a0tallers d&#8217;experimentaci\u00f3\u00a0a l&#8217;escola s\u00f3n una metodologia d\u2019organitzaci\u00f3 del treball diferent a l&#8217;habitual, on els alumnes d\u2019infantil es distribueixen en tres grups (com a m\u00ednim). Aquesta din\u00e0mica permet que cada mestre gui\u00ef un grup de nens i nenes d&#8217;edats diferents per realitzar activitats&hellip;  <a href=\"https:\/\/agora.xtec.cat\/escolasantaagnes\/tallers\/\" title=\"Read TALLERS\">Llegeix m\u00e9s\u00bb<\/a><\/p>\n","protected":false},"author":1,"featured_media":0,"parent":0,"menu_order":0,"comment_status":"closed","ping_status":"closed","template":"","meta":{"_bbp_topic_count":0,"_bbp_reply_count":0,"_bbp_total_topic_count":0,"_bbp_total_reply_count":0,"_bbp_voice_count":0,"_bbp_anonymous_reply_count":0,"_bbp_topic_count_hidden":0,"_bbp_reply_count_hidden":0,"_bbp_forum_subforum_count":0,"footnotes":""},"class_list":["post-5252","page","type-page","status-publish","hentry"],"post_mailing_queue_ids":[],"_links":{"self":[{"href":"https:\/\/agora.xtec.cat\/escolasantaagnes\/wp-json\/wp\/v2\/pages\/5252","targetHints":{"allow":["GET"]}}],"collection":[{"href":"https:\/\/agora.xtec.cat\/escolasantaagnes\/wp-json\/wp\/v2\/pages"}],"about":[{"href":"https:\/\/agora.xtec.cat\/escolasantaagnes\/wp-json\/wp\/v2\/types\/page"}],"author":[{"embeddable":true,"href":"https:\/\/agora.xtec.cat\/escolasantaagnes\/wp-json\/wp\/v2\/users\/1"}],"replies":[{"embeddable":true,"href":"https:\/\/agora.xtec.cat\/escolasantaagnes\/wp-json\/wp\/v2\/comments?post=5252"}],"version-history":[{"count":4,"href":"https:\/\/agora.xtec.cat\/escolasantaagnes\/wp-json\/wp\/v2\/pages\/5252\/revisions"}],"predecessor-version":[{"id":5279,"href":"https:\/\/agora.xtec.cat\/escolasantaagnes\/wp-json\/wp\/v2\/pages\/5252\/revisions\/5279"}],"wp:attachment":[{"href":"https:\/\/agora.xtec.cat\/escolasantaagnes\/wp-json\/wp\/v2\/media?parent=5252"}],"curies":[{"name":"wp","href":"https:\/\/api.w.org\/{rel}","templated":true}]}}