{"id":5250,"date":"2025-02-19T15:50:27","date_gmt":"2025-02-19T14:50:27","guid":{"rendered":"https:\/\/agora.xtec.cat\/escolasantaagnes\/?page_id=5250"},"modified":"2025-02-20T20:20:59","modified_gmt":"2025-02-20T19:20:59","slug":"psicomotricitat","status":"publish","type":"page","link":"https:\/\/agora.xtec.cat\/escolasantaagnes\/psicomotricitat\/","title":{"rendered":"PSICOMOTRICITAT"},"content":{"rendered":"<h4><strong>1. En qu\u00e8 consisteix la psicomotricitat?<\/strong><\/h4>\n<p>La psicomotricitat \u00e9s una activitat fonamentada en el desenvolupament del sistema nervi\u00f3s central, que crea la consci\u00e8ncia de l\u2019individu sobre els moviments que realitza. Mitjan\u00e7ant la psicomotricitat, els infants aprenen a controlar i percebre els seus moviments a trav\u00e9s de patrons motors com la velocitat, l\u2019espai i el temps. Les sessions de psicomotricitat impliquen un conjunt d&#8217;interaccions cognitives, emocionals, simb\u00f2liques i sensoriomotrius, que afavoreixen l&#8217;expressi\u00f3 personal de cada infant en un context f\u00edsic i emocional segur.<\/p>\n<p>Les sessions es realitzen en grups redu\u00efts de m\u00e0xim 10 alumnes per garantir una atenci\u00f3 m\u00e9s personalitzada. En grups m\u00e9s nombrosos, es divideixen per alternar les sessions de psicomotricitat amb altres activitats, com el treball de consci\u00e8ncia fonol\u00f2gica. Els alumnes han de portar roba i cal\u00e7at c\u00f2mode, aix\u00ed com mitjons antilliscants que utilitzaran a la sala de psicomotricitat.<\/p>\n<h4><strong>2. Objectius:<\/strong><\/h4>\n<ul>\n<li>Fomentar el\u00a0<strong>coneixement de l&#8217;esquema corporal<\/strong>\u00a0i la percepci\u00f3 de l\u2019espai mitjan\u00e7ant moviments i exercicis.<\/li>\n<li>Estimular el\u00a0<strong>desenvolupament de les habilitats motrius gruixudes<\/strong>, com saltar, c\u00f3rrer, rodar o llan\u00e7ar, per millorar el control del propi cos.<\/li>\n<li><strong>Integrar els reflexos primitius<\/strong>, facilitant l\u2019equilibri i la coordinaci\u00f3 del cos.<\/li>\n<li>Potenciar la\u00a0<strong>connexi\u00f3 hemisf\u00e8rica<\/strong>, millorant la integraci\u00f3 de les funcions cerebrals i el control motor.<\/li>\n<li>Afavorir l\u2019<strong>expressi\u00f3 emocional<\/strong>\u00a0i la\u00a0<strong>socialitzaci\u00f3<\/strong>, creant un espai segur per compartir i interactuar amb els altres.<\/li>\n<li>Contribuir al\u00a0<strong>desenvolupament de la concentraci\u00f3<\/strong>\u00a0i la\u00a0<strong>coordinaci\u00f3 motora<\/strong>\u00a0a trav\u00e9s d\u2019activitats que impliquen accions f\u00edsiques i mentals.<\/li>\n<\/ul>\n","protected":false},"excerpt":{"rendered":"<p>1. En qu\u00e8 consisteix la psicomotricitat?<br \/>\nLa psicomotricitat \u00e9s una activitat fonamentada en el desenvolupament del sistema nervi\u00f3s central, que crea la consci\u00e8ncia de l\u2019individu sobre els moviments que realitza. Mitjan\u00e7ant la psicomotricitat, els infants aprenen a controlar i percebre els seus moviments a trav\u00e9s de&hellip;  <a href=\"https:\/\/agora.xtec.cat\/escolasantaagnes\/psicomotricitat\/\" title=\"Read PSICOMOTRICITAT\">Llegeix m\u00e9s\u00bb<\/a><\/p>\n","protected":false},"author":1,"featured_media":0,"parent":0,"menu_order":0,"comment_status":"closed","ping_status":"closed","template":"","meta":{"_bbp_topic_count":0,"_bbp_reply_count":0,"_bbp_total_topic_count":0,"_bbp_total_reply_count":0,"_bbp_voice_count":0,"_bbp_anonymous_reply_count":0,"_bbp_topic_count_hidden":0,"_bbp_reply_count_hidden":0,"_bbp_forum_subforum_count":0,"footnotes":""},"class_list":["post-5250","page","type-page","status-publish","hentry"],"post_mailing_queue_ids":[],"_links":{"self":[{"href":"https:\/\/agora.xtec.cat\/escolasantaagnes\/wp-json\/wp\/v2\/pages\/5250","targetHints":{"allow":["GET"]}}],"collection":[{"href":"https:\/\/agora.xtec.cat\/escolasantaagnes\/wp-json\/wp\/v2\/pages"}],"about":[{"href":"https:\/\/agora.xtec.cat\/escolasantaagnes\/wp-json\/wp\/v2\/types\/page"}],"author":[{"embeddable":true,"href":"https:\/\/agora.xtec.cat\/escolasantaagnes\/wp-json\/wp\/v2\/users\/1"}],"replies":[{"embeddable":true,"href":"https:\/\/agora.xtec.cat\/escolasantaagnes\/wp-json\/wp\/v2\/comments?post=5250"}],"version-history":[{"count":4,"href":"https:\/\/agora.xtec.cat\/escolasantaagnes\/wp-json\/wp\/v2\/pages\/5250\/revisions"}],"predecessor-version":[{"id":5280,"href":"https:\/\/agora.xtec.cat\/escolasantaagnes\/wp-json\/wp\/v2\/pages\/5250\/revisions\/5280"}],"wp:attachment":[{"href":"https:\/\/agora.xtec.cat\/escolasantaagnes\/wp-json\/wp\/v2\/media?parent=5250"}],"curies":[{"name":"wp","href":"https:\/\/api.w.org\/{rel}","templated":true}]}}