{"id":5248,"date":"2025-02-19T15:49:39","date_gmt":"2025-02-19T14:49:39","guid":{"rendered":"https:\/\/agora.xtec.cat\/escolasantaagnes\/?page_id=5248"},"modified":"2025-02-20T20:18:59","modified_gmt":"2025-02-20T19:18:59","slug":"projectes-2","status":"publish","type":"page","link":"https:\/\/agora.xtec.cat\/escolasantaagnes\/projectes-2\/","title":{"rendered":"PROJECTES"},"content":{"rendered":"<h4><strong>1. En qu\u00e8 consisteix el treball per projectes?<\/strong><\/h4>\n<p>El treball per projectes \u00e9s una metodologia que organitza els continguts educatius a partir d\u2019una tem\u00e0tica establerta pel mestre. Es basa en una perspectiva\u00a0<strong>globalitzadora<\/strong>, creant situacions en les quals l\u2019alumnat parteix dels seus\u00a0<strong>coneixements previs<\/strong>\u00a0i se&#8217;l guia per aprofundir en un tema d&#8217;inter\u00e8s mitjan\u00e7ant\u00a0<strong>l\u2019exploraci\u00f3 i la descoberta<\/strong>. Aquesta metodologia fomenta la recerca d\u2019informaci\u00f3 mitjan\u00e7ant diverses fonts, la selecci\u00f3 i interpretaci\u00f3 d&#8217;aquesta i la seva connexi\u00f3 amb all\u00f2 que ja coneixen.<\/p>\n<p>Cada projecte constitueix una\u00a0<strong>unitat de programaci\u00f3<\/strong>, i es desenvolupa seguint unes pautes estructurades. A infantil, es realitzen diversos projectes al llarg del curs, que inclouen tem\u00e0tiques relacionades amb el seu entorn, el m\u00f3n natural, els oficis i l\u2019art.<\/p>\n<h4><strong>2. Objectius<\/strong><\/h4>\n<ul>\n<li><strong>Fomentar la curiositat i l&#8217;esperit de descoberta<\/strong>\u00a0dels infants.<\/li>\n<li><strong>Afavorir l\u2019aprenentatge significatiu<\/strong>, relacionant nous coneixements amb experi\u00e8ncies pr\u00e8vies.<\/li>\n<li><strong>Treballar de manera interdisciplin\u00e0ria<\/strong>, integrant diferents \u00e0rees curriculars dins del projecte.<\/li>\n<li><strong>Desenvolupar habilitats de recerca i interpretaci\u00f3 de la informaci\u00f3<\/strong>, utilitzant fonts variades.<\/li>\n<li><strong>Potenciar el treball cooperatiu<\/strong>, fomentant la col\u00b7laboraci\u00f3 i l\u2019intercanvi d\u2019idees entre els alumnes.<\/li>\n<li><strong>Estimular la creativitat i l&#8217;expressi\u00f3 art\u00edstica<\/strong>, especialment a trav\u00e9s dels projectes d\u2019art.<\/li>\n<li><strong>Apropar els infants al seu entorn immediat<\/strong>, coneixent elements propers com la fam\u00edlia, els animals, els oficis i el carrer.<\/li>\n<\/ul>\n","protected":false},"excerpt":{"rendered":"<p>1. En qu\u00e8 consisteix el treball per projectes?<br \/>\nEl treball per projectes \u00e9s una metodologia que organitza els continguts educatius a partir d\u2019una tem\u00e0tica establerta pel mestre. Es basa en una perspectiva\u00a0globalitzadora, creant situacions en les quals l\u2019alumnat parteix dels seus\u00a0coneixements previs\u00a0i se&#8217;l guia per aprofundir&hellip;  <a href=\"https:\/\/agora.xtec.cat\/escolasantaagnes\/projectes-2\/\" title=\"Read PROJECTES\">Llegeix m\u00e9s\u00bb<\/a><\/p>\n","protected":false},"author":1,"featured_media":0,"parent":0,"menu_order":0,"comment_status":"closed","ping_status":"closed","template":"","meta":{"_bbp_topic_count":0,"_bbp_reply_count":0,"_bbp_total_topic_count":0,"_bbp_total_reply_count":0,"_bbp_voice_count":0,"_bbp_anonymous_reply_count":0,"_bbp_topic_count_hidden":0,"_bbp_reply_count_hidden":0,"_bbp_forum_subforum_count":0,"footnotes":""},"class_list":["post-5248","page","type-page","status-publish","hentry"],"post_mailing_queue_ids":[],"_links":{"self":[{"href":"https:\/\/agora.xtec.cat\/escolasantaagnes\/wp-json\/wp\/v2\/pages\/5248","targetHints":{"allow":["GET"]}}],"collection":[{"href":"https:\/\/agora.xtec.cat\/escolasantaagnes\/wp-json\/wp\/v2\/pages"}],"about":[{"href":"https:\/\/agora.xtec.cat\/escolasantaagnes\/wp-json\/wp\/v2\/types\/page"}],"author":[{"embeddable":true,"href":"https:\/\/agora.xtec.cat\/escolasantaagnes\/wp-json\/wp\/v2\/users\/1"}],"replies":[{"embeddable":true,"href":"https:\/\/agora.xtec.cat\/escolasantaagnes\/wp-json\/wp\/v2\/comments?post=5248"}],"version-history":[{"count":4,"href":"https:\/\/agora.xtec.cat\/escolasantaagnes\/wp-json\/wp\/v2\/pages\/5248\/revisions"}],"predecessor-version":[{"id":5277,"href":"https:\/\/agora.xtec.cat\/escolasantaagnes\/wp-json\/wp\/v2\/pages\/5248\/revisions\/5277"}],"wp:attachment":[{"href":"https:\/\/agora.xtec.cat\/escolasantaagnes\/wp-json\/wp\/v2\/media?parent=5248"}],"curies":[{"name":"wp","href":"https:\/\/api.w.org\/{rel}","templated":true}]}}