{"id":5233,"date":"2025-02-19T15:41:14","date_gmt":"2025-02-19T14:41:14","guid":{"rendered":"https:\/\/agora.xtec.cat\/escolasantaagnes\/?page_id=5233"},"modified":"2025-02-19T15:41:14","modified_gmt":"2025-02-19T14:41:14","slug":"mur-de-les-paraules","status":"publish","type":"page","link":"https:\/\/agora.xtec.cat\/escolasantaagnes\/mur-de-les-paraules\/","title":{"rendered":"MUR DE LES PARAULES"},"content":{"rendered":"<p><b>El mur de les paraules: una eina efica\u00e7 per a l&#8217;ampliaci\u00f3 del vocabulari a infantil<\/b><\/p>\n<p><span style=\"font-weight: 400;\">El mur de les paraules \u00e9s un recurs visual que consisteix en penjar imatges, que representen paraules, en una corda.\u00a0<\/span><\/p>\n<p><span style=\"font-weight: 400;\">L&#8217;objectiu principal \u00e9s enriquir el vocabulari espec\u00edfic dels infants, alhora que els ajuda a recon\u00e8ixer les paraules gr\u00e0ficament.\u00a0<\/span><\/p>\n<p><span style=\"font-weight: 400;\">Segons estudis cient\u00edfics, es necessiten entre 15 i 25 repeticions per consolidar una nova paraula, cosa que fa que aquest recurs sigui fonamental per a l\u2019aprenentatge del vocabulari.<\/span><\/p>\n<p><span style=\"font-weight: 400;\">Les paraules del mur es renoven cada dues setmanes, presentant entre 8 i 12 termes d\u2019un mateix camp sem\u00e0ntic. Aix\u00f2 permet als infants treballar de manera constant amb vocabulari nou i divers, afavorint el seu desenvolupament ling\u00fc\u00edstic.\u00a0<\/span><\/p>\n<p><span style=\"font-weight: 400;\">Durant aquest proc\u00e9s, els nens i nenes van ampliant el seu lexic\u00f3 sem\u00e0ntic, essencial per a la comprensi\u00f3 lectora posterior. El treball continu amb aquestes paraules facilita l\u2019associaci\u00f3 dels seus significats amb les imatges corresponents, millorant la seva comprensi\u00f3 i \u00fas en diferents contextos.<\/span><\/p>\n<p><b>Desenvolupament de les sessions a I3<\/b><\/p>\n<ul>\n<li style=\"font-weight: 400;\" aria-level=\"1\"><span style=\"font-weight: 400;\">Sessi\u00f3 1: La mestra presenta les imatges i en diu els noms, establint connexions amb els coneixements previs dels infants. Cada paraula es penja al mur.<\/span><\/li>\n<li style=\"font-weight: 400;\" aria-level=\"1\"><span style=\"font-weight: 400;\">Sessions 2 a 5: Es recorda el vocabulari i es defineix cada imatge. Abans de finalitzar, es repeteix el vocabulari per afavorir la reproducci\u00f3 oral.<\/span><\/li>\n<li style=\"font-weight: 400;\" aria-level=\"1\"><span style=\"font-weight: 400;\">Sessions 6 i 7: La mestra defineix les paraules sense assenyalar les imatges, i els infants han d\u2019identificar-les mirant al mur.<\/span><\/li>\n<li style=\"font-weight: 400;\" aria-level=\"1\"><span style=\"font-weight: 400;\">Sessi\u00f3 8: Es repassen el vocabulari mentre es retiren les paraules del mur. Es fa una valoraci\u00f3 mitjan\u00e7ant un joc de bingo per comprovar si els infants han adquirit el vocabulari.<\/span><\/li>\n<\/ul>\n<p><b>Introducci\u00f3 de la paraula escrita a I4 i a I5<\/b><\/p>\n<p><span style=\"font-weight: 400;\">A partir d\u2019I4, en la sessi\u00f3 3, s\u2019introdueix la paraula escrita, establint connexions entre el llenguatge oral i el llenguatge escrit. Aquest pas \u00e9s fonamental per ampliar el lexic\u00f3 ortogr\u00e0fic dels infants, ja que els ajuda a recon\u00e8ixer les paraules escrites i a associar-les amb les seves formes sonores.<\/span><\/p>\n<p><b>Integraci\u00f3 del vocabulari en el dia a dia<\/b><\/p>\n<p><span style=\"font-weight: 400;\">A m\u00e9s de les sessions estructurades, es fomenta que les paraules del mur es facin servir en altres moments de l\u2019aula, com durant l\u2019hora del conte, als racons o en activitats d\u2019educaci\u00f3 art\u00edstica i emocional. D\u2019aquesta manera, el vocabulari treballat s\u2019integra de manera significativa en la vida di\u00e0ria dels infants.<\/span><\/p>\n<p><span style=\"font-weight: 400;\">Al final del proc\u00e9s, els infants haurien de ser capa\u00e7os d\u2019identificar les paraules apreses i aplicar-les en el seu dia a dia, afavorint el seu desenvolupament ling\u00fc\u00edstic i cognitiu de forma natural i l\u00fadica.<\/span><\/p>\n","protected":false},"excerpt":{"rendered":"<p>El mur de les paraules: una eina efica\u00e7 per a l&#8217;ampliaci\u00f3 del vocabulari a infantil<br \/>\nEl mur de les paraules \u00e9s un recurs visual que consisteix en penjar imatges, que representen paraules, en una corda.\u00a0<br \/>\nL&#8217;objectiu principal \u00e9s enriquir el vocabulari espec\u00edfic dels infants, alhora que els&hellip;  <a href=\"https:\/\/agora.xtec.cat\/escolasantaagnes\/mur-de-les-paraules\/\" title=\"Read MUR DE LES PARAULES\">Llegeix m\u00e9s\u00bb<\/a><\/p>\n","protected":false},"author":1,"featured_media":0,"parent":0,"menu_order":0,"comment_status":"closed","ping_status":"closed","template":"","meta":{"_bbp_topic_count":0,"_bbp_reply_count":0,"_bbp_total_topic_count":0,"_bbp_total_reply_count":0,"_bbp_voice_count":0,"_bbp_anonymous_reply_count":0,"_bbp_topic_count_hidden":0,"_bbp_reply_count_hidden":0,"_bbp_forum_subforum_count":0,"footnotes":""},"class_list":["post-5233","page","type-page","status-publish","hentry"],"post_mailing_queue_ids":[],"_links":{"self":[{"href":"https:\/\/agora.xtec.cat\/escolasantaagnes\/wp-json\/wp\/v2\/pages\/5233","targetHints":{"allow":["GET"]}}],"collection":[{"href":"https:\/\/agora.xtec.cat\/escolasantaagnes\/wp-json\/wp\/v2\/pages"}],"about":[{"href":"https:\/\/agora.xtec.cat\/escolasantaagnes\/wp-json\/wp\/v2\/types\/page"}],"author":[{"embeddable":true,"href":"https:\/\/agora.xtec.cat\/escolasantaagnes\/wp-json\/wp\/v2\/users\/1"}],"replies":[{"embeddable":true,"href":"https:\/\/agora.xtec.cat\/escolasantaagnes\/wp-json\/wp\/v2\/comments?post=5233"}],"version-history":[{"count":1,"href":"https:\/\/agora.xtec.cat\/escolasantaagnes\/wp-json\/wp\/v2\/pages\/5233\/revisions"}],"predecessor-version":[{"id":5234,"href":"https:\/\/agora.xtec.cat\/escolasantaagnes\/wp-json\/wp\/v2\/pages\/5233\/revisions\/5234"}],"wp:attachment":[{"href":"https:\/\/agora.xtec.cat\/escolasantaagnes\/wp-json\/wp\/v2\/media?parent=5233"}],"curies":[{"name":"wp","href":"https:\/\/api.w.org\/{rel}","templated":true}]}}