{"id":5231,"date":"2025-02-19T15:40:33","date_gmt":"2025-02-19T14:40:33","guid":{"rendered":"https:\/\/agora.xtec.cat\/escolasantaagnes\/?page_id=5231"},"modified":"2025-02-20T20:12:35","modified_gmt":"2025-02-20T19:12:35","slug":"maleta-viatgera","status":"publish","type":"page","link":"https:\/\/agora.xtec.cat\/escolasantaagnes\/maleta-viatgera\/","title":{"rendered":"MALETA VIATGERA"},"content":{"rendered":"<h3><strong>1. En qu\u00e8 consisteix?<\/strong><\/h3>\n<p>La\u00a0<strong>Maleta Viatgera<\/strong>\u00a0\u00e9s una iniciativa del Pla Lector del centre que t\u00e9 com a objectiu fomentar l&#8217;h\u00e0bit lector i l&#8217;amor pels llibres des d\u2019una experi\u00e8ncia compartida en fam\u00edlia. Aquesta activitat permet que els infants de tots els grups d&#8217;educaci\u00f3 infantil tinguin acc\u00e9s a diferents materials de lectura i puguin gaudir d\u2019estones de lectura a casa amb els seus familiars.<\/p>\n<p>Cada maleta cont\u00e9:<\/p>\n<ul>\n<li>Una\u00a0<strong>presentaci\u00f3 de l\u2019activitat<\/strong>\u00a0amb instruccions per a les fam\u00edlies.<\/li>\n<li>Un\u00a0<strong>llistat dels t\u00edtols<\/strong>\u00a0de contes i materials inclosos.<\/li>\n<li><strong>Llibres de diverses tem\u00e0tiques i tipologies textuals<\/strong>, adaptats a l&#8217;edat dels infants.<\/li>\n<li><strong>Un article<\/strong>\u00a0per a la reflexi\u00f3 i enriquiment del context lector.<\/li>\n<li><strong>Dos fulls en blanc<\/strong>\u00a0perqu\u00e8 cada fam\u00edlia pugui plasmar una experi\u00e8ncia relacionada amb la lectura.<\/li>\n<\/ul>\n<p>Les fam\u00edlies poden\u00a0<strong>fer cr\u00e9ixer la maleta<\/strong>\u00a0afegint articles, recomanacions de llibres o altres materials que puguin ser d&#8217;inter\u00e8s per als infants.<\/p>\n<p>La maleta es queda a casa durant un temps, oferint l\u2019oportunitat d\u2019explorar els llibres i dur a terme una activitat inspirada en alguna de les lectures. Aquesta pot ser una visita a un museu, un passeig pel bosc, la creaci\u00f3 d&#8217;una manualitat, l\u2019assist\u00e8ncia a un espectacle\u2026 Qualsevol experi\u00e8ncia que connecti la lectura amb el m\u00f3n real.<\/p>\n<p>Quan la maleta torna a l\u2019escola, l\u2019infant comparteix amb els seus companys l&#8217;experi\u00e8ncia viscuda, afavorint aix\u00ed l&#8217;expressi\u00f3 oral i el vincle amb els llibres.<\/p>\n<h3><strong>2. Objectius<\/strong><\/h3>\n<ul>\n<li><strong>Fomentar el gust per la lectura<\/strong>\u00a0a trav\u00e9s d\u2019un espai compartit en fam\u00edlia.<\/li>\n<li><strong>Crear un vincle afectiu amb els llibres<\/strong>, associant la lectura a moments agradables.<\/li>\n<li><strong>Enriquir l\u2019experi\u00e8ncia lectora<\/strong>\u00a0amb activitats complement\u00e0ries relacionades amb els llibres.<\/li>\n<li><strong>Potenciar la comunicaci\u00f3 i expressi\u00f3 oral<\/strong>, permetent als infants compartir la seva experi\u00e8ncia amb els companys.<\/li>\n<li><strong>Diversificar els materials de lectura<\/strong>, oferint contes, articles i llibres de diferents g\u00e8neres.<\/li>\n<li><strong>Fomentar la responsabilitat i cura del material compartit<\/strong>, treballant valors com el respecte i la cooperaci\u00f3.<\/li>\n<\/ul>\n<p>Aquesta activitat ajuda a consolidar l&#8217;h\u00e0bit lector dels infants i a integrar la lectura com una experi\u00e8ncia significativa en el seu dia a dia, tant a l&#8217;escola com a casa.<\/p>\n","protected":false},"excerpt":{"rendered":"<p>1. En qu\u00e8 consisteix?<br \/>\nLa\u00a0Maleta Viatgera\u00a0\u00e9s una iniciativa del Pla Lector del centre que t\u00e9 com a objectiu fomentar l&#8217;h\u00e0bit lector i l&#8217;amor pels llibres des d\u2019una experi\u00e8ncia compartida en fam\u00edlia. Aquesta activitat permet que els infants de tots els grups d&#8217;educaci\u00f3 infantil tinguin acc\u00e9s a&hellip;  <a href=\"https:\/\/agora.xtec.cat\/escolasantaagnes\/maleta-viatgera\/\" title=\"Read MALETA VIATGERA\">Llegeix m\u00e9s\u00bb<\/a><\/p>\n","protected":false},"author":1,"featured_media":0,"parent":0,"menu_order":0,"comment_status":"closed","ping_status":"closed","template":"","meta":{"_bbp_topic_count":0,"_bbp_reply_count":0,"_bbp_total_topic_count":0,"_bbp_total_reply_count":0,"_bbp_voice_count":0,"_bbp_anonymous_reply_count":0,"_bbp_topic_count_hidden":0,"_bbp_reply_count_hidden":0,"_bbp_forum_subforum_count":0,"footnotes":""},"class_list":["post-5231","page","type-page","status-publish","hentry"],"post_mailing_queue_ids":[],"_links":{"self":[{"href":"https:\/\/agora.xtec.cat\/escolasantaagnes\/wp-json\/wp\/v2\/pages\/5231","targetHints":{"allow":["GET"]}}],"collection":[{"href":"https:\/\/agora.xtec.cat\/escolasantaagnes\/wp-json\/wp\/v2\/pages"}],"about":[{"href":"https:\/\/agora.xtec.cat\/escolasantaagnes\/wp-json\/wp\/v2\/types\/page"}],"author":[{"embeddable":true,"href":"https:\/\/agora.xtec.cat\/escolasantaagnes\/wp-json\/wp\/v2\/users\/1"}],"replies":[{"embeddable":true,"href":"https:\/\/agora.xtec.cat\/escolasantaagnes\/wp-json\/wp\/v2\/comments?post=5231"}],"version-history":[{"count":3,"href":"https:\/\/agora.xtec.cat\/escolasantaagnes\/wp-json\/wp\/v2\/pages\/5231\/revisions"}],"predecessor-version":[{"id":5271,"href":"https:\/\/agora.xtec.cat\/escolasantaagnes\/wp-json\/wp\/v2\/pages\/5231\/revisions\/5271"}],"wp:attachment":[{"href":"https:\/\/agora.xtec.cat\/escolasantaagnes\/wp-json\/wp\/v2\/media?parent=5231"}],"curies":[{"name":"wp","href":"https:\/\/api.w.org\/{rel}","templated":true}]}}