{"id":5220,"date":"2025-02-19T15:32:13","date_gmt":"2025-02-19T14:32:13","guid":{"rendered":"https:\/\/agora.xtec.cat\/escolasantaagnes\/?page_id=5220"},"modified":"2026-01-14T10:13:54","modified_gmt":"2026-01-14T09:13:54","slug":"comunicar-nos","status":"publish","type":"page","link":"https:\/\/agora.xtec.cat\/escolasantaagnes\/comunicar-nos\/","title":{"rendered":"COMUNICAR-NOS"},"content":{"rendered":"<p><b>La import\u00e0ncia del llenguatge oral en l&#8217;adquisici\u00f3 de la lectoescriptura\u00a0<\/b><\/p>\n<p><span style=\"font-weight: 400;\">El desenvolupament del llenguatge oral \u00e9s un pilar fonamental en el proc\u00e9s educatiu dels infants. No nom\u00e9s \u00e9s essencial per a la comunicaci\u00f3, la comprensi\u00f3 i la relaci\u00f3 amb l&#8217;entorn, sin\u00f3 que tamb\u00e9 \u00e9s crucial per al desenvolupament cognitiu. A trav\u00e9s d\u2019un domini adequat de l&#8217;expressi\u00f3 i la comprensi\u00f3 oral, els infants construeixen les bases per a l&#8217;aprenentatge de la lectura i l&#8217;escriptura, tal com ho demostren les evid\u00e8ncies cient\u00edfiques.<\/span><\/p>\n<p><span style=\"font-weight: 400;\">El proc\u00e9s de la lectoescriptura es fonamenta en el llenguatge parlat. Aix\u00ed, una bona adquisici\u00f3 de les habilitats orals \u00e9s clau per assegurar que l&#8217;aprenentatge del llenguatge escrit es realitzi de manera efectiva i sense dificultats.\u00a0<\/span><\/p>\n<p><span style=\"font-weight: 400;\">Per tot aix\u00f2, cal establir un conjunt de bases pr\u00e8vies que facilitin aquest proc\u00e9s, que inclouen activitats que promouen la consci\u00e8ncia fonol\u00f2gica i la motricitat fina, entre altres.<\/span><\/p>\n<p><b>Metodologia a I3<\/b><\/p>\n<p><span style=\"font-weight: 400;\">A l&#8217;etapa d&#8217;I3, dediquem dos moments espec\u00edfics per treballar la comunicaci\u00f3 oral: dues sessions al mat\u00ed i quatre sessions a la tarda. Aquestes sessions, breus i seq\u00fcenciades, permeten abordar diversos aspectes del proc\u00e9s lector.<\/span><\/p>\n<p><span style=\"font-weight: 400;\">A les sessions del mat\u00ed, ens centrem en:<\/span><\/p>\n<ul>\n<li style=\"font-weight: 400;\" aria-level=\"1\"><span style=\"font-weight: 400;\">L&#8217;escolta activa: per millorar la capacitat d&#8217;atenci\u00f3 i comprensi\u00f3 auditiva.<\/span><\/li>\n<li style=\"font-weight: 400;\" aria-level=\"1\"><span style=\"font-weight: 400;\">La mem\u00f2ria auditiva: essencial per recordar i processar informaci\u00f3.<\/span><\/li>\n<li style=\"font-weight: 400;\" aria-level=\"1\"><span style=\"font-weight: 400;\">La consci\u00e8ncia fonol\u00f2gica:\u00a0<\/span><\/li>\n<\/ul>\n<ul>\n<li style=\"font-weight: 400;\" aria-level=\"1\"><span style=\"font-weight: 400;\">Consci\u00e8ncia l\u00e8xica (paraules i frases)<\/span><\/li>\n<li style=\"font-weight: 400;\" aria-level=\"1\"><span style=\"font-weight: 400;\">Consci\u00e8ncia fon\u00e8mica (articulaci\u00f3 dels sons)\u00a0<\/span><\/li>\n<li style=\"font-weight: 400;\" aria-level=\"1\"><span style=\"font-weight: 400;\">Consci\u00e8ncia de rima<\/span><\/li>\n<\/ul>\n<p><span style=\"font-weight: 400;\">A la tarda, les sessions inclouen activitats com:<\/span><\/p>\n<ul>\n<li style=\"font-weight: 400;\" aria-level=\"1\"><span style=\"font-weight: 400;\">Rimes amb moviment, de Tamara Chubarovsky, adaptades i tradu\u00efdes.<\/span><\/li>\n<li style=\"font-weight: 400;\" aria-level=\"1\"><span style=\"font-weight: 400;\">Jocs de dits, per millorar la coordinaci\u00f3, la motricitat i la consci\u00e8ncia espacial.<\/span><\/li>\n<li style=\"font-weight: 400;\" aria-level=\"1\"><span style=\"font-weight: 400;\">Exercicis de motricitat ocular, per desenvolupar habilitats que facilitaran la lectura.<\/span><\/li>\n<li style=\"font-weight: 400;\" aria-level=\"1\"><span style=\"font-weight: 400;\">Activitats de velocitat de denominaci\u00f3, per entrenar la rapidesa i la precisi\u00f3 a l\u2019hora de recon\u00e8ixer i evocar paraules.<\/span><\/li>\n<\/ul>\n<table style=\"border-collapse: collapse; width: 100%;\">\n<tbody>\n<tr>\n<td style=\"width: 1.34953%;\"><\/td>\n<td style=\"width: 48.9878%;\"><a href=\"https:\/\/agora.xtec.cat\/escolasantaagnes\/wp-content\/uploads\/usu1755\/2025\/02\/c.-lexica-scaled.jpg\"><img loading=\"lazy\" decoding=\"async\" class=\"alignnone size-full wp-image-5224\" src=\"https:\/\/agora.xtec.cat\/escolasantaagnes\/wp-content\/uploads\/usu1755\/2025\/02\/c.-lexica-scaled.jpg\" alt=\"\" width=\"2560\" height=\"1950\" srcset=\"https:\/\/agora.xtec.cat\/escolasantaagnes\/wp-content\/uploads\/usu1755\/2025\/02\/c.-lexica-scaled.jpg 2560w, https:\/\/agora.xtec.cat\/escolasantaagnes\/wp-content\/uploads\/usu1755\/2025\/02\/c.-lexica-300x229.jpg 300w, https:\/\/agora.xtec.cat\/escolasantaagnes\/wp-content\/uploads\/usu1755\/2025\/02\/c.-lexica-1024x780.jpg 1024w, https:\/\/agora.xtec.cat\/escolasantaagnes\/wp-content\/uploads\/usu1755\/2025\/02\/c.-lexica-768x585.jpg 768w, https:\/\/agora.xtec.cat\/escolasantaagnes\/wp-content\/uploads\/usu1755\/2025\/02\/c.-lexica-1536x1170.jpg 1536w, https:\/\/agora.xtec.cat\/escolasantaagnes\/wp-content\/uploads\/usu1755\/2025\/02\/c.-lexica-2048x1560.jpg 2048w\" sizes=\"auto, (max-width: 2560px) 100vw, 2560px\" \/><\/a><\/td>\n<td style=\"width: 49.6626%;\"><a href=\"https:\/\/agora.xtec.cat\/escolasantaagnes\/wp-content\/uploads\/usu1755\/2025\/02\/c.-fonema-scaled.jpg\"><img loading=\"lazy\" decoding=\"async\" class=\"alignnone size-full wp-image-5223\" src=\"https:\/\/agora.xtec.cat\/escolasantaagnes\/wp-content\/uploads\/usu1755\/2025\/02\/c.-fonema-scaled.jpg\" alt=\"\" width=\"2560\" height=\"1950\" srcset=\"https:\/\/agora.xtec.cat\/escolasantaagnes\/wp-content\/uploads\/usu1755\/2025\/02\/c.-fonema-scaled.jpg 2560w, https:\/\/agora.xtec.cat\/escolasantaagnes\/wp-content\/uploads\/usu1755\/2025\/02\/c.-fonema-300x229.jpg 300w, https:\/\/agora.xtec.cat\/escolasantaagnes\/wp-content\/uploads\/usu1755\/2025\/02\/c.-fonema-1024x780.jpg 1024w, https:\/\/agora.xtec.cat\/escolasantaagnes\/wp-content\/uploads\/usu1755\/2025\/02\/c.-fonema-768x585.jpg 768w, https:\/\/agora.xtec.cat\/escolasantaagnes\/wp-content\/uploads\/usu1755\/2025\/02\/c.-fonema-1536x1170.jpg 1536w, https:\/\/agora.xtec.cat\/escolasantaagnes\/wp-content\/uploads\/usu1755\/2025\/02\/c.-fonema-2048x1560.jpg 2048w\" sizes=\"auto, (max-width: 2560px) 100vw, 2560px\" \/><\/a><\/td>\n<\/tr>\n<\/tbody>\n<\/table>\n<p>&nbsp;<\/p>\n","protected":false},"excerpt":{"rendered":"<p>La import\u00e0ncia del llenguatge oral en l&#8217;adquisici\u00f3 de la lectoescriptura\u00a0<br \/>\nEl desenvolupament del llenguatge oral \u00e9s un pilar fonamental en el proc\u00e9s educatiu dels infants. No nom\u00e9s \u00e9s essencial per a la comunicaci\u00f3, la comprensi\u00f3 i la relaci\u00f3 amb l&#8217;entorn, sin\u00f3 que tamb\u00e9 \u00e9s crucial per&hellip;  <a href=\"https:\/\/agora.xtec.cat\/escolasantaagnes\/comunicar-nos\/\" title=\"Read COMUNICAR-NOS\">Llegeix m\u00e9s\u00bb<\/a><\/p>\n","protected":false},"author":1,"featured_media":0,"parent":0,"menu_order":0,"comment_status":"closed","ping_status":"closed","template":"","meta":{"_bbp_topic_count":0,"_bbp_reply_count":0,"_bbp_total_topic_count":0,"_bbp_total_reply_count":0,"_bbp_voice_count":0,"_bbp_anonymous_reply_count":0,"_bbp_topic_count_hidden":0,"_bbp_reply_count_hidden":0,"_bbp_forum_subforum_count":0,"footnotes":""},"class_list":["post-5220","page","type-page","status-publish","hentry"],"post_mailing_queue_ids":[],"_links":{"self":[{"href":"https:\/\/agora.xtec.cat\/escolasantaagnes\/wp-json\/wp\/v2\/pages\/5220","targetHints":{"allow":["GET"]}}],"collection":[{"href":"https:\/\/agora.xtec.cat\/escolasantaagnes\/wp-json\/wp\/v2\/pages"}],"about":[{"href":"https:\/\/agora.xtec.cat\/escolasantaagnes\/wp-json\/wp\/v2\/types\/page"}],"author":[{"embeddable":true,"href":"https:\/\/agora.xtec.cat\/escolasantaagnes\/wp-json\/wp\/v2\/users\/1"}],"replies":[{"embeddable":true,"href":"https:\/\/agora.xtec.cat\/escolasantaagnes\/wp-json\/wp\/v2\/comments?post=5220"}],"version-history":[{"count":3,"href":"https:\/\/agora.xtec.cat\/escolasantaagnes\/wp-json\/wp\/v2\/pages\/5220\/revisions"}],"predecessor-version":[{"id":5672,"href":"https:\/\/agora.xtec.cat\/escolasantaagnes\/wp-json\/wp\/v2\/pages\/5220\/revisions\/5672"}],"wp:attachment":[{"href":"https:\/\/agora.xtec.cat\/escolasantaagnes\/wp-json\/wp\/v2\/media?parent=5220"}],"curies":[{"name":"wp","href":"https:\/\/api.w.org\/{rel}","templated":true}]}}