{"id":5218,"date":"2025-02-19T15:31:33","date_gmt":"2025-02-19T14:31:33","guid":{"rendered":"https:\/\/agora.xtec.cat\/escolasantaagnes\/?page_id=5218"},"modified":"2025-02-20T20:12:01","modified_gmt":"2025-02-20T19:12:01","slug":"proces-lector","status":"publish","type":"page","link":"https:\/\/agora.xtec.cat\/escolasantaagnes\/proces-lector\/","title":{"rendered":"PROC\u00c9S LECTOR"},"content":{"rendered":"<h3><strong>Introducci\u00f3 al Proc\u00e9s Lector a Educaci\u00f3 Infantil<\/strong><\/h3>\n<p>L&#8217;educaci\u00f3 infantil \u00e9s una de les etapes m\u00e9s importants en el desenvolupament dels infants. El proc\u00e9s lector no nom\u00e9s inclou l&#8217;aprenentatge de la lectura i l&#8217;escriptura, sin\u00f3 que es fonamenta en el llenguatge oral com a base per a una comprensi\u00f3 m\u00e9s profunda del llenguatge escrit. A trav\u00e9s d&#8217;activitats i estrat\u00e8gies espec\u00edfiques, els infants comencen a construir les habilitats necess\u00e0ries per entendre i expressar-se, millorant tant la seva comprensi\u00f3 com la seva capacitat d\u2019escriure.<\/p>\n<p>Les\u00a0<strong>habilitats de comunicaci\u00f3 oral<\/strong>\u00a0s\u00f3n fonamentals, ja que la\u00a0<strong>lectura i l&#8217;escriptura<\/strong>\u00a0depenen d&#8217;una bona adquisici\u00f3 de la parla. Aix\u00ed, treballar la consci\u00e8ncia fonol\u00f2gica, la mem\u00f2ria auditiva o la coordinaci\u00f3 motriu \u00e9s essencial per assegurar una base s\u00f2lida en l&#8217;aprenentatge de la lectoescriptura.<\/p>\n<p>En aquest sentit, diversos subapartats del proc\u00e9s lector a educaci\u00f3 infantil, com l&#8217;<strong>hora del conte<\/strong>, el\u00a0<strong>mur de les paraules<\/strong>, o\u00a0<strong>les activitats de comunicaci\u00f3 oral<\/strong>, s\u00f3n eines clau per treballar aquests fonaments, promovent un desenvolupament integral de les habilitats ling\u00fc\u00edstiques i cognitives dels infants. A trav\u00e9s d&#8217;activitats l\u00fadiques i organitzades, els\/les alumnes aprenen a escoltar, comprendre, parlar i, m\u00e9s endavant, a llegir i escriure de manera efectiva i amb confian\u00e7a.<\/p>\n","protected":false},"excerpt":{"rendered":"<p>Introducci\u00f3 al Proc\u00e9s Lector a Educaci\u00f3 Infantil<br \/>\nL&#8217;educaci\u00f3 infantil \u00e9s una de les etapes m\u00e9s importants en el desenvolupament dels infants. El proc\u00e9s lector no nom\u00e9s inclou l&#8217;aprenentatge de la lectura i l&#8217;escriptura, sin\u00f3 que es fonamenta en el llenguatge oral com a base per a&hellip;  <a href=\"https:\/\/agora.xtec.cat\/escolasantaagnes\/proces-lector\/\" title=\"Read PROC\u00c9S LECTOR\">Llegeix m\u00e9s\u00bb<\/a><\/p>\n","protected":false},"author":1,"featured_media":0,"parent":0,"menu_order":0,"comment_status":"closed","ping_status":"closed","template":"","meta":{"_bbp_topic_count":0,"_bbp_reply_count":0,"_bbp_total_topic_count":0,"_bbp_total_reply_count":0,"_bbp_voice_count":0,"_bbp_anonymous_reply_count":0,"_bbp_topic_count_hidden":0,"_bbp_reply_count_hidden":0,"_bbp_forum_subforum_count":0,"footnotes":""},"class_list":["post-5218","page","type-page","status-publish","hentry"],"post_mailing_queue_ids":[],"_links":{"self":[{"href":"https:\/\/agora.xtec.cat\/escolasantaagnes\/wp-json\/wp\/v2\/pages\/5218","targetHints":{"allow":["GET"]}}],"collection":[{"href":"https:\/\/agora.xtec.cat\/escolasantaagnes\/wp-json\/wp\/v2\/pages"}],"about":[{"href":"https:\/\/agora.xtec.cat\/escolasantaagnes\/wp-json\/wp\/v2\/types\/page"}],"author":[{"embeddable":true,"href":"https:\/\/agora.xtec.cat\/escolasantaagnes\/wp-json\/wp\/v2\/users\/1"}],"replies":[{"embeddable":true,"href":"https:\/\/agora.xtec.cat\/escolasantaagnes\/wp-json\/wp\/v2\/comments?post=5218"}],"version-history":[{"count":3,"href":"https:\/\/agora.xtec.cat\/escolasantaagnes\/wp-json\/wp\/v2\/pages\/5218\/revisions"}],"predecessor-version":[{"id":5270,"href":"https:\/\/agora.xtec.cat\/escolasantaagnes\/wp-json\/wp\/v2\/pages\/5218\/revisions\/5270"}],"wp:attachment":[{"href":"https:\/\/agora.xtec.cat\/escolasantaagnes\/wp-json\/wp\/v2\/media?parent=5218"}],"curies":[{"name":"wp","href":"https:\/\/api.w.org\/{rel}","templated":true}]}}