{"id":5201,"date":"2025-02-14T15:27:49","date_gmt":"2025-02-14T14:27:49","guid":{"rendered":"https:\/\/agora.xtec.cat\/escolasantaagnes\/?page_id=5201"},"modified":"2025-10-21T12:05:15","modified_gmt":"2025-10-21T10:05:15","slug":"equip-directiu","status":"publish","type":"page","link":"https:\/\/agora.xtec.cat\/escolasantaagnes\/equip-directiu\/","title":{"rendered":"EQUIP DIRECTIU"},"content":{"rendered":"<p><strong><span style=\"text-decoration: underline;\">Traject\u00f2ria professional de l&#8217;equip directiu de l&#8217;escola Santa Agn\u00e8s:<\/span><\/strong><\/p>\n<table style=\"border-collapse: collapse; width: 100%;\">\n<tbody>\n<tr>\n<td style=\"width: 100%; background-color: #999494; text-align: center;\" colspan=\"2\"><strong>T\u00c0NIA FENOLLOSA CLIMENT (DIRECCI\u00d3)<\/strong><\/td>\n<\/tr>\n<tr>\n<td style=\"width: 31.0811%; background-color: #c2baba;\"><strong>TITULACIONS I ESPECIALITATS<\/strong><\/td>\n<td style=\"width: 68.9189%;\">\n<div style=\"padding-left: 40px;\">&#8211; Mestra d&#8217;educaci\u00f3 especial<\/div>\n<div style=\"padding-left: 40px;\">&#8211; Llicenciada en Psicopedagogia<\/div>\n<div style=\"padding-left: 40px;\">&#8211; Especialitat en orientaci\u00f3 educativa<\/div>\n<\/td>\n<\/tr>\n<tr>\n<td style=\"width: 31.0811%; background-color: #c2baba;\"><strong>PERFILS EDUCATIUS<\/strong><\/td>\n<td style=\"width: 68.9189%;\">\n<div style=\"padding-left: 40px;\">&#8211; Perfil Atenci\u00f3 a la Diversitat<\/div>\n<div style=\"padding-left: 40px;\">&#8211; Perfil Biblioteca<\/div>\n<div style=\"padding-left: 40px;\">&#8211; Perfil Metodologies globalitzades<\/div>\n<div style=\"padding-left: 40px;\">&#8211; Funci\u00f3 directiva<\/div>\n<\/td>\n<\/tr>\n<tr>\n<td style=\"width: 31.0811%; background-color: #c2baba;\"><strong>C\u00c0RRECS OCUPATS<\/strong><\/td>\n<td style=\"width: 68.9189%;\">\n<div style=\"padding-left: 40px;\">&#8211; Direcci\u00f3 &#8211; 7 cursos<\/div>\n<div style=\"padding-left: 40px;\">&#8211; Cap d&#8217;estudis &#8211; 3 cursos<\/div>\n<div style=\"padding-left: 40px;\">&#8211; Secret\u00e0ria\u00a0&#8211; 10 cursos<\/div>\n<div style=\"padding-left: 40px;\">&#8211; Coordinaci\u00f3 Infantil &#8211; 2 cursos<\/div>\n<div style=\"padding-left: 40px;\">&#8211; Coordinaci\u00f3 LIC &#8211; 1 curs<\/div>\n<div style=\"padding-left: 40px;\">&#8211; Coordinaci\u00f3 Inform\u00e0tica &#8211; 1 curs<\/div>\n<\/td>\n<\/tr>\n<tr>\n<td style=\"width: 31.0811%; background-color: #c2baba;\"><strong>ANYS TREBALLATS<\/strong><\/td>\n<td style=\"width: 68.9189%;\">22 anys d&#8217;experi\u00e8ncia en el cos de mestres.<\/td>\n<\/tr>\n<\/tbody>\n<\/table>\n<p>&nbsp;<\/p>\n<table style=\"border-collapse: collapse; width: 100%; height: 291px;\">\n<tbody>\n<tr style=\"height: 32px;\">\n<td style=\"width: 100%; height: 32px; background-color: #999494; text-align: center;\" colspan=\"2\"><strong>MARTA BONDIA ISANTA (CAP D&#8217;ESTUDIS)<\/strong><\/td>\n<\/tr>\n<tr style=\"height: 63px;\">\n<td style=\"width: 31.0811%; height: 63px; background-color: #c2baba;\"><strong>TITULACIONS I ESPECIALITATS<\/strong><\/td>\n<td style=\"width: 68.9189%; height: 63px; padding-left: 40px;\">&#8211; Mestra d&#8217;educaci\u00f3 infantil RD 1440\/91<br \/>\n&#8211; Mestre + T\u00edtol angl\u00e8s Nivell B2<br \/>\n&#8211; Mestre d&#8217;Educaci\u00f3 Prim\u00e0ria<\/td>\n<\/tr>\n<tr style=\"height: 101px;\">\n<td style=\"width: 31.0811%; height: 101px; background-color: #c2baba;\"><strong>PERFILS EDUCATIUS<\/strong><\/td>\n<td style=\"width: 68.9189%; height: 101px; padding-left: 40px;\">&#8211; Nivell superior de catal\u00e0 (Cons. Norm. Ling\u00fc\u00edstica)<br \/>\n&#8211; Certificat nivell avan\u00e7at angl\u00e8s (EOI)<br \/>\n&#8211; AICLE (Aprenentatge Integrat de Continguts de Lleng\u00fces Estrangeres)<\/td>\n<\/tr>\n<tr style=\"height: 63px;\">\n<td style=\"width: 31.0811%; height: 63px; background-color: #c2baba;\"><strong>C\u00c0RRECS OCUPATS<\/strong><\/td>\n<td style=\"width: 68.9189%; height: 63px; padding-left: 40px;\">&#8211; Secret\u00e0ria Escola Santa Agn\u00e8s-3 cursos<br \/>\n&#8211; Coordinador\/a cicle &#8211; 3 cursos<br \/>\n&#8211; Cap d\u2019estudis &#8211; 12 anys<br \/>\n&#8211; Directora -15 mesos<\/td>\n<\/tr>\n<tr style=\"height: 32px;\">\n<td style=\"width: 31.0811%; height: 32px; background-color: #c2baba;\"><strong>ANYS TREBALLATS<\/strong><\/td>\n<td style=\"width: 68.9189%; height: 32px;\">22 anys d&#8217;experi\u00e8ncia en el cos de mestres.<\/td>\n<\/tr>\n<\/tbody>\n<\/table>\n<p>&nbsp;<\/p>\n<table style=\"border-collapse: collapse; width: 100%;\">\n<tbody>\n<tr>\n<td style=\"width: 100%; background-color: #999494; text-align: center;\" colspan=\"2\"><strong>XAVIER ITURBE ESCOBAR<\/strong><\/td>\n<\/tr>\n<tr>\n<td style=\"width: 31.0811%; background-color: #c2baba;\"><strong>TITULACIONS I ESPECIALITATS<\/strong><\/td>\n<td style=\"width: 68.9189%;\">\n<div style=\"padding-left: 40px;\">\n<div style=\"padding-left: 40px;\">&#8211; Mestre d&#8217;Educaci\u00f3 Prim\u00e0ria<\/div>\n<div style=\"padding-left: 40px;\">&#8211; Mestre d&#8217;Educaci\u00f3 F\u00edsica<\/div>\n<div style=\"padding-left: 40px;\">&#8211; Mestre d&#8217;Educaci\u00f3 Especial (experi\u00e8ncia)<\/div>\n<div style=\"padding-left: 40px;\">&#8211; Mestre de religi\u00f3<\/div>\n<\/div>\n<\/td>\n<\/tr>\n<tr>\n<td style=\"width: 31.0811%; background-color: #c2baba;\"><strong>PERFILS EDUCATIUS<\/strong><\/td>\n<td style=\"width: 68.9189%;\">\n<div style=\"padding-left: 40px;\">\n<div style=\"padding-left: 40px;\">&#8211; Perfil Atenci\u00f3 a la Diversitat<\/div>\n<div style=\"padding-left: 40px;\">&#8211; Perfil Biblioteca<\/div>\n<div style=\"padding-left: 40px;\">&#8211; Perfil Compet\u00e8ncies Digitals<\/div>\n<div style=\"padding-left: 40px;\">&#8211; Funci\u00f3 directiva<\/div>\n<\/div>\n<\/td>\n<\/tr>\n<tr>\n<td style=\"width: 31.0811%; background-color: #c2baba;\"><strong>C\u00c0RRECS OCUPATS<\/strong><\/td>\n<td style=\"width: 68.9189%;\">\n<div style=\"padding-left: 40px;\">\n<div style=\"padding-left: 40px;\">&#8211; Secretari &#8211; 2 cursos<\/div>\n<div style=\"padding-left: 40px;\">&#8211; Coordinador Pedag\u00f2gic Centre de Just\u00edcia Juvenil &#8211; 5 cursos<\/div>\n<div style=\"padding-left: 40px;\">&#8211; Coordinaci\u00f3 Prim\u00e0ria &#8211; 3 cursos<\/div>\n<div style=\"padding-left: 40px;\">&#8211; Coordinaci\u00f3 Riscos Laborals &#8211; 2 cursos<\/div>\n<div style=\"padding-left: 40px;\">&#8211; Coordinaci\u00f3 Inform\u00e0tica &#8211; 1 curs<\/div>\n<\/div>\n<\/td>\n<\/tr>\n<tr>\n<td style=\"width: 31.0811%; background-color: #c2baba;\"><strong>ANYS TREBALLATS<\/strong><\/td>\n<td style=\"width: 68.9189%;\">22 anys d&#8217;experi\u00e8ncia en el cos de mestres.<\/td>\n<\/tr>\n<\/tbody>\n<\/table>\n<p>&nbsp;<\/p>\n","protected":false},"excerpt":{"rendered":"<p>Traject\u00f2ria professional de l&#8217;equip directiu de l&#8217;escola Santa Agn\u00e8s:<\/p>\n<p>T\u00c0NIA FENOLLOSA CLIMENT (DIRECCI\u00d3)<\/p>\n<p>TITULACIONS I ESPECIALITATS<\/p>\n<p>&#8211; Mestra d&#8217;educaci\u00f3 especial<br \/>\n&#8211; Llicenciada en Psicopedagogia<br \/>\n&#8211; Especialitat en orientaci\u00f3 educativa<\/p>\n<p>PERFILS EDUCATIUS<\/p>\n<p>&#8211; Perfil Atenci\u00f3 a la Diversitat<br \/>\n&#8211; Perfil Biblioteca<br \/>\n&#8211; Perfil Metodologies globalitzades<br \/>\n&#8211; Funci\u00f3 directiva<\/p>\n<p>C\u00c0RRECS OCUPATS<\/p>\n<p>&#8211; Direcci\u00f3 &#8211; 7 cursos<br \/>\n&#8211; Cap d&#8217;estudis &#8211;&hellip;  <a href=\"https:\/\/agora.xtec.cat\/escolasantaagnes\/equip-directiu\/\" title=\"Read EQUIP DIRECTIU\">Llegeix m\u00e9s\u00bb<\/a><\/p>\n","protected":false},"author":1,"featured_media":0,"parent":0,"menu_order":0,"comment_status":"closed","ping_status":"closed","template":"","meta":{"_bbp_topic_count":0,"_bbp_reply_count":0,"_bbp_total_topic_count":0,"_bbp_total_reply_count":0,"_bbp_voice_count":0,"_bbp_anonymous_reply_count":0,"_bbp_topic_count_hidden":0,"_bbp_reply_count_hidden":0,"_bbp_forum_subforum_count":0,"footnotes":""},"class_list":["post-5201","page","type-page","status-publish","hentry"],"post_mailing_queue_ids":[],"_links":{"self":[{"href":"https:\/\/agora.xtec.cat\/escolasantaagnes\/wp-json\/wp\/v2\/pages\/5201","targetHints":{"allow":["GET"]}}],"collection":[{"href":"https:\/\/agora.xtec.cat\/escolasantaagnes\/wp-json\/wp\/v2\/pages"}],"about":[{"href":"https:\/\/agora.xtec.cat\/escolasantaagnes\/wp-json\/wp\/v2\/types\/page"}],"author":[{"embeddable":true,"href":"https:\/\/agora.xtec.cat\/escolasantaagnes\/wp-json\/wp\/v2\/users\/1"}],"replies":[{"embeddable":true,"href":"https:\/\/agora.xtec.cat\/escolasantaagnes\/wp-json\/wp\/v2\/comments?post=5201"}],"version-history":[{"count":6,"href":"https:\/\/agora.xtec.cat\/escolasantaagnes\/wp-json\/wp\/v2\/pages\/5201\/revisions"}],"predecessor-version":[{"id":5596,"href":"https:\/\/agora.xtec.cat\/escolasantaagnes\/wp-json\/wp\/v2\/pages\/5201\/revisions\/5596"}],"wp:attachment":[{"href":"https:\/\/agora.xtec.cat\/escolasantaagnes\/wp-json\/wp\/v2\/media?parent=5201"}],"curies":[{"name":"wp","href":"https:\/\/api.w.org\/{rel}","templated":true}]}}