{"id":5182,"date":"2025-02-12T15:29:31","date_gmt":"2025-02-12T14:29:31","guid":{"rendered":"https:\/\/agora.xtec.cat\/escolasantaagnes\/?page_id=5182"},"modified":"2025-04-09T15:16:21","modified_gmt":"2025-04-09T13:16:21","slug":"etwinning-24-25","status":"publish","type":"page","link":"https:\/\/agora.xtec.cat\/escolasantaagnes\/etwinning-24-25\/","title":{"rendered":"eTwinning 24-25"},"content":{"rendered":"<p><span style=\"font-weight: 400;\">Aquest curs, a la nostra escola, estem participant en el projecte <\/span><b>eTwinning<\/b><span style=\"font-weight: 400;\">, una iniciativa europea que fomenta la col\u00b7laboraci\u00f3 entre centres educatius de diferents pa\u00efsos mitjan\u00e7ant l\u2019\u00fas de les tecnologies digitals. A trav\u00e9s d\u2019aquesta plataforma, l\u2019alumnat i el professorat poden treballar conjuntament en projectes innovadors, compartir experi\u00e8ncies i con\u00e8ixer altres cultures, tot potenciant l\u2019aprenentatge de lleng\u00fces estrangeres i les compet\u00e8ncies digitals. Estem molt il\u00b7lusionats de formar part d\u2019aquesta experi\u00e8ncia enriquidora!<\/span><a href=\"https:\/\/agora.xtec.cat\/escolasantaagnes\/wp-content\/uploads\/usu1755\/2025\/02\/Screenshot_20250211_162911_WhatsApp.jpg\"><img loading=\"lazy\" decoding=\"async\" class=\"wp-image-5178 aligncenter\" src=\"https:\/\/agora.xtec.cat\/escolasantaagnes\/wp-content\/uploads\/usu1755\/2025\/02\/Screenshot_20250211_162911_WhatsApp.jpg\" alt=\"\" width=\"228\" height=\"227\" srcset=\"https:\/\/agora.xtec.cat\/escolasantaagnes\/wp-content\/uploads\/usu1755\/2025\/02\/Screenshot_20250211_162911_WhatsApp.jpg 1080w, https:\/\/agora.xtec.cat\/escolasantaagnes\/wp-content\/uploads\/usu1755\/2025\/02\/Screenshot_20250211_162911_WhatsApp-300x300.jpg 300w, https:\/\/agora.xtec.cat\/escolasantaagnes\/wp-content\/uploads\/usu1755\/2025\/02\/Screenshot_20250211_162911_WhatsApp-1024x1022.jpg 1024w, https:\/\/agora.xtec.cat\/escolasantaagnes\/wp-content\/uploads\/usu1755\/2025\/02\/Screenshot_20250211_162911_WhatsApp-150x150.jpg 150w, https:\/\/agora.xtec.cat\/escolasantaagnes\/wp-content\/uploads\/usu1755\/2025\/02\/Screenshot_20250211_162911_WhatsApp-768x767.jpg 768w\" sizes=\"auto, (max-width: 228px) 100vw, 228px\" \/><\/a><\/p>\n<p>&nbsp;<\/p>\n<p><a href=\"https:\/\/agora.xtec.cat\/escolasantaagnes\/wp-content\/uploads\/usu1755\/2025\/02\/Dont-Give-Out-Personal-Information.png\"><img loading=\"lazy\" decoding=\"async\" class=\"wp-image-5177 alignright\" src=\"https:\/\/agora.xtec.cat\/escolasantaagnes\/wp-content\/uploads\/usu1755\/2025\/02\/Dont-Give-Out-Personal-Information.png\" alt=\"\" width=\"235\" height=\"332\" srcset=\"https:\/\/agora.xtec.cat\/escolasantaagnes\/wp-content\/uploads\/usu1755\/2025\/02\/Dont-Give-Out-Personal-Information.png 1414w, https:\/\/agora.xtec.cat\/escolasantaagnes\/wp-content\/uploads\/usu1755\/2025\/02\/Dont-Give-Out-Personal-Information-212x300.png 212w, https:\/\/agora.xtec.cat\/escolasantaagnes\/wp-content\/uploads\/usu1755\/2025\/02\/Dont-Give-Out-Personal-Information-724x1024.png 724w, https:\/\/agora.xtec.cat\/escolasantaagnes\/wp-content\/uploads\/usu1755\/2025\/02\/Dont-Give-Out-Personal-Information-768x1086.png 768w, https:\/\/agora.xtec.cat\/escolasantaagnes\/wp-content\/uploads\/usu1755\/2025\/02\/Dont-Give-Out-Personal-Information-1086x1536.png 1086w\" sizes=\"auto, (max-width: 235px) 100vw, 235px\" \/><\/a><\/p>\n<p><b>TIPS FOR A SAFETY USE OF THE INTERNET<\/b><\/p>\n<p><span style=\"font-weight: 400;\">Els nostres alumnes han creat un cartell en angl\u00e8s per il\u00b7lustrar <\/span><b>5 consells importants<\/b><span style=\"font-weight: 400;\"> per fer un \u00fas correcte i segur d&#8217;Internet. Els consells inclouen:<\/span><\/p>\n<ol>\n<li style=\"font-weight: 400;\" aria-level=\"1\"><b>Don&#8217;t send photos to strangers<\/b><span style=\"font-weight: 400;\"> \u2013 \u00c9s important no enviar fotos a persones que no coneixem.<\/span><\/li>\n<li style=\"font-weight: 400;\" aria-level=\"1\"><b>Don&#8217;t download programs without an adult&#8217;s permission<\/b><span style=\"font-weight: 400;\"> \u2013 Mai descarreguis programes sense demanar l&#8217;autoritzaci\u00f3 d&#8217;un adult de confian\u00e7a.<\/span><\/li>\n<li style=\"font-weight: 400;\" aria-level=\"1\"><b>Don&#8217;t share personal information with strangers<\/b><span style=\"font-weight: 400;\"> \u2013 No comparteixis mai informaci\u00f3 personal amb desconeguts.<\/span><\/li>\n<li style=\"font-weight: 400;\" aria-level=\"1\"><b>Don&#8217;t reply to strange messages<\/b><span style=\"font-weight: 400;\"> \u2013 Si reps missatges sospitosos o estranys, no els contestis.<\/span><\/li>\n<li aria-level=\"1\"><b>Don&#8217;t share your passwords with anyone, except family<\/b><span style=\"font-weight: 400;\"> \u2013 Les contrasenyes s\u00f3n privades, nom\u00e9s les pots compartir amb membres de la teva fam\u00edlia.<\/span><\/li>\n<\/ol>\n<p><span style=\"font-weight: 400;\">Volem compartir amb vosaltres el v\u00eddeo que ens ha enviat l\u2019escola grega, on ens expliquen i ens mostren la seva escola, el seu entorn i alguns detalls molt interessants sobre la seva cultura i costums. Tamb\u00e9 hem creat un v\u00eddeo per compartir amb ells, on mostrem la nostra escola, la seva localitzaci\u00f3 i altres coses d&#8217;inter\u00e8s sobre la nostra comunitat. Estem molt contents d\u2019aquest intercanvi i de poder aprendre m\u00e9s els uns dels altres!<\/span><\/p>\n<p style=\"text-align: center;\"><iframe loading=\"lazy\" src=\"\/\/www.youtube.com\/embed\/7pjfnYb4lfU\" width=\"560\" height=\"314\" allowfullscreen=\"allowfullscreen\"><\/iframe><\/p>\n<p>&nbsp;<\/p>\n<p>Els alumnes de 3r han preparat aquest v\u00eddeo per als nostres amics grecs, on els preguntem sobre la situaci\u00f3 de l\u2019aigua a Gr\u00e8cia. Estem molt interessats a con\u00e8ixer la seva realitat i les seves experi\u00e8ncies. Ara esperem les seves respostes i tamb\u00e9 les seves preguntes sobre la situaci\u00f3 de l\u2019aigua a Espanya. Junts podem aprendre m\u00e9s sobre aquest recurs tan important!<\/p>\n<p style=\"text-align: center;\"><iframe loading=\"lazy\" src=\"\/\/www.youtube.com\/embed\/7t7kHsX1BL4\" width=\"560\" height=\"314\" allowfullscreen=\"allowfullscreen\"><\/iframe><\/p>\n<p>&nbsp;<\/p>\n<p>Us presentem aquesta breu presentaci\u00f3 sobre la nostra poblaci\u00f3 i el seu entorn. A m\u00e9s, introdu\u00efm un dels principals desafiaments dels \u00faltims anys: la problem\u00e0tica de l&#8217;aigua. Aquesta presentaci\u00f3 l\u2019hem compartit amb els nostres amics grecs, amb qui estem treballant en un projecte conjunt, perqu\u00e8 coneguin la nostra situaci\u00f3 i puguin compartir la seva experi\u00e8ncia.<\/p>\n<p>We present this short presentation about our town and its surroundings. Additionally, we introduce one of the main challenges in recent years: the water issue. We have shared this presentation with our Greek friends, with whom we are collaborating on a joint project, so they can understand our situation and share their own experiences.<\/p>\n<p><a href=\"https:\/\/agora.xtec.cat\/escolasantaagnes\/wp-content\/uploads\/usu1755\/2025\/03\/barcelona.pdf\" target=\"_blank\" rel=\"noopener\"><img loading=\"lazy\" decoding=\"async\" class=\"aligncenter wp-image-4795 size-thumbnail\" src=\"https:\/\/agora.xtec.cat\/escolasantaagnes\/wp-content\/uploads\/usu1755\/2024\/06\/pdf-150x148.jpeg\" alt=\"\" width=\"150\" height=\"148\" \/><\/a><\/p>\n<p>Els alumnes de 3r han treballat en equip per crear p\u00f2sters amb un missatge de conscienciaci\u00f3 sobre l\u2019\u00fas responsable de l\u2019aigua. A trav\u00e9s de la creativitat i el treball en grup, han reflexionat sobre la import\u00e0ncia de preservar aquest recurs essencial per al nostre planeta. Una gran iniciativa per fomentar valors de sostenibilitat i responsabilitat!<\/p>\n<p>The 3rd-grade students have worked in teams to design posters with a message about responsible water use. Through creativity and teamwork, they have reflected on the importance of preserving this essential resource for our planet. A great initiative to promote sustainability and responsibility!<\/p>\n<p><a href=\"https:\/\/agora.xtec.cat\/escolasantaagnes\/wp-content\/uploads\/usu1755\/2025\/03\/1000103686.jpg\"><img loading=\"lazy\" decoding=\"async\" class=\"wp-image-5334 aligncenter\" src=\"https:\/\/agora.xtec.cat\/escolasantaagnes\/wp-content\/uploads\/usu1755\/2025\/03\/1000103686.jpg\" alt=\"\" width=\"512\" height=\"512\" srcset=\"https:\/\/agora.xtec.cat\/escolasantaagnes\/wp-content\/uploads\/usu1755\/2025\/03\/1000103686.jpg 1920w, https:\/\/agora.xtec.cat\/escolasantaagnes\/wp-content\/uploads\/usu1755\/2025\/03\/1000103686-300x300.jpg 300w, https:\/\/agora.xtec.cat\/escolasantaagnes\/wp-content\/uploads\/usu1755\/2025\/03\/1000103686-1024x1024.jpg 1024w, https:\/\/agora.xtec.cat\/escolasantaagnes\/wp-content\/uploads\/usu1755\/2025\/03\/1000103686-150x150.jpg 150w, https:\/\/agora.xtec.cat\/escolasantaagnes\/wp-content\/uploads\/usu1755\/2025\/03\/1000103686-768x768.jpg 768w, https:\/\/agora.xtec.cat\/escolasantaagnes\/wp-content\/uploads\/usu1755\/2025\/03\/1000103686-1536x1536.jpg 1536w\" sizes=\"auto, (max-width: 512px) 100vw, 512px\" \/><\/a><\/p>\n<p style=\"text-align: center;\"><iframe loading=\"lazy\" src=\"\/\/www.youtube.com\/embed\/aqI1Yf3D1Aw\" width=\"560\" height=\"314\" allowfullscreen=\"allowfullscreen\"><\/iframe><\/p>\n<p>&nbsp;<\/p>\n","protected":false},"excerpt":{"rendered":"<p>Aquest curs, a la nostra escola, estem participant en el projecte eTwinning, una iniciativa europea que fomenta la col\u00b7laboraci\u00f3 entre centres educatius de diferents pa\u00efsos mitjan\u00e7ant l\u2019\u00fas de les tecnologies digitals. A trav\u00e9s d\u2019aquesta plataforma, l\u2019alumnat i el professorat poden treballar conjuntament en projectes innovadors,&hellip;  <a href=\"https:\/\/agora.xtec.cat\/escolasantaagnes\/etwinning-24-25\/\" title=\"Read eTwinning 24-25\">Llegeix m\u00e9s\u00bb<\/a><\/p>\n","protected":false},"author":1,"featured_media":0,"parent":0,"menu_order":0,"comment_status":"closed","ping_status":"closed","template":"","meta":{"_bbp_topic_count":0,"_bbp_reply_count":0,"_bbp_total_topic_count":0,"_bbp_total_reply_count":0,"_bbp_voice_count":0,"_bbp_anonymous_reply_count":0,"_bbp_topic_count_hidden":0,"_bbp_reply_count_hidden":0,"_bbp_forum_subforum_count":0,"footnotes":""},"class_list":["post-5182","page","type-page","status-publish","hentry"],"post_mailing_queue_ids":[],"_links":{"self":[{"href":"https:\/\/agora.xtec.cat\/escolasantaagnes\/wp-json\/wp\/v2\/pages\/5182","targetHints":{"allow":["GET"]}}],"collection":[{"href":"https:\/\/agora.xtec.cat\/escolasantaagnes\/wp-json\/wp\/v2\/pages"}],"about":[{"href":"https:\/\/agora.xtec.cat\/escolasantaagnes\/wp-json\/wp\/v2\/types\/page"}],"author":[{"embeddable":true,"href":"https:\/\/agora.xtec.cat\/escolasantaagnes\/wp-json\/wp\/v2\/users\/1"}],"replies":[{"embeddable":true,"href":"https:\/\/agora.xtec.cat\/escolasantaagnes\/wp-json\/wp\/v2\/comments?post=5182"}],"version-history":[{"count":7,"href":"https:\/\/agora.xtec.cat\/escolasantaagnes\/wp-json\/wp\/v2\/pages\/5182\/revisions"}],"predecessor-version":[{"id":5372,"href":"https:\/\/agora.xtec.cat\/escolasantaagnes\/wp-json\/wp\/v2\/pages\/5182\/revisions\/5372"}],"wp:attachment":[{"href":"https:\/\/agora.xtec.cat\/escolasantaagnes\/wp-json\/wp\/v2\/media?parent=5182"}],"curies":[{"name":"wp","href":"https:\/\/api.w.org\/{rel}","templated":true}]}}