{"id":5114,"date":"2025-02-04T13:19:42","date_gmt":"2025-02-04T12:19:42","guid":{"rendered":"https:\/\/agora.xtec.cat\/escolasantaagnes\/?page_id=5114"},"modified":"2026-02-09T18:52:07","modified_gmt":"2026-02-09T17:52:07","slug":"erasmus-imatges","status":"publish","type":"page","link":"https:\/\/agora.xtec.cat\/escolasantaagnes\/projectes\/erasmus\/erasmus-imatges\/","title":{"rendered":"ERASMUS 24-25"},"content":{"rendered":"<p><span style=\"text-decoration: underline;\"><strong><a href=\"https:\/\/agora.xtec.cat\/escolasantaagnes\/wp-content\/uploads\/usu1755\/2025\/02\/LOGO-ERASMUS-24_25-1.png\"><img loading=\"lazy\" decoding=\"async\" class=\"wp-image-5173 alignright\" src=\"https:\/\/agora.xtec.cat\/escolasantaagnes\/wp-content\/uploads\/usu1755\/2025\/02\/LOGO-ERASMUS-24_25-1.png\" alt=\"\" width=\"177\" height=\"190\" srcset=\"https:\/\/agora.xtec.cat\/escolasantaagnes\/wp-content\/uploads\/usu1755\/2025\/02\/LOGO-ERASMUS-24_25-1.png 1374w, https:\/\/agora.xtec.cat\/escolasantaagnes\/wp-content\/uploads\/usu1755\/2025\/02\/LOGO-ERASMUS-24_25-1-280x300.png 280w, https:\/\/agora.xtec.cat\/escolasantaagnes\/wp-content\/uploads\/usu1755\/2025\/02\/LOGO-ERASMUS-24_25-1-956x1024.png 956w, https:\/\/agora.xtec.cat\/escolasantaagnes\/wp-content\/uploads\/usu1755\/2025\/02\/LOGO-ERASMUS-24_25-1-768x823.png 768w\" sizes=\"auto, (max-width: 177px) 100vw, 177px\" \/><\/a><\/strong><\/span><\/p>\n<p>&nbsp;<\/p>\n<p><span style=\"font-weight: 400;\">Aquest curs 24-25 l\u2019Escola Santa Agn\u00e8s ens hem adherit al consorci ALASVO per tal de poder participar en el programa ERASMUS+. Juntament a nosaltres tamb\u00e9 s\u2019hi han afegit l\u2019Escola Pilar Mestres (Roca del Vall\u00e8s), Escola Tur\u00f3 de Can Gili (Granollers), l\u2019Escola Salvador Espriu (Granollers), l\u2019Escola Granullarius (Granollers) i l\u2019Escola Jacint Verdaguer (Canovelles).<\/span><\/p>\n<p><span style=\"font-weight: 400;\">Per tal d\u2019assolir tots els objectius establerts com a consorci, hem acordat fer un seguit d\u2019actuacions:<\/span><\/p>\n<ul>\n<li style=\"font-weight: 400;\" aria-level=\"1\"><span style=\"text-decoration: underline;\"><span style=\"font-weight: 400;\">BONES PR\u00c0CTIQUES\u00a0<\/span><\/span><\/li>\n<\/ul>\n<p><span style=\"font-weight: 400;\">Les escoles del Consorci ens trobem una vegada al mes per organitzar totes les mobilitats i per con\u00e8ixer metodologies que ens defineixen com a centre.<\/span><\/p>\n<ul>\n<li style=\"font-weight: 400;\" aria-level=\"1\"><span style=\"font-weight: 400;\">PROJECTE BATEGA (Granullarius)<\/span><\/li>\n<li style=\"font-weight: 400;\" aria-level=\"1\"><span style=\"font-weight: 400;\">TALLERS INTERNIVELLS (Canovelles)<\/span><\/li>\n<\/ul>\n<p style=\"text-align: center;\">***<\/p>\n<p><span style=\"font-weight: 400;\">Un mestre de cada escola ha participat a la formaci\u00f3 STEAM (Science Thecnology Enginery Arts and Maths) a la poblaci\u00f3 d\u2019OULU (Finl\u00e0ndia) el mes de febrer.<\/span><\/p>\n<p style=\"text-align: center;\">***<\/p>\n<p><span style=\"text-decoration: underline;\"><strong>JOB SHADOWING<\/strong><\/span><\/p>\n<p><span style=\"font-weight: 400;\">Per una altra banda, mestres de les escoles hem anat a observar com funcionen escoles del nostre entorn i d\u2019Europa:<\/span><\/p>\n<ul>\n<li style=\"font-weight: 400;\" aria-level=\"1\"><span style=\"font-weight: 400;\">ESCOLES DE LA ZONA<\/span><\/li>\n<\/ul>\n<p><span style=\"font-weight: 400;\">Mestres de l\u2019escola Santa Agn\u00e8s hem anat a veure l\u2019escola:<\/span><\/p>\n<ul>\n<li style=\"font-weight: 400;\" aria-level=\"1\"><span style=\"font-weight: 400;\">Jacint Verdaguer (Granollers) novembre 2024<\/span><\/li>\n<li style=\"font-weight: 400;\" aria-level=\"1\"><span style=\"font-weight: 400;\">Tur\u00f3 de Can Gili (Granollers) mar\u00e7 2025<\/span><\/li>\n<\/ul>\n<ul>\n<li style=\"font-weight: 400;\" aria-level=\"2\"><span style=\"font-weight: 400;\">ESCOLES A FINL\u00c0NDIA (Porvoo) maig 2025<\/span><\/li>\n<li style=\"font-weight: 400;\" aria-level=\"2\"><span style=\"font-weight: 400;\">ESCOLES A FRAN\u00c7A. (Bordeaux) abril 2025<\/span><\/li>\n<\/ul>\n<p style=\"text-align: center;\">***<\/p>\n<p><span style=\"font-weight: 400;\">Per altra banda, mestres de fora de casa han vingut a veure\u2019ns.<\/span><\/p>\n<ul>\n<li style=\"list-style-type: none;\">\n<ul>\n<li style=\"font-weight: 400;\" aria-level=\"1\"><span style=\"font-weight: 400;\">ESCOLES DE LA ZONA<\/span>\n<ul>\n<li style=\"font-weight: 400;\" aria-level=\"2\"><span style=\"font-weight: 400;\">Escola Salvador Espriu (Granollers) novembre 2024<\/span><\/li>\n<li style=\"font-weight: 400;\" aria-level=\"2\"><span style=\"font-weight: 400;\">Escola Jacint Verdaguer (Canovelles) mar\u00e7 2025<\/span><\/li>\n<\/ul>\n<\/li>\n<li style=\"font-weight: 400;\" aria-level=\"1\"><span style=\"font-weight: 400;\">ESCOLA DE LES A\u00c7ORES (Terceira) maig 2025<\/span><\/li>\n<\/ul>\n<\/li>\n<\/ul>\n<p>&nbsp;<\/p>\n<ul>\n<li style=\"font-weight: 400;\" aria-level=\"1\"><span style=\"font-weight: 400;\">MOBILITAT ALUMNES<\/span><\/li>\n<\/ul>\n<p><span style=\"font-weight: 400;\">Cadascuna de les escoles del consorci han ofert una pla\u00e7a a cada aula de cicle superior per poder fer un intercanvi amb alumnes d\u2019una escola de la localitat de Terceira, A\u00e7ores (Portugal).<\/span><\/p>\n<p><span style=\"font-weight: 400;\">Despr\u00e9s del proc\u00e9s de selecci\u00f3 espec\u00edfic a cada escola, 5 alumnes de les escoles del Consorci juntament amb 2 mestres viatjaran el proper mes de maig de 2025 cap a les A\u00e7ores i, unes setmanes m\u00e9s endavant, rebran alumnes de les A\u00e7ores aqu\u00ed.<\/span><\/p>\n<p>&nbsp;<\/p>\n<p><span style=\"text-decoration: underline;\"><strong>INTERCANVI FINL\u00c0NDIA (STEAM) &#8211; OULU<\/strong><\/span><\/p>\n<p><span style=\"text-decoration: underline;\"><strong><a href=\"https:\/\/agora.xtec.cat\/escolasantaagnes\/wp-content\/uploads\/usu1755\/2025\/02\/1.-PORTADA.jpg\"><img loading=\"lazy\" decoding=\"async\" class=\"wp-image-5159 aligncenter\" src=\"https:\/\/agora.xtec.cat\/escolasantaagnes\/wp-content\/uploads\/usu1755\/2025\/02\/1.-PORTADA.jpg\" alt=\"\" width=\"495\" height=\"371\" srcset=\"https:\/\/agora.xtec.cat\/escolasantaagnes\/wp-content\/uploads\/usu1755\/2025\/02\/1.-PORTADA.jpg 1600w, https:\/\/agora.xtec.cat\/escolasantaagnes\/wp-content\/uploads\/usu1755\/2025\/02\/1.-PORTADA-300x225.jpg 300w, https:\/\/agora.xtec.cat\/escolasantaagnes\/wp-content\/uploads\/usu1755\/2025\/02\/1.-PORTADA-1024x768.jpg 1024w, https:\/\/agora.xtec.cat\/escolasantaagnes\/wp-content\/uploads\/usu1755\/2025\/02\/1.-PORTADA-768x576.jpg 768w, https:\/\/agora.xtec.cat\/escolasantaagnes\/wp-content\/uploads\/usu1755\/2025\/02\/1.-PORTADA-1536x1152.jpg 1536w, https:\/\/agora.xtec.cat\/escolasantaagnes\/wp-content\/uploads\/usu1755\/2025\/02\/1.-PORTADA-200x150.jpg 200w\" sizes=\"auto, (max-width: 495px) 100vw, 495px\" \/><\/a><\/strong><\/span><\/p>\n<p><span style=\"text-decoration: underline;\">Articles vinculats:<\/span><\/p>\n<ul>\n<li style=\"list-style-type: none;\">\n<ul>\n<li style=\"list-style-type: none;\">\n<ul>\n<li><a href=\"https:\/\/agora.xtec.cat\/escolasantaagnes\/general\/tancament-del-curs-steam-a-oulu\/\" target=\"_blank\" rel=\"noopener\">Tancament formaci\u00f3 STEAM<\/a><\/li>\n<li><a href=\"https:\/\/agora.xtec.cat\/escolasantaagnes\/general\/erasmus-visita-a-la-hintta-comprehensive-school\/\" target=\"_blank\" rel=\"noopener\">Visita a la Hintta Comprehensive School<\/a><\/li>\n<li><a href=\"https:\/\/agora.xtec.cat\/escolasantaagnes\/general\/visita-a-rajakyla-comprehensive-school\/\" target=\"_blank\" rel=\"noopener\">Visita a la Rajakyl\u00e4 Comprehensive School<\/a><\/li>\n<li><a href=\"https:\/\/agora.xtec.cat\/escolasantaagnes\/general\/primers-dies-de-mobilitat-erasmus-alasvo-a-oulu\/\" target=\"_blank\" rel=\"noopener\">Primers dies de mobilitat Erasmus+ ALASVO a Oulu<\/a><\/li>\n<li><a href=\"https:\/\/agora.xtec.cat\/escolasantaagnes\/general\/welcome-to-oulu\/\" target=\"_blank\" rel=\"noopener\">WELCOME TO OULU!<\/a><\/li>\n<\/ul>\n<\/li>\n<\/ul>\n<\/li>\n<\/ul>\n<p><span style=\"text-decoration: underline;\"><strong>INTERCANVI FRAN\u00c7A &#8211; BORDEAUX<\/strong><\/span><\/p>\n<ul>\n<li style=\"list-style-type: none;\">\n<ul>\n<li style=\"list-style-type: none;\">\n<ul>\n<li><a href=\"https:\/\/agora.xtec.cat\/escolasantaagnes\/general\/ecole-elementaire-nuyens-bordeus\/\" target=\"_blank\" rel=\"noopener\">\u00c9cole \u00e9l\u00e9metaire Nuyens<\/a><\/li>\n<li><a href=\"https:\/\/agora.xtec.cat\/escolasantaagnes\/wp-admin\/post.php?post=5347&amp;action=edit\" target=\"_blank\" rel=\"noopener\">\u00c9cole maternelle Nuyens<\/a><\/li>\n<\/ul>\n<\/li>\n<\/ul>\n<\/li>\n<\/ul>\n<p>&nbsp;<\/p>\n<p><span style=\"text-decoration: underline;\"><strong>INTERCANVI FINL\u00c0NDIA &#8211; PORVOO<\/strong><\/span><\/p>\n<ul>\n<li style=\"list-style-type: none;\">\n<ul>\n<li style=\"list-style-type: none;\">\n<ul>\n<li><a href=\"https:\/\/agora.xtec.cat\/escolasantaagnes\/general\/porvoo-i-el-seu-sistema-educatiu\/\" target=\"_blank\" rel=\"noopener\">Porvoo i el seu sistema educatiu<\/a><\/li>\n<li><a href=\"https:\/\/agora.xtec.cat\/escolasantaagnes\/general\/sannas-skolas\/\" target=\"_blank\" rel=\"noopener\">Sann\u00e4s skolas<\/a><\/li>\n<li><a href=\"https:\/\/agora.xtec.cat\/escolasantaagnes\/general\/lyceiparkens-skola\/\" target=\"_blank\" rel=\"noopener\">Lyceiparkens skolas<\/a><\/li>\n<li><a href=\"https:\/\/agora.xtec.cat\/escolasantaagnes\/general\/kvarnbackens-skola\/\" target=\"_blank\" rel=\"noopener\">Kvarbackens skola<\/a><\/li>\n<li><a href=\"https:\/\/agora.xtec.cat\/escolasantaagnes\/general\/stromborgska-skolan\/\" target=\"_blank\" rel=\"noopener\"><span style=\"font-weight: 400;\">Str\u00f6mborgska skolan<\/span><\/a><\/li>\n<\/ul>\n<\/li>\n<\/ul>\n<\/li>\n<\/ul>\n<h5 style=\"text-align: right;\"><strong><i>\u00a0&#8220;La Uni\u00f3 Europea no es fa responsable de la informaci\u00f3 continguda en aquesta publicaci\u00f3.&#8221;\u00a0<\/i><\/strong><\/h5>\n","protected":false},"excerpt":{"rendered":"<p><a href=\"https:\/\/agora.xtec.cat\/escolasantaagnes\/wp-content\/uploads\/usu1755\/2025\/02\/LOGO-ERASMUS-24_25-1.png\"><\/a><br \/>\n&nbsp;<br \/>\nAquest curs 24-25 l\u2019Escola Santa Agn\u00e8s ens hem adherit al consorci ALASVO per tal de poder participar en el programa ERASMUS+. Juntament a nosaltres tamb\u00e9 s\u2019hi han afegit l\u2019Escola Pilar Mestres (Roca del Vall\u00e8s), Escola Tur\u00f3 de Can Gili (Granollers), l\u2019Escola Salvador Espriu (Granollers),&hellip;  <a href=\"https:\/\/agora.xtec.cat\/escolasantaagnes\/projectes\/erasmus\/erasmus-imatges\/\" title=\"Read ERASMUS 24-25\">Llegeix m\u00e9s\u00bb<\/a><\/p>\n","protected":false},"author":1,"featured_media":0,"parent":4870,"menu_order":0,"comment_status":"closed","ping_status":"closed","template":"","meta":{"_bbp_topic_count":0,"_bbp_reply_count":0,"_bbp_total_topic_count":0,"_bbp_total_reply_count":0,"_bbp_voice_count":0,"_bbp_anonymous_reply_count":0,"_bbp_topic_count_hidden":0,"_bbp_reply_count_hidden":0,"_bbp_forum_subforum_count":0,"footnotes":""},"class_list":["post-5114","page","type-page","status-publish","hentry"],"post_mailing_queue_ids":[],"_links":{"self":[{"href":"https:\/\/agora.xtec.cat\/escolasantaagnes\/wp-json\/wp\/v2\/pages\/5114","targetHints":{"allow":["GET"]}}],"collection":[{"href":"https:\/\/agora.xtec.cat\/escolasantaagnes\/wp-json\/wp\/v2\/pages"}],"about":[{"href":"https:\/\/agora.xtec.cat\/escolasantaagnes\/wp-json\/wp\/v2\/types\/page"}],"author":[{"embeddable":true,"href":"https:\/\/agora.xtec.cat\/escolasantaagnes\/wp-json\/wp\/v2\/users\/1"}],"replies":[{"embeddable":true,"href":"https:\/\/agora.xtec.cat\/escolasantaagnes\/wp-json\/wp\/v2\/comments?post=5114"}],"version-history":[{"count":6,"href":"https:\/\/agora.xtec.cat\/escolasantaagnes\/wp-json\/wp\/v2\/pages\/5114\/revisions"}],"predecessor-version":[{"id":5890,"href":"https:\/\/agora.xtec.cat\/escolasantaagnes\/wp-json\/wp\/v2\/pages\/5114\/revisions\/5890"}],"up":[{"embeddable":true,"href":"https:\/\/agora.xtec.cat\/escolasantaagnes\/wp-json\/wp\/v2\/pages\/4870"}],"wp:attachment":[{"href":"https:\/\/agora.xtec.cat\/escolasantaagnes\/wp-json\/wp\/v2\/media?parent=5114"}],"curies":[{"name":"wp","href":"https:\/\/api.w.org\/{rel}","templated":true}]}}