{"id":5068,"date":"2025-01-29T15:37:31","date_gmt":"2025-01-29T14:37:31","guid":{"rendered":"https:\/\/agora.xtec.cat\/escolasantaagnes\/?page_id=5068"},"modified":"2026-04-10T16:03:04","modified_gmt":"2026-04-10T14:03:04","slug":"acords-consell-escolar","status":"publish","type":"page","link":"https:\/\/agora.xtec.cat\/escolasantaagnes\/acords-consell-escolar\/","title":{"rendered":"ACORDS CONSELL ESCOLAR"},"content":{"rendered":"<p>Amb la intenci\u00f3 de garantir el m\u00e0xim possible la informaci\u00f3 dels acords presos en sessi\u00f3 col\u00b7legiada del Consell Escolar a tota la comunitat educativa de l&#8217;Escola Santa Agn\u00e8s, us deixem a continuaci\u00f3 els acords presos en les darreres sessions de Consell Escolar.<\/p>\n<p><span style=\"text-decoration: underline;\"><span style=\"color: #ff6600;\"><strong>Curs 2025-2026<\/strong><\/span><\/span><\/p>\n<p><span style=\"text-decoration: underline;\">ACORDS COMISSI\u00d3 ECON\u00d2MICA 10 D&#8217;ABRIL DE 2026<\/span><\/p>\n<ol>\n<li>S&#8217;acorda que l&#8217;escola assumir\u00e0 265,08\u20ac en concepte d&#8217;autocars per a la sortida de &#8220;La Granja&#8221; (Palautordera).<\/li>\n<\/ol>\n<p><span style=\"text-decoration: underline;\">ACORDS CONSELL ESCOLAR 27 DE GENER DE 2026<\/span><\/p>\n<ol>\n<li>S&#8217;aprova la liquidaci\u00f3 del 2025 i el pressupost del 2026.<\/li>\n<li>S&#8217;aprova el pla de comunicaci\u00f3 del centre.<\/li>\n<\/ol>\n<p><span style=\"text-decoration: underline;\">ACORDS CONSELL ESCOLAR 1 DE DESEMBRE DE 2025<\/span><\/p>\n<ol>\n<li>S&#8217;acorda que per norma general els consells escolars es faran en dilluns a excepci\u00f3 dels consells escolars de juny per aprovar la mem\u00f2ria del curs corresponent. Aquesta data i hora s&#8217;acordar\u00e0 al consell escolar del mes de maig.<\/li>\n<li>S&#8217;acorden els membres de les diferents comissions (econ\u00f2mica, conviv\u00e8ncia i menjador).<\/li>\n<li>S&#8217;acorden els membres del consell escolar municipal del sector pares.<\/li>\n<\/ol>\n<p><span style=\"text-decoration: underline;\">ACORDS CONSELL ESCOLAR 14 D&#8217;OCTUBRE DE 2025<\/span><\/p>\n<ol>\n<li>S&#8217;aprova la PGA del curs 25-26.<\/li>\n<li>S&#8217;acorda fer els consells escolars en dilluns en horari de 16:45 endavant.<\/li>\n<li>S&#8217;acorda que es permetran fer fotos en actes p\u00fablics on totes les fam\u00edlies d\u2019un grup o escola\u00a0 hi estiguin convidades per a \u00fas personal i dom\u00e8stic i ser\u00e0 responsabilitat seva en cas que hi hagi difusi\u00f3. S\u2019incorporar\u00e0 una indicaci\u00f3 al respecte a tots els mail on es convidin a fam\u00edlies a festes o actes.<\/li>\n<li>S&#8217;acorda no participar en el Programa PAcTE<\/li>\n<\/ol>\n<p>&nbsp;<\/p>\n<p><span style=\"text-decoration: underline; color: #339966;\"><strong>Curs 2024-2025<\/strong><\/span><\/p>\n<p><span style=\"text-decoration: underline;\">CONSELL ESCOLAR\u00a0 EXTRAORDIN\u00c0RI. COMISSI\u00d3 ECON\u00d2MICA DIJOUS 5 DE JUNY DE 2025.<\/span><\/p>\n<ul>\n<li>S&#8217;aprova un preu de servei de menjador de cara al curs 25-26.\n<ul>\n<li>Preu alumne i dia en r\u00e8gim fix: 7,85\u20ac<\/li>\n<li>Preu alumne i dia en r\u00e8gim espor\u00e0dic: 8&#8217;65\u20ac<\/li>\n<\/ul>\n<\/li>\n<\/ul>\n<p><span style=\"text-decoration: underline;\">ACORDS CONSELL ESCOLAR 20 DE MAIG DE 2025<\/span><\/p>\n<ul>\n<li>S&#8217;aprova el Pla d&#8217;Acci\u00f3 tutorial.<\/li>\n<li>S&#8217;aprova el Projecte Ling\u00fc\u00edstic de Centre.<\/li>\n<li>S&#8217;aprova fer un Consell Escolar extraordinari per parlar mb l&#8217;empresa sobre els preus dels men\u00fas.<\/li>\n<li>Es comuniquen les dates dels dies festius del curs 25-26, aix\u00ed com dates rellevants a tenir en compte.<\/li>\n<\/ul>\n<p><span style=\"text-decoration: underline;\"><span style=\"font-weight: 400;\">ACORDS CONSELL ESCOLAR 29 DE GENER DE 2025<\/span><\/span><\/p>\n<ul>\n<li style=\"font-weight: 400;\" aria-level=\"1\"><span style=\"font-weight: 400;\">S\u2019aprova la liquidaci\u00f3 del 2024 i el pressupost del 2025<\/span><\/li>\n<li style=\"font-weight: 400;\" aria-level=\"1\"><span style=\"font-weight: 400;\">S\u2019aprova la limitaci\u00f3 de no permetre a alumnes a participar en col\u00f2nies escolars si no hi ha liquidats tots els pagaments de material, sortides i col\u00f2nies de forma pr\u00e8via a la realitzaci\u00f3 de les col\u00f2nies i\/o viatge.<\/span><\/li>\n<li style=\"font-weight: 400;\" aria-level=\"1\"><span style=\"font-weight: 400;\">S\u2019aprova el pla d\u2019acollida de professionals del centre i el pla d\u2019acollida de fam\u00edlies.<\/span><\/li>\n<li style=\"font-weight: 400;\" aria-level=\"1\"><span style=\"font-weight: 400;\">S\u2019informa de les mobilitats de docents i alumne de CS en el marc del projecte Erasmus+<\/span><\/li>\n<li style=\"font-weight: 400;\" aria-level=\"1\"><span style=\"font-weight: 400;\">S\u2019informa que les antigues pantalles digitals han estat donades a l\u2019Associaci\u00f3 Ramass\u00e0<\/span><\/li>\n<li style=\"font-weight: 400;\" aria-level=\"1\"><span style=\"font-weight: 400;\">S\u2019informa als membres de la comissi\u00f3 de menjador que properament es convocar\u00e0 una reuni\u00f3 de seguiment del servei<\/span><\/li>\n<li style=\"font-weight: 400;\" aria-level=\"1\"><span style=\"font-weight: 400;\">S\u2019informa que la comissi\u00f3 EDC del centre elaborar\u00e0 una proposta sobre les normes d\u2019\u00fas de l\u2019equipament tecnol\u00f2gic per part de l\u2019alumnat que ser\u00e0 valorada per la comissi\u00f3 de conviv\u00e8ncia del CE per a la seva posterior aprovaci\u00f3 pel CE.<\/span><\/li>\n<\/ul>\n<p><span style=\"text-decoration: underline;\"><span style=\"font-weight: 400;\">ACORDS CONSELL ESCOLAR 15 D\u2019OCTUBRE DE 2024<\/span><\/span><\/p>\n<ul>\n<li style=\"font-weight: 400;\" aria-level=\"1\"><span style=\"font-weight: 400;\">S\u2019aprova la Programaci\u00f3 General Anual per al curs 24-25<\/span><\/li>\n<li style=\"font-weight: 400;\" aria-level=\"1\"><span style=\"font-weight: 400;\">S\u2019aprova el Pla d\u2019Atenci\u00f3 Educativa<\/span><\/li>\n<li style=\"font-weight: 400;\" aria-level=\"1\"><span style=\"font-weight: 400;\">S\u2019aprova el Pla d\u2019acollida digital<\/span><\/li>\n<li style=\"font-weight: 400;\" aria-level=\"1\"><span style=\"font-weight: 400;\">El Consell Escolar reafirma l\u2019aprovaci\u00f3 la realitzaci\u00f3 de col\u00f2nies en els seg\u00fcents cursos: I5, 2n i 4t (amb una nit de pernoctaci\u00f3) i 6\u00e8 (amb dues nits de pernoctaci\u00f3). en el cas de grups mixtes, es faran col\u00f2nies quan cursin I5-1r, 2n-3r, 4t-5\u00e8 i 5\u00e8-6\u00e8. Aix\u00f2 suposa un total de quatre activitats amb pernoctaci\u00f3 al llarg de l\u2019escolaritat en ambd\u00f3s casos. A m\u00e9s, per garantir que tots els alumnes gaudeixin d\u2019una activitat de tancament de cicle, els alumnes que siguin la franja m\u00e9s petita del grup mixt realitzaran una activitat especial de comiat de l\u2019etapa educativa a 6\u00e8, sense pernoctaci\u00f3, ja que el viatge l\u2019hauran fet un any abans del que els hauria correspost si el seu grup no fos mixt.<\/span><\/li>\n<\/ul>\n<p><span style=\"text-decoration: underline;\"><span style=\"font-weight: 400;\">ACORDS CONSELL ESCOLAR 8 D\u2019OCTUBRE DE 2024<\/span><\/span><\/p>\n<ul>\n<li style=\"font-weight: 400;\" aria-level=\"1\"><span style=\"font-weight: 400;\">S\u2019aproven les sortides per al curs 24-25 i el cost per alumne.<\/span><\/li>\n<li style=\"font-weight: 400;\" aria-level=\"1\"><span style=\"font-weight: 400;\">S\u2019acorda que per a propers cursos es faran sortides amb m\u00e9s d\u2019un o dos grups per tal de reduir el cost de l\u2019autocar, i per tant de les sortides, malgrat no estaran vinculades a projectes d\u2019aula.<\/span><\/li>\n<\/ul>\n<p><span style=\"text-decoration: underline;\"><strong><span style=\"color: #339966; text-decoration: underline;\">Curs 2023-2024<\/span><\/strong><\/span><\/p>\n<table style=\"border-collapse: collapse; width: 100%;\">\n<tbody>\n<tr>\n<td style=\"width: 100%;\">ACORDS CONSELL ESCOLAR 12 DE DESEMBRE DE 2023<\/td>\n<\/tr>\n<tr>\n<td style=\"width: 100%;\">\n<ol>\n<li>Constituci\u00f3 nous membres consell escolar (posterior eleccions consell escolar novembre &#8217;23)<\/li>\n<\/ol>\n<p><a href=\"https:\/\/agora.xtec.cat\/escolasantaagnes\/lescola\/consell-escolar\/eleccions-consell-escolar-2023\/\">+ info<\/a><\/td>\n<\/tr>\n<\/tbody>\n<\/table>\n<table style=\"border-collapse: collapse; width: 100%;\">\n<tbody>\n<tr>\n<td style=\"width: 100%;\">ACORDS CONSELL ESCOLAR 24 D&#8217;OCTUBRE DE 2023<\/td>\n<\/tr>\n<tr>\n<td style=\"width: 100%;\">\n<ol>\n<li>Aprovaci\u00f3 PGA curs 23-24<\/li>\n<li>Aprovaci\u00f3 sortides curs 23-24<\/li>\n<\/ol>\n<\/td>\n<\/tr>\n<\/tbody>\n<\/table>\n","protected":false},"excerpt":{"rendered":"<p>Amb la intenci\u00f3 de garantir el m\u00e0xim possible la informaci\u00f3 dels acords presos en sessi\u00f3 col\u00b7legiada del Consell Escolar a tota la comunitat educativa de l&#8217;Escola Santa Agn\u00e8s, us deixem a continuaci\u00f3 els acords presos en les darreres sessions de Consell Escolar.<br \/>\nCurs 2025-2026<br \/>\nACORDS COMISSI\u00d3 ECON\u00d2MICA&hellip;  <a href=\"https:\/\/agora.xtec.cat\/escolasantaagnes\/acords-consell-escolar\/\" title=\"Read ACORDS CONSELL ESCOLAR\">Llegeix m\u00e9s\u00bb<\/a><\/p>\n","protected":false},"author":1,"featured_media":0,"parent":0,"menu_order":0,"comment_status":"closed","ping_status":"closed","template":"","meta":{"_bbp_topic_count":0,"_bbp_reply_count":0,"_bbp_total_topic_count":0,"_bbp_total_reply_count":0,"_bbp_voice_count":0,"_bbp_anonymous_reply_count":0,"_bbp_topic_count_hidden":0,"_bbp_reply_count_hidden":0,"_bbp_forum_subforum_count":0,"footnotes":""},"class_list":["post-5068","page","type-page","status-publish","hentry"],"post_mailing_queue_ids":[],"_links":{"self":[{"href":"https:\/\/agora.xtec.cat\/escolasantaagnes\/wp-json\/wp\/v2\/pages\/5068","targetHints":{"allow":["GET"]}}],"collection":[{"href":"https:\/\/agora.xtec.cat\/escolasantaagnes\/wp-json\/wp\/v2\/pages"}],"about":[{"href":"https:\/\/agora.xtec.cat\/escolasantaagnes\/wp-json\/wp\/v2\/types\/page"}],"author":[{"embeddable":true,"href":"https:\/\/agora.xtec.cat\/escolasantaagnes\/wp-json\/wp\/v2\/users\/1"}],"replies":[{"embeddable":true,"href":"https:\/\/agora.xtec.cat\/escolasantaagnes\/wp-json\/wp\/v2\/comments?post=5068"}],"version-history":[{"count":7,"href":"https:\/\/agora.xtec.cat\/escolasantaagnes\/wp-json\/wp\/v2\/pages\/5068\/revisions"}],"predecessor-version":[{"id":6018,"href":"https:\/\/agora.xtec.cat\/escolasantaagnes\/wp-json\/wp\/v2\/pages\/5068\/revisions\/6018"}],"wp:attachment":[{"href":"https:\/\/agora.xtec.cat\/escolasantaagnes\/wp-json\/wp\/v2\/media?parent=5068"}],"curies":[{"name":"wp","href":"https:\/\/api.w.org\/{rel}","templated":true}]}}