{"id":5019,"date":"2024-11-27T17:06:30","date_gmt":"2024-11-27T16:06:30","guid":{"rendered":"https:\/\/agora.xtec.cat\/escolasantaagnes\/?page_id=5019"},"modified":"2024-11-28T10:12:30","modified_gmt":"2024-11-28T09:12:30","slug":"vallesbot","status":"publish","type":"page","link":"https:\/\/agora.xtec.cat\/escolasantaagnes\/projectes\/vallesbot\/","title":{"rendered":"VALL\u00c8SBOT"},"content":{"rendered":"<p><b>En qu\u00e8 consisteix?<\/b><\/p>\n<p><span style=\"font-weight: 400;\">La <\/span><i><span style=\"font-weight: 400;\">Vall\u00e8sbot<\/span><\/i><span style=\"font-weight: 400;\"> \u00e9s un projecte educatiu intermunicipal que impulsa l&#8217;aprenentatge competencial en rob\u00f2tica i programaci\u00f3, amb l&#8217;objectiu de fomentar la resoluci\u00f3 de problem\u00e0tiques quotidianes mitjan\u00e7ant la tecnologia. Aquesta iniciativa est\u00e0 dirigida a l&#8217;alumnat de 6\u00e8 de prim\u00e0ria i secund\u00e0ria dels municipis de Granollers, Canovelles, La Roca del Vall\u00e8s i les Franqueses del Vall\u00e8s.\u00a0<\/span><\/p>\n<p><span style=\"font-weight: 400;\">La tem\u00e0tica de la 8a edici\u00f3 del Vall\u00e8sbot, que es dur\u00e0 a terme l&#8217;any 2025, se centrar\u00e0 en repensar els espais urbans amb una mirada din\u00e0mica, inclusiva i sostenible. Amb el lema &#8220;A la ciutat, s&#8217;hi juga&#8221;, el projecte convida els\/les alumnes a dissenyar ginys rob\u00f2tics que millorin la qualitat de vida a les ciutats, destacant aspectes com la interacci\u00f3 social, la intergeneracionalitat i la sostenibilitat. L&#8217;objectiu \u00e9s que els alumnes utilitzin la rob\u00f2tica i la programaci\u00f3 per crear solucions innovadores que responguin a problemes quotidians de les \u00e0rees urbanes.<\/span><\/p>\n<p><span style=\"font-weight: 400;\">En una jornada final, els\/les alumnes presentaran les seves creacions davant d&#8217;un jurat. Aquest projecte no nom\u00e9s fomenta l&#8217;aprenentatge tecnol\u00f2gic, sin\u00f3 que tamb\u00e9 refor\u00e7a la col\u00b7laboraci\u00f3 entre els centres educatius i les institucions locals, buscant inspirar noves vocacions tecnol\u00f2giques i afavorir la connexi\u00f3 entre el sector educatiu i empresarial\u200b.<\/span><\/p>\n<p><b>Objectius<\/b><\/p>\n<ol>\n<li style=\"font-weight: 400;\" aria-level=\"1\"><b>Fomentar l&#8217;aprenentatge de la rob\u00f2tica i la programaci\u00f3<\/b><span style=\"font-weight: 400;\"> com a eines de resoluci\u00f3 de problemes en l&#8217;\u00e0mbit del sector primari.<\/span><\/li>\n<li style=\"font-weight: 400;\" aria-level=\"1\"><b>Promoure la sostenibilitat i el respecte pel medi ambient<\/b><span style=\"font-weight: 400;\"> mitjan\u00e7ant solucions innovadores en la producci\u00f3 agr\u00edcola i ramadera.<\/span><\/li>\n<li style=\"font-weight: 400;\" aria-level=\"1\"><b>Afavorir la col\u00b7laboraci\u00f3 intermunicipal<\/b><span style=\"font-weight: 400;\"> per fomentar el treball en equip i el desenvolupament de noves idees tecnol\u00f2giques entre els joves.<\/span><\/li>\n<li style=\"font-weight: 400;\" aria-level=\"1\"><b>Iniciar als alumnes en les vocacions cient\u00edfiques i tecnol\u00f2giques<\/b><span style=\"font-weight: 400;\">, generant inter\u00e8s per l&#8217;\u00fas de la tecnologia per a millorar la societat.<\/span><\/li>\n<\/ol>\n<p><b>Valors que es promouen<\/b><\/p>\n<ul>\n<li style=\"font-weight: 400;\" aria-level=\"1\"><b>Creativitat i Innovaci\u00f3:<\/b><span style=\"font-weight: 400;\"> Els alumnes tenen l&#8217;oportunitat de pensar creativament per dissenyar solucions innovadores utilitzant tecnologia de rob\u00f2tica.<\/span><\/li>\n<li style=\"font-weight: 400;\" aria-level=\"1\"><b>Responsabilitat ambiental:<\/b><span style=\"font-weight: 400;\"> Els projectes se centren en la millora de la sostenibilitat, conscienciant els estudiants sobre la import\u00e0ncia de respectar i protegir el medi ambient.<\/span><\/li>\n<li style=\"font-weight: 400;\" aria-level=\"1\"><b>Col\u00b7laboraci\u00f3 i treball en equip:<\/b><span style=\"font-weight: 400;\"> Els estudiants treballen junts per resoldre problemes, fomentant el treball col\u00b7laboratiu i la comunicaci\u00f3 efectiva.<\/span><\/li>\n<li style=\"font-weight: 400;\" aria-level=\"1\"><b>Compet\u00e8ncia tecnol\u00f2gica:<\/b><span style=\"font-weight: 400;\"> Els participants desenvolupen habilitats en rob\u00f2tica, programaci\u00f3 i enginyeria, abastant \u00e0rees de coneixement clau per al futur laboral.<\/span><\/li>\n<\/ul>\n<p><span style=\"font-weight: 400;\">Aquest projecte contribueix al desenvolupament de les futures generacions, preparant-les per afrontar els reptes del segle XXI mitjan\u00e7ant l&#8217;\u00fas responsable de la tecnologia.<\/span><\/p>\n","protected":false},"excerpt":{"rendered":"<p>En qu\u00e8 consisteix?<br \/>\nLa Vall\u00e8sbot \u00e9s un projecte educatiu intermunicipal que impulsa l&#8217;aprenentatge competencial en rob\u00f2tica i programaci\u00f3, amb l&#8217;objectiu de fomentar la resoluci\u00f3 de problem\u00e0tiques quotidianes mitjan\u00e7ant la tecnologia. Aquesta iniciativa est\u00e0 dirigida a l&#8217;alumnat de 6\u00e8 de prim\u00e0ria i secund\u00e0ria dels municipis de Granollers,&hellip;  <a href=\"https:\/\/agora.xtec.cat\/escolasantaagnes\/projectes\/vallesbot\/\" title=\"Read VALL\u00c8SBOT\">Llegeix m\u00e9s\u00bb<\/a><\/p>\n","protected":false},"author":1,"featured_media":0,"parent":4878,"menu_order":70,"comment_status":"closed","ping_status":"closed","template":"","meta":{"_bbp_topic_count":0,"_bbp_reply_count":0,"_bbp_total_topic_count":0,"_bbp_total_reply_count":0,"_bbp_voice_count":0,"_bbp_anonymous_reply_count":0,"_bbp_topic_count_hidden":0,"_bbp_reply_count_hidden":0,"_bbp_forum_subforum_count":0,"footnotes":""},"class_list":["post-5019","page","type-page","status-publish","hentry"],"post_mailing_queue_ids":[],"_links":{"self":[{"href":"https:\/\/agora.xtec.cat\/escolasantaagnes\/wp-json\/wp\/v2\/pages\/5019","targetHints":{"allow":["GET"]}}],"collection":[{"href":"https:\/\/agora.xtec.cat\/escolasantaagnes\/wp-json\/wp\/v2\/pages"}],"about":[{"href":"https:\/\/agora.xtec.cat\/escolasantaagnes\/wp-json\/wp\/v2\/types\/page"}],"author":[{"embeddable":true,"href":"https:\/\/agora.xtec.cat\/escolasantaagnes\/wp-json\/wp\/v2\/users\/1"}],"replies":[{"embeddable":true,"href":"https:\/\/agora.xtec.cat\/escolasantaagnes\/wp-json\/wp\/v2\/comments?post=5019"}],"version-history":[{"count":3,"href":"https:\/\/agora.xtec.cat\/escolasantaagnes\/wp-json\/wp\/v2\/pages\/5019\/revisions"}],"predecessor-version":[{"id":5054,"href":"https:\/\/agora.xtec.cat\/escolasantaagnes\/wp-json\/wp\/v2\/pages\/5019\/revisions\/5054"}],"up":[{"embeddable":true,"href":"https:\/\/agora.xtec.cat\/escolasantaagnes\/wp-json\/wp\/v2\/pages\/4878"}],"wp:attachment":[{"href":"https:\/\/agora.xtec.cat\/escolasantaagnes\/wp-json\/wp\/v2\/media?parent=5019"}],"curies":[{"name":"wp","href":"https:\/\/api.w.org\/{rel}","templated":true}]}}