{"id":5017,"date":"2024-11-27T17:06:14","date_gmt":"2024-11-27T16:06:14","guid":{"rendered":"https:\/\/agora.xtec.cat\/escolasantaagnes\/?page_id=5017"},"modified":"2024-11-28T10:15:04","modified_gmt":"2024-11-28T09:15:04","slug":"frances","status":"publish","type":"page","link":"https:\/\/agora.xtec.cat\/escolasantaagnes\/projectes\/frances\/","title":{"rendered":"FRANC\u00c8S"},"content":{"rendered":"<p><b>En qu\u00e8 consisteix?<\/b><\/p>\n<p><span style=\"font-weight: 400;\">Aquest curs hem incorporat el <\/span><b>franc\u00e8s<\/b><span style=\"font-weight: 400;\"> com a segona llengua estrangera per als alumnes del <\/span><b>cicle superior<\/b><span style=\"font-weight: 400;\"> de prim\u00e0ria. Aquesta nova proposta t\u00e9 com a objectiu ampliar les compet\u00e8ncies ling\u00fc\u00edstiques dels nostres alumnes i proporcionar-los eines per comunicar-se en un context pluriling\u00fce. La introducci\u00f3 d\u2019aquesta segona llengua estrangera es fa d&#8217;una manera adaptada a l&#8217;edat i les necessitats dels alumnes, establint una base s\u00f2lida per a futurs aprenentatges i desenvolupant la seva confian\u00e7a en l\u2019\u00fas de lleng\u00fces estrangeres.<\/span><\/p>\n<p><b>Objectius<\/b><\/p>\n<ul>\n<li style=\"font-weight: 400;\" aria-level=\"1\"><span style=\"font-weight: 400;\">Iniciar els alumnes en la comprensi\u00f3 i expressi\u00f3 b\u00e0sica en llengua francesa.<\/span><\/li>\n<li style=\"font-weight: 400;\" aria-level=\"1\"><span style=\"font-weight: 400;\">Estimular l\u2019inter\u00e8s i la curiositat per les lleng\u00fces i cultures diferents a la pr\u00f2pia.<\/span><\/li>\n<li style=\"font-weight: 400;\" aria-level=\"1\"><span style=\"font-weight: 400;\">Desenvolupar una base s\u00f2lida en franc\u00e8s que permeti una continu\u00eftat en l&#8217;aprenentatge a l&#8217;educaci\u00f3 secund\u00e0ria.<\/span><\/li>\n<li style=\"font-weight: 400;\" aria-level=\"1\"><span style=\"font-weight: 400;\">Afavorir la capacitat d\u2019adaptar-se a entorns pluriling\u00fces i multiculturals.<\/span><\/li>\n<li style=\"font-weight: 400;\" aria-level=\"1\"><span style=\"font-weight: 400;\">Millorar les compet\u00e8ncies comunicatives i ampliar el coneixement del m\u00f3n globalitzat.<\/span><\/li>\n<\/ul>\n<p><b>Valors que es promouen<\/b><\/p>\n<ul>\n<li style=\"font-weight: 400;\" aria-level=\"1\"><b>Respecte per la diversitat cultural i ling\u00fc\u00edstica<\/b><span style=\"font-weight: 400;\">: L&#8217;aprenentatge del franc\u00e8s fomenta una actitud oberta cap a altres cultures i maneres de comunicar-se.<\/span><\/li>\n<li style=\"font-weight: 400;\" aria-level=\"1\"><b>Curiositat i ganes d\u2019aprendre<\/b><span style=\"font-weight: 400;\">: Es treballa per despertar l&#8217;inter\u00e8s dels alumnes per explorar noves lleng\u00fces i tradicions.<\/span><\/li>\n<li style=\"font-weight: 400;\" aria-level=\"1\"><b>Autonomia i confian\u00e7a<\/b><span style=\"font-weight: 400;\">: Els alumnes guanyen seguretat a mesura que s\u2019expressen en una nova llengua i s\u2019atreveixen a superar reptes.<\/span><\/li>\n<li style=\"font-weight: 400;\" aria-level=\"1\"><b>Treball col\u00b7laboratiu<\/b><span style=\"font-weight: 400;\">: Les activitats en grup ajuden a desenvolupar la cooperaci\u00f3 i la comunicaci\u00f3 entre els alumnes.<\/span><\/li>\n<li style=\"font-weight: 400;\" aria-level=\"1\"><b>Compet\u00e8ncia global<\/b><span style=\"font-weight: 400;\">: En aprendre una nova llengua, els infants es preparen millor per a un futur on el coneixement de diversos idiomes \u00e9s essencial.<\/span><\/li>\n<\/ul>\n","protected":false},"excerpt":{"rendered":"<p>En qu\u00e8 consisteix?<br \/>\nAquest curs hem incorporat el franc\u00e8s com a segona llengua estrangera per als alumnes del cicle superior de prim\u00e0ria. Aquesta nova proposta t\u00e9 com a objectiu ampliar les compet\u00e8ncies ling\u00fc\u00edstiques dels nostres alumnes i proporcionar-los eines per comunicar-se en un context pluriling\u00fce. La&hellip;  <a href=\"https:\/\/agora.xtec.cat\/escolasantaagnes\/projectes\/frances\/\" title=\"Read FRANC\u00c8S\">Llegeix m\u00e9s\u00bb<\/a><\/p>\n","protected":false},"author":1,"featured_media":0,"parent":4878,"menu_order":60,"comment_status":"closed","ping_status":"closed","template":"","meta":{"_bbp_topic_count":0,"_bbp_reply_count":0,"_bbp_total_topic_count":0,"_bbp_total_reply_count":0,"_bbp_voice_count":0,"_bbp_anonymous_reply_count":0,"_bbp_topic_count_hidden":0,"_bbp_reply_count_hidden":0,"_bbp_forum_subforum_count":0,"footnotes":""},"class_list":["post-5017","page","type-page","status-publish","hentry"],"post_mailing_queue_ids":[],"_links":{"self":[{"href":"https:\/\/agora.xtec.cat\/escolasantaagnes\/wp-json\/wp\/v2\/pages\/5017","targetHints":{"allow":["GET"]}}],"collection":[{"href":"https:\/\/agora.xtec.cat\/escolasantaagnes\/wp-json\/wp\/v2\/pages"}],"about":[{"href":"https:\/\/agora.xtec.cat\/escolasantaagnes\/wp-json\/wp\/v2\/types\/page"}],"author":[{"embeddable":true,"href":"https:\/\/agora.xtec.cat\/escolasantaagnes\/wp-json\/wp\/v2\/users\/1"}],"replies":[{"embeddable":true,"href":"https:\/\/agora.xtec.cat\/escolasantaagnes\/wp-json\/wp\/v2\/comments?post=5017"}],"version-history":[{"count":3,"href":"https:\/\/agora.xtec.cat\/escolasantaagnes\/wp-json\/wp\/v2\/pages\/5017\/revisions"}],"predecessor-version":[{"id":5058,"href":"https:\/\/agora.xtec.cat\/escolasantaagnes\/wp-json\/wp\/v2\/pages\/5017\/revisions\/5058"}],"up":[{"embeddable":true,"href":"https:\/\/agora.xtec.cat\/escolasantaagnes\/wp-json\/wp\/v2\/pages\/4878"}],"wp:attachment":[{"href":"https:\/\/agora.xtec.cat\/escolasantaagnes\/wp-json\/wp\/v2\/media?parent=5017"}],"curies":[{"name":"wp","href":"https:\/\/api.w.org\/{rel}","templated":true}]}}