{"id":5015,"date":"2024-11-27T17:05:54","date_gmt":"2024-11-27T16:05:54","guid":{"rendered":"https:\/\/agora.xtec.cat\/escolasantaagnes\/?page_id=5015"},"modified":"2025-02-12T15:32:27","modified_gmt":"2025-02-12T14:32:27","slug":"e-twinnig","status":"publish","type":"page","link":"https:\/\/agora.xtec.cat\/escolasantaagnes\/projectes\/e-twinnig\/","title":{"rendered":"e TWINNING"},"content":{"rendered":"<p><a href=\"https:\/\/agora.xtec.cat\/escolasantaagnes\/wp-content\/uploads\/usu1755\/2025\/02\/etwinning_logo.png\"><img loading=\"lazy\" decoding=\"async\" class=\"alignnone size-full wp-image-5186\" src=\"https:\/\/agora.xtec.cat\/escolasantaagnes\/wp-content\/uploads\/usu1755\/2025\/02\/etwinning_logo.png\" alt=\"\" width=\"2321\" height=\"697\" srcset=\"https:\/\/agora.xtec.cat\/escolasantaagnes\/wp-content\/uploads\/usu1755\/2025\/02\/etwinning_logo.png 2321w, https:\/\/agora.xtec.cat\/escolasantaagnes\/wp-content\/uploads\/usu1755\/2025\/02\/etwinning_logo-300x90.png 300w, https:\/\/agora.xtec.cat\/escolasantaagnes\/wp-content\/uploads\/usu1755\/2025\/02\/etwinning_logo-1024x308.png 1024w, https:\/\/agora.xtec.cat\/escolasantaagnes\/wp-content\/uploads\/usu1755\/2025\/02\/etwinning_logo-768x231.png 768w, https:\/\/agora.xtec.cat\/escolasantaagnes\/wp-content\/uploads\/usu1755\/2025\/02\/etwinning_logo-1536x461.png 1536w, https:\/\/agora.xtec.cat\/escolasantaagnes\/wp-content\/uploads\/usu1755\/2025\/02\/etwinning_logo-2048x615.png 2048w\" sizes=\"auto, (max-width: 2321px) 100vw, 2321px\" \/><\/a><\/p>\n<p>&nbsp;<\/p>\n<p><b><span style=\"text-decoration: underline;\">En qu\u00e8 consisteix?<\/span><\/b><b><br \/>\n<\/b><span style=\"font-weight: 400;\">eTwinning \u00e9s una plataforma educativa europea que permet als mestres i alumnes de tot Europa col\u00b7laborar en projectes conjunts en l\u00ednia. A trav\u00e9s d\u2019eTwinning, les escoles poden establir connexions amb altres centres educatius, compartir recursos i treballar conjuntament en activitats interdisciplin\u00e0ries. Aquesta plataforma ofereix eines digitals per facilitar l&#8217;intercanvi i la comunicaci\u00f3 entre estudiants i mestres de diferents pa\u00efsos, promovent l&#8217;aprenentatge cooperatiu i l&#8217;intercanvi cultural. Els projectes poden cobrir temes variats com ci\u00e8ncies, hist\u00f2ria, lleng\u00fces o medi ambient, amb l\u2019objectiu de millorar les compet\u00e8ncies digitals i socials de l&#8217;alumnat.<\/span><\/p>\n<p><span style=\"text-decoration: underline;\"><b>Objectius<\/b><\/span><\/p>\n<ul>\n<li style=\"font-weight: 400;\" aria-level=\"1\"><span style=\"text-decoration: underline;\"><b>Fomentar la cooperaci\u00f3 internacional:<\/b><\/span><span style=\"font-weight: 400;\"> eTwinning permet que escoles de diferents pa\u00efsos col\u00b7laborin en projectes educatius conjunts, proporcionant als alumnes l&#8217;oportunitat de treballar amb companys de diferents cultures i lleng\u00fces.<\/span><\/li>\n<li style=\"font-weight: 400;\" aria-level=\"1\"><span style=\"text-decoration: underline;\"><b>Millorar les compet\u00e8ncies digitals i ling\u00fc\u00edstiques:<\/b><\/span><span style=\"font-weight: 400;\"> Els estudiants utilitzen eines digitals per crear continguts compartits, millorant aix\u00ed les seves habilitats en tecnologia i en diversos idiomes.<\/span><\/li>\n<li style=\"font-weight: 400;\" aria-level=\"1\"><span style=\"text-decoration: underline;\"><b>Potenciar la creativitat i la resoluci\u00f3 de problemes:<\/b><\/span><span style=\"font-weight: 400;\"> Els alumnes participen en projectes creatius on han de pensar de manera cr\u00edtica i col\u00b7laborar per aconseguir objectius comuns.<\/span><\/li>\n<li style=\"font-weight: 400;\" aria-level=\"1\"><span style=\"text-decoration: underline;\"><b>Desenvolupar el pensament global i la ciutadania activa:<\/b><\/span><span style=\"font-weight: 400;\"> Mitjan\u00e7ant l\u2019intercanvi amb altres cultures, els estudiants amplien la seva comprensi\u00f3 del m\u00f3n i aprenen valors de respecte i toler\u00e0ncia.<\/span><\/li>\n<\/ul>\n<p><span style=\"text-decoration: underline;\"><b>Valors que es promouen<\/b><\/span><\/p>\n<ul>\n<li style=\"font-weight: 400;\" aria-level=\"1\"><span style=\"text-decoration: underline;\"><b>Respecte i diversitat cultural:<\/b><\/span><span style=\"font-weight: 400;\"> eTwinning fomenta la comprensi\u00f3 i l&#8217;acceptaci\u00f3 de diferents cultures i perspectives, contribuint a la formaci\u00f3 de ciutadans globals i responsables.<\/span><\/li>\n<li style=\"font-weight: 400;\" aria-level=\"1\"><span style=\"text-decoration: underline;\"><b>Cooperaci\u00f3 i treball en equip:<\/b><\/span><span style=\"font-weight: 400;\"> A trav\u00e9s dels projectes compartits, els estudiants aprenen a treballar en grup, a gestionar els seus temps i a respectar les idees dels altres.<\/span><\/li>\n<li style=\"font-weight: 400;\" aria-level=\"1\"><span style=\"text-decoration: underline;\"><b>Comprom\u00eds amb la innovaci\u00f3 educativa:<\/b><\/span><span style=\"font-weight: 400;\"> eTwinning promou l\u2019\u00fas de noves tecnologies per millorar la qualitat de l&#8217;educaci\u00f3 i adaptar els ensenyaments a les necessitats del segle XXI.<\/span><\/li>\n<li style=\"font-weight: 400;\" aria-level=\"1\"><span style=\"text-decoration: underline;\"><b>Igualtat d&#8217;oportunitats:<\/b><\/span><span style=\"font-weight: 400;\"> La plataforma facilita que alumnes de diferents contextos puguin participar en el mateix projecte educatiu, sense importar les seves condicions socioecon\u00f2miques.<\/span><\/li>\n<\/ul>\n<p><span style=\"font-weight: 400;\">A trav\u00e9s de eTwinning, les escoles poden enriquir l&#8217;aprenentatge dels seus alumnes, contribuint a un ambient d&#8217;ensenyament m\u00e9s inclusiu, innovador i internacional.<\/span><\/p>\n","protected":false},"excerpt":{"rendered":"<p><a href=\"https:\/\/agora.xtec.cat\/escolasantaagnes\/wp-content\/uploads\/usu1755\/2025\/02\/etwinning_logo.png\"><\/a><br \/>\n&nbsp;<br \/>\nEn qu\u00e8 consisteix?<br \/>\neTwinning \u00e9s una plataforma educativa europea que permet als mestres i alumnes de tot Europa col\u00b7laborar en projectes conjunts en l\u00ednia. A trav\u00e9s d\u2019eTwinning, les escoles poden establir connexions amb altres centres educatius, compartir recursos i treballar conjuntament en activitats interdisciplin\u00e0ries. Aquesta&hellip;  <a href=\"https:\/\/agora.xtec.cat\/escolasantaagnes\/projectes\/e-twinnig\/\" title=\"Read e TWINNING\">Llegeix m\u00e9s\u00bb<\/a><\/p>\n","protected":false},"author":1,"featured_media":0,"parent":4878,"menu_order":50,"comment_status":"closed","ping_status":"closed","template":"","meta":{"_bbp_topic_count":0,"_bbp_reply_count":0,"_bbp_total_topic_count":0,"_bbp_total_reply_count":0,"_bbp_voice_count":0,"_bbp_anonymous_reply_count":0,"_bbp_topic_count_hidden":0,"_bbp_reply_count_hidden":0,"_bbp_forum_subforum_count":0,"footnotes":""},"class_list":["post-5015","page","type-page","status-publish","hentry"],"post_mailing_queue_ids":[],"_links":{"self":[{"href":"https:\/\/agora.xtec.cat\/escolasantaagnes\/wp-json\/wp\/v2\/pages\/5015","targetHints":{"allow":["GET"]}}],"collection":[{"href":"https:\/\/agora.xtec.cat\/escolasantaagnes\/wp-json\/wp\/v2\/pages"}],"about":[{"href":"https:\/\/agora.xtec.cat\/escolasantaagnes\/wp-json\/wp\/v2\/types\/page"}],"author":[{"embeddable":true,"href":"https:\/\/agora.xtec.cat\/escolasantaagnes\/wp-json\/wp\/v2\/users\/1"}],"replies":[{"embeddable":true,"href":"https:\/\/agora.xtec.cat\/escolasantaagnes\/wp-json\/wp\/v2\/comments?post=5015"}],"version-history":[{"count":6,"href":"https:\/\/agora.xtec.cat\/escolasantaagnes\/wp-json\/wp\/v2\/pages\/5015\/revisions"}],"predecessor-version":[{"id":5188,"href":"https:\/\/agora.xtec.cat\/escolasantaagnes\/wp-json\/wp\/v2\/pages\/5015\/revisions\/5188"}],"up":[{"embeddable":true,"href":"https:\/\/agora.xtec.cat\/escolasantaagnes\/wp-json\/wp\/v2\/pages\/4878"}],"wp:attachment":[{"href":"https:\/\/agora.xtec.cat\/escolasantaagnes\/wp-json\/wp\/v2\/media?parent=5015"}],"curies":[{"name":"wp","href":"https:\/\/api.w.org\/{rel}","templated":true}]}}