{"id":5013,"date":"2024-11-27T17:05:25","date_gmt":"2024-11-27T16:05:25","guid":{"rendered":"https:\/\/agora.xtec.cat\/escolasantaagnes\/?page_id=5013"},"modified":"2025-02-12T15:42:04","modified_gmt":"2025-02-12T14:42:04","slug":"iscvo","status":"publish","type":"page","link":"https:\/\/agora.xtec.cat\/escolasantaagnes\/projectes\/iscvo\/","title":{"rendered":"ISCVO"},"content":{"rendered":"<h4><span style=\"text-decoration: underline;\"><b>En qu\u00e8 consisteix?<\/b><\/span><\/h4>\n<p><span style=\"font-weight: 400;\">El projecte <\/span><b>ISCVO (International School Conference in Vall\u00e8s Oriental)<\/b><span style=\"font-weight: 400;\"> forma part del programa educatiu de l\u2019escola per potenciar la compet\u00e8ncia ling\u00fc\u00edstica en angl\u00e8s i la implicaci\u00f3 en temes globals. En el marc d\u2019aquest projecte, els alumnes de <\/span><b>cicle superior<\/b><span style=\"font-weight: 400;\"> participen en un proc\u00e9s d\u2019aprenentatge basat en la investigaci\u00f3 i la creativitat, desenvolupant projectes al voltant dels <\/span><b>Objectius de Desenvolupament Sostenible (ODS)<\/b><span style=\"font-weight: 400;\"> proposats per les Nacions Unides.<\/span><\/p>\n<p><span style=\"font-weight: 400;\">Al llarg del projecte, treballen tem\u00e0tiques com el canvi clim\u00e0tic, la igualtat de g\u00e8nere, o el consum responsable, creant una presentaci\u00f3 que defensa les seves idees i solucions en angl\u00e8s. Finalitzen el projecte participant en una confer\u00e8ncia intercentres on exposen el seu treball davant altres escoles. Aquesta activitat es realitza en un ambient totalment immersiu, fomentant l\u2019\u00fas de l\u2019angl\u00e8s com a llengua vehicular i potenciant habilitats d\u2019expressi\u00f3 oral i treball en equip.<\/span><\/p>\n<h4><span style=\"text-decoration: underline;\"><b>Objectius<\/b><\/span><\/h4>\n<ul>\n<li style=\"font-weight: 400;\" aria-level=\"1\"><b>Promoure l\u2019aprenentatge de l\u2019angl\u00e8s<\/b><span style=\"font-weight: 400;\"> a trav\u00e9s d\u2019una experi\u00e8ncia pr\u00e0ctica i significativa.<\/span><\/li>\n<li style=\"font-weight: 400;\" aria-level=\"1\"><b>Fomentar el comprom\u00eds social i ambiental<\/b><span style=\"font-weight: 400;\"> dels alumnes connectant l\u2019aprenentatge amb temes globals com els ODS.<\/span><\/li>\n<li style=\"font-weight: 400;\" aria-level=\"1\"><b>Potenciar les habilitats d\u2019expressi\u00f3 oral i argumentaci\u00f3<\/b><span style=\"font-weight: 400;\"> en un context multiling\u00fce i col\u00b7laboratiu.<\/span><\/li>\n<li style=\"font-weight: 400;\" aria-level=\"1\"><b>Desenvolupar la confian\u00e7a i la creativitat<\/b><span style=\"font-weight: 400;\"> en els alumnes a l\u2019hora d&#8217;expressar-se en p\u00fablic.<\/span><\/li>\n<li style=\"font-weight: 400;\" aria-level=\"1\"><b>Afavorir l\u2019intercanvi d\u2019experi\u00e8ncies<\/b><span style=\"font-weight: 400;\"> entre centres educatius del Vall\u00e8s Oriental i promoure una xarxa educativa internacional.<\/span><\/li>\n<\/ul>\n<h4><span style=\"text-decoration: underline;\"><b>Valors que es promouen<\/b><\/span><\/h4>\n<ul>\n<li style=\"font-weight: 400;\" aria-level=\"1\"><b>Sostenibilitat i responsabilitat global:<\/b><span style=\"font-weight: 400;\"> Treballant temes relacionats amb els ODS, els alumnes esdevenen agents de canvi conscients dels desafiaments del m\u00f3n actual.<\/span><\/li>\n<li style=\"font-weight: 400;\" aria-level=\"1\"><b>Treball col\u00b7laboratiu:<\/b><span style=\"font-weight: 400;\"> La preparaci\u00f3 del projecte refor\u00e7a la import\u00e0ncia de la cooperaci\u00f3 i el respecte dins d\u2019un equip.<\/span><\/li>\n<li style=\"font-weight: 400;\" aria-level=\"1\"><b>Empatia i respecte intercultural:<\/b><span style=\"font-weight: 400;\"> Con\u00e8ixer i compartir idees amb altres escoles fomenta una visi\u00f3 oberta i integradora.<\/span><\/li>\n<li style=\"font-weight: 400;\" aria-level=\"1\"><b>Autoestima i confian\u00e7a personal:<\/b><span style=\"font-weight: 400;\"> Participar en una confer\u00e8ncia p\u00fablica ajuda els alumnes a superar pors i desenvolupar una actitud positiva cap als reptes personals.<\/span><\/li>\n<\/ul>\n<p><span style=\"font-weight: 400;\">ISCVO \u00e9s m\u00e9s que un projecte ling\u00fc\u00edstic; \u00e9s una oportunitat perqu\u00e8 els alumnes de la nostra escola assumeixin un rol actiu com a ciutadans globals. Aquesta experi\u00e8ncia els prepara tant acad\u00e8micament com personalment per afrontar els reptes d\u2019un futur cada cop m\u00e9s connectat.<\/span><\/p>\n","protected":false},"excerpt":{"rendered":"<p>En qu\u00e8 consisteix?<br \/>\nEl projecte ISCVO (International School Conference in Vall\u00e8s Oriental) forma part del programa educatiu de l\u2019escola per potenciar la compet\u00e8ncia ling\u00fc\u00edstica en angl\u00e8s i la implicaci\u00f3 en temes globals. En el marc d\u2019aquest projecte, els alumnes de cicle superior participen en un proc\u00e9s&hellip;  <a href=\"https:\/\/agora.xtec.cat\/escolasantaagnes\/projectes\/iscvo\/\" title=\"Read ISCVO\">Llegeix m\u00e9s\u00bb<\/a><\/p>\n","protected":false},"author":1,"featured_media":0,"parent":4878,"menu_order":40,"comment_status":"closed","ping_status":"closed","template":"","meta":{"_bbp_topic_count":0,"_bbp_reply_count":0,"_bbp_total_topic_count":0,"_bbp_total_reply_count":0,"_bbp_voice_count":0,"_bbp_anonymous_reply_count":0,"_bbp_topic_count_hidden":0,"_bbp_reply_count_hidden":0,"_bbp_forum_subforum_count":0,"footnotes":""},"class_list":["post-5013","page","type-page","status-publish","hentry"],"post_mailing_queue_ids":[],"_links":{"self":[{"href":"https:\/\/agora.xtec.cat\/escolasantaagnes\/wp-json\/wp\/v2\/pages\/5013","targetHints":{"allow":["GET"]}}],"collection":[{"href":"https:\/\/agora.xtec.cat\/escolasantaagnes\/wp-json\/wp\/v2\/pages"}],"about":[{"href":"https:\/\/agora.xtec.cat\/escolasantaagnes\/wp-json\/wp\/v2\/types\/page"}],"author":[{"embeddable":true,"href":"https:\/\/agora.xtec.cat\/escolasantaagnes\/wp-json\/wp\/v2\/users\/1"}],"replies":[{"embeddable":true,"href":"https:\/\/agora.xtec.cat\/escolasantaagnes\/wp-json\/wp\/v2\/comments?post=5013"}],"version-history":[{"count":5,"href":"https:\/\/agora.xtec.cat\/escolasantaagnes\/wp-json\/wp\/v2\/pages\/5013\/revisions"}],"predecessor-version":[{"id":5192,"href":"https:\/\/agora.xtec.cat\/escolasantaagnes\/wp-json\/wp\/v2\/pages\/5013\/revisions\/5192"}],"up":[{"embeddable":true,"href":"https:\/\/agora.xtec.cat\/escolasantaagnes\/wp-json\/wp\/v2\/pages\/4878"}],"wp:attachment":[{"href":"https:\/\/agora.xtec.cat\/escolasantaagnes\/wp-json\/wp\/v2\/media?parent=5013"}],"curies":[{"name":"wp","href":"https:\/\/api.w.org\/{rel}","templated":true}]}}