{"id":4961,"date":"2024-11-27T09:51:21","date_gmt":"2024-11-27T08:51:21","guid":{"rendered":"https:\/\/agora.xtec.cat\/escolasantaagnes\/?page_id=4961"},"modified":"2024-11-27T10:00:46","modified_gmt":"2024-11-27T09:00:46","slug":"qui-som","status":"publish","type":"page","link":"https:\/\/agora.xtec.cat\/escolasantaagnes\/lescola\/qui-som\/","title":{"rendered":"QUI SOM?"},"content":{"rendered":"<p>La nostra escola, la petita gran escola, oberta fa m\u00e9s d\u2019una d\u00e8cada, s\u2019ha convertit en un referent a la comunitat local. El nostre projecte educatiu destaca per la qualitat, la innovaci\u00f3 i els resultats acad\u00e8mics. El nostre centre educatiu, creu en la import\u00e0ncia d&#8217;una educaci\u00f3 de qualitat centrada en<br \/>\nl&#8217;aprenentatge actiu i significatiu, on l\u2019alumnat \u00e9s el centre de l\u2019acci\u00f3 educativa.<\/p>\n<p>Cal per preparar-los per al futur.<\/p>\n<p>Per aconseguir-ho, basarem la nostra tasca en diversos principis fonamentals.<\/p>\n<p><span style=\"text-decoration: underline;\"><strong>MISSI\u00d3<\/strong><\/span><\/p>\n<p>Millorar la participaci\u00f3, la motivaci\u00f3 i les habilitats de pensament cr\u00edtic dels nostres alumnes, promovent una educaci\u00f3 de qualitat i equitat.<\/p>\n<p><span style=\"text-decoration: underline;\"><strong>VALORS<\/strong><\/span><\/p>\n<p>Qualitat, equitat i participaci\u00f3 activa, desenvolupament integral, innovaci\u00f3, sostenibilitat i valors c\u00edvics.<\/p>\n<p><span style=\"text-decoration: underline;\"><strong>VISI\u00d3<\/strong><\/span><\/p>\n<p>Implementar estrat\u00e8gies d&#8217;ensenyament-aprenentatge actives i significatives, amb la participaci\u00f3 de la comunitat educativa per preparar als nostres alumnes per a un futur esperan\u00e7ador.<\/p>\n","protected":false},"excerpt":{"rendered":"<p>La nostra escola, la petita gran escola, oberta fa m\u00e9s d\u2019una d\u00e8cada, s\u2019ha convertit en un referent a la comunitat local. El nostre projecte educatiu destaca per la qualitat, la innovaci\u00f3 i els resultats acad\u00e8mics. El nostre centre educatiu, creu en la import\u00e0ncia d&#8217;una educaci\u00f3&hellip;  <a href=\"https:\/\/agora.xtec.cat\/escolasantaagnes\/lescola\/qui-som\/\" title=\"Read QUI SOM?\">Llegeix m\u00e9s\u00bb<\/a><\/p>\n","protected":false},"author":1,"featured_media":0,"parent":22,"menu_order":0,"comment_status":"closed","ping_status":"closed","template":"","meta":{"_bbp_topic_count":0,"_bbp_reply_count":0,"_bbp_total_topic_count":0,"_bbp_total_reply_count":0,"_bbp_voice_count":0,"_bbp_anonymous_reply_count":0,"_bbp_topic_count_hidden":0,"_bbp_reply_count_hidden":0,"_bbp_forum_subforum_count":0,"footnotes":""},"class_list":["post-4961","page","type-page","status-publish","hentry"],"post_mailing_queue_ids":[],"_links":{"self":[{"href":"https:\/\/agora.xtec.cat\/escolasantaagnes\/wp-json\/wp\/v2\/pages\/4961","targetHints":{"allow":["GET"]}}],"collection":[{"href":"https:\/\/agora.xtec.cat\/escolasantaagnes\/wp-json\/wp\/v2\/pages"}],"about":[{"href":"https:\/\/agora.xtec.cat\/escolasantaagnes\/wp-json\/wp\/v2\/types\/page"}],"author":[{"embeddable":true,"href":"https:\/\/agora.xtec.cat\/escolasantaagnes\/wp-json\/wp\/v2\/users\/1"}],"replies":[{"embeddable":true,"href":"https:\/\/agora.xtec.cat\/escolasantaagnes\/wp-json\/wp\/v2\/comments?post=4961"}],"version-history":[{"count":4,"href":"https:\/\/agora.xtec.cat\/escolasantaagnes\/wp-json\/wp\/v2\/pages\/4961\/revisions"}],"predecessor-version":[{"id":4966,"href":"https:\/\/agora.xtec.cat\/escolasantaagnes\/wp-json\/wp\/v2\/pages\/4961\/revisions\/4966"}],"up":[{"embeddable":true,"href":"https:\/\/agora.xtec.cat\/escolasantaagnes\/wp-json\/wp\/v2\/pages\/22"}],"wp:attachment":[{"href":"https:\/\/agora.xtec.cat\/escolasantaagnes\/wp-json\/wp\/v2\/media?parent=4961"}],"curies":[{"name":"wp","href":"https:\/\/api.w.org\/{rel}","templated":true}]}}