{"id":492,"date":"2017-12-19T15:36:22","date_gmt":"2017-12-19T14:36:22","guid":{"rendered":"http:\/\/agora.xtec.cat\/escolasantaagnes\/?page_id=492"},"modified":"2025-10-22T11:12:42","modified_gmt":"2025-10-22T09:12:42","slug":"contactans","status":"publish","type":"page","link":"https:\/\/agora.xtec.cat\/escolasantaagnes\/lescola\/contactans\/","title":{"rendered":"CONTACTA&#8217;NS"},"content":{"rendered":"<p>Si voleu contactar amb nosaltres podeu fer-ho a trav\u00e9s de les seg\u00fcents vies:<\/p>\n<p>Tel\u00e8fon: 93.842.09.40<\/p>\n<p>Correu escola: a8067120@xtec.cat<\/p>\n<p><b>PER LES FAM\u00cdLIES QUE JA FORMEU PART DEL CENTRE:<\/b><\/p>\n<p><span style=\"font-weight: 400;\"><a href=\"https:\/\/agora.xtec.cat\/escolasantaagnes\/wp-content\/uploads\/usu1755\/2023\/09\/Infografia-comunicacio-a-lescola.png\"><img loading=\"lazy\" decoding=\"async\" class=\"size-full wp-image-4500 aligncenter\" src=\"https:\/\/agora.xtec.cat\/escolasantaagnes\/wp-content\/uploads\/usu1755\/2023\/09\/Infografia-comunicacio-a-lescola.png\" alt=\"\" width=\"800\" height=\"2000\" srcset=\"https:\/\/agora.xtec.cat\/escolasantaagnes\/wp-content\/uploads\/usu1755\/2023\/09\/Infografia-comunicacio-a-lescola.png 800w, https:\/\/agora.xtec.cat\/escolasantaagnes\/wp-content\/uploads\/usu1755\/2023\/09\/Infografia-comunicacio-a-lescola-120x300.png 120w, https:\/\/agora.xtec.cat\/escolasantaagnes\/wp-content\/uploads\/usu1755\/2023\/09\/Infografia-comunicacio-a-lescola-410x1024.png 410w, https:\/\/agora.xtec.cat\/escolasantaagnes\/wp-content\/uploads\/usu1755\/2023\/09\/Infografia-comunicacio-a-lescola-768x1920.png 768w, https:\/\/agora.xtec.cat\/escolasantaagnes\/wp-content\/uploads\/usu1755\/2023\/09\/Infografia-comunicacio-a-lescola-614x1536.png 614w\" sizes=\"auto, (max-width: 800px) 100vw, 800px\" \/><\/a><\/span><\/p>\n<h5><span style=\"text-decoration: underline;\"><strong>Correus aules curs 25-26:<\/strong><\/span><\/h5>\n<p><span style=\"text-decoration: underline;\"><b>Fer-ho servir per comunicar-te amb el tutor\/a del teu fill\/a<\/b><\/span><\/p>\n<table style=\"border-collapse: collapse; width: 40.5405%; height: 288px;\">\n<tbody>\n<tr style=\"height: 32px;\">\n<td style=\"width: 7.97297%; height: 32px;\"><span style=\"font-weight: 400;\">I3<\/span><\/td>\n<td style=\"width: 32.5675%; height: 32px;\"><a href=\"mailto:aula25@escolasantaagnes.cat\"><span style=\"font-weight: 400;\">aula25@escolasantaagnes.cat<\/span><\/a><\/td>\n<\/tr>\n<tr style=\"height: 32px;\">\n<td style=\"width: 7.97297%; height: 32px;\"><span style=\"font-weight: 400;\">I4<\/span><\/td>\n<td style=\"width: 32.5675%; height: 32px;\">\u00a0<a href=\"mailto:aula24@escolasantaagnes.cat\"><span style=\"font-weight: 400;\">aula24@escolasantaagnes.cat<\/span><\/a><\/td>\n<\/tr>\n<tr style=\"height: 32px;\">\n<td style=\"width: 7.97297%; height: 32px;\"><span style=\"font-weight: 400;\">I5<\/span><\/td>\n<td style=\"width: 32.5675%; height: 32px;\"><a href=\"mailto:aula23@escolasantaagnes.cat\"><span style=\"font-weight: 400;\">aula23@escolasantaagnes.cat<\/span><\/a><\/td>\n<\/tr>\n<tr style=\"height: 32px;\">\n<td style=\"width: 7.97297%; height: 32px;\"><span style=\"font-weight: 400;\">1r<\/span><\/td>\n<td style=\"width: 32.5675%; height: 32px;\"><a href=\"mailto:aula22@escolasantaagnes.cat\"><span style=\"font-weight: 400;\">aula22@escolasantaagnes.cat<\/span><\/a><\/td>\n<\/tr>\n<tr style=\"height: 32px;\">\n<td style=\"width: 7.97297%; height: 32px;\"><span style=\"font-weight: 400;\">2n<\/span><\/td>\n<td style=\"width: 32.5675%; height: 32px;\"><a href=\"mailto:aula21@escolasantaagnes.cat\"><span style=\"font-weight: 400;\">aula21@escolasantaagnes.cat<\/span><\/a><\/td>\n<\/tr>\n<tr style=\"height: 32px;\">\n<td style=\"width: 7.97297%; height: 32px;\"><span style=\"font-weight: 400;\">3r<\/span><\/td>\n<td style=\"width: 32.5675%; height: 32px;\"><a href=\"mailto:aula20@escolasantaagnes.cat\">aula20@escolasantaagnes.cat<\/a><\/td>\n<\/tr>\n<tr style=\"height: 32px;\">\n<td style=\"width: 7.97297%; height: 32px;\"><span style=\"font-weight: 400;\">4t<\/span><\/td>\n<td style=\"width: 32.5675%; height: 32px;\"><a href=\"mailto:aula19@escolasantaagnes.cat\"><span style=\"font-weight: 400;\">aula19@escolasantaagnes.cat<\/span><\/a><\/td>\n<\/tr>\n<tr style=\"height: 32px;\">\n<td style=\"width: 7.97297%; height: 32px;\"><span style=\"font-weight: 400;\">5\u00e8<\/span><\/td>\n<td style=\"width: 32.5675%; height: 32px;\"><span style=\"font-weight: 400;\">\u00a0<a href=\"mailto:aula18@escolasantaagnes.cat\">aula18@escolasantaagnes.cat<\/a><\/span><\/td>\n<\/tr>\n<tr style=\"height: 32px;\">\n<td style=\"width: 7.97297%; height: 32px;\"><span style=\"font-weight: 400;\">6\u00e8<\/span><\/td>\n<td style=\"width: 32.5675%; height: 32px;\"><a href=\"mailto:aula16-17@escolasantaagnes.cat\"><span style=\"font-weight: 400;\">aula16-17<span class=\"\">@escolasantaagnes.cat<\/span><\/span><\/a><\/td>\n<\/tr>\n<\/tbody>\n<\/table>\n<p><span style=\"font-weight: 400;\">Altres correus on pots comunicar-te:<\/span><\/p>\n<table>\n<tbody>\n<tr>\n<td><span style=\"font-weight: 400;\">Direcci\u00f3<\/span><\/td>\n<td><a href=\"mailto:a8067120@xtec.cat\"><span style=\"font-weight: 400;\">a8067120@xtec.cat<\/span><\/a><\/p>\n<p><span style=\"font-weight: 400;\">Per aspectes de caire organitzatiu, gesti\u00f3 del centre escolar, preinscripci\u00f3 i matr\u00edcula.\u00a0<\/span><\/td>\n<\/tr>\n<tr>\n<td><span style=\"font-weight: 400;\">Cap d\u2019estudis<\/span><\/td>\n<td><a href=\"mailto:capdestudis@escolasantaagnes.cat\"><span style=\"font-weight: 400;\">capdestudis@escolasantaagnes.cat<\/span><\/a><\/p>\n<p><span style=\"font-weight: 400;\">Per aspectes pedag\u00f2gics, curriculars, llibres de text<\/span><\/td>\n<\/tr>\n<tr>\n<td><span style=\"font-weight: 400;\">Secretaria<\/span><\/td>\n<td><a href=\"mailto:secretaria@escolasantaagnes.cat\"><span style=\"font-weight: 400;\">secretaria@escolasantaagnes.cat<\/span><\/a><\/p>\n<p><span style=\"font-weight: 400;\">Per aspectes econ\u00f2mics, sortides, col\u00f2nies, pagaments amb TPV<\/span><\/td>\n<\/tr>\n<tr>\n<td><span style=\"font-weight: 400;\">Administrativa<\/span><\/td>\n<td><a href=\"mailto:administracio@escolasantaagnes.cat\"><span style=\"font-weight: 400;\">administracio@escolasantaagnes.cat<\/span><\/a><\/p>\n<p><span style=\"font-weight: 400;\">Per aspectes d\u2019expedient acad\u00e8mic, autoritzacions, actualitzaci\u00f3 fotografies alumnes, avisos d\u2019assist\u00e8ncia, m\u00e8dics entre d\u2019altres. <\/span><\/td>\n<\/tr>\n<tr>\n<td><span style=\"font-weight: 400;\">Coordinadora tecnologia<\/span><\/td>\n<td><a href=\"mailto:tac@escolasantaagnes.cat\"><span style=\"font-weight: 400;\">tac@escolasantaagnes.cat<\/span><\/a><\/p>\n<p><span style=\"font-weight: 400;\">Per aspectes relacionats amb cessi\u00f3 ordinadors cicle superior i correus corporatius de fam\u00edlia o alumne\/a. <\/span><\/td>\n<\/tr>\n<tr>\n<td><span style=\"font-weight: 400;\">AFA<\/span><\/td>\n<td><a href=\"mailto:afa@escolasantaagnes.cat\"><span style=\"font-weight: 400;\">afa@escolasantaagnes.cat<\/span><\/a><span style=\"font-weight: 400;\">\u00a0<\/span><\/p>\n<p><span style=\"font-weight: 400;\">Per aspectes relacionats amb extraescolars, participar i\/o ajudar en l\u2019organitzaci\u00f3 de festes, formar part de les comissions de treball, pagament quota socis\/es.\u00a0<\/span><\/td>\n<\/tr>\n<\/tbody>\n<\/table>\n<p><span style=\"text-decoration: underline;\"><b>HORARI D\u2019ATENCI\u00d3 PRESENCIAL A LES FAM\u00cdLIES 25-26<\/b><\/span><\/p>\n<table>\n<tbody>\n<tr>\n<td><b>MESTRES<\/b><\/td>\n<td><span style=\"font-weight: 400;\">Dilluns de 16.30h a 17.30h. Les mestres podran canviar l\u2019hora d\u2019exclusiva al migdia per atendre a la fam\u00edlia si hi ha acord.\u00a0<\/span><\/td>\n<\/tr>\n<tr>\n<td><b>SECRETARIA<\/b><\/td>\n<td>Dimecres de 15h a 16h30&#8242;<\/td>\n<\/tr>\n<tr>\n<td><b>CAP D\u2019ESTUDIS<\/b><\/td>\n<td>Dimarts de 15h a 16h30&#8242;<\/td>\n<\/tr>\n<tr>\n<td><b>DIRECCI\u00d3<\/b><\/td>\n<td>Dilluns de 9h a 10h i dimecres de 15h a 16h30&#8242;.<\/td>\n<\/tr>\n<\/tbody>\n<\/table>\n<p><b>Cal demanar cita pr\u00e8via.\u00a0<\/b><\/p>\n<p><b>Horari escolar de 9h a 12.30h i de 15h a 16.30h\u00a0<\/b><\/p>\n<p>&nbsp;<\/p>\n","protected":false},"excerpt":{"rendered":"<p>Si voleu contactar amb nosaltres podeu fer-ho a trav\u00e9s de les seg\u00fcents vies:<br \/>\nTel\u00e8fon: 93.842.09.40<br \/>\nCorreu escola: a8067120@xtec.cat<br \/>\nPER LES FAM\u00cdLIES QUE JA FORMEU PART DEL CENTRE:<br \/>\n<a href=\"https:\/\/agora.xtec.cat\/escolasantaagnes\/wp-content\/uploads\/usu1755\/2023\/09\/Infografia-comunicacio-a-lescola.png\"><\/a><br \/>\nCorreus aules curs 25-26:<br \/>\nFer-ho servir per comunicar-te amb el tutor\/a del teu fill\/a<\/p>\n<p>I3<br \/>\n<a href=\"mailto:aula25@escolasantaagnes.cat\">aula25@escolasantaagnes.cat<\/a><\/p>\n<p>I4<br \/>\n\u00a0<a href=\"mailto:aula24@escolasantaagnes.cat\">aula24@escolasantaagnes.cat<\/a><\/p>\n<p>I5<br \/>\n<a href=\"mailto:aula23@escolasantaagnes.cat\">aula23@escolasantaagnes.cat<\/a><\/p>\n<p>1r<br \/>\n<a href=\"mailto:aula22@escolasantaagnes.cat\">aula22@escolasantaagnes.cat<\/a><\/p>\n<p>2n<br \/>\n<a href=\"mailto:aula21@escolasantaagnes.cat\">aula21@escolasantaagnes.cat<\/a><\/p>\n<p>3r<br \/>\n<a href=\"mailto:aula20@escolasantaagnes.cat\">aula20@escolasantaagnes.cat<\/a><\/p>\n<p>4t<br \/>\n<a href=\"mailto:aula19@escolasantaagnes.cat\">aula19@escolasantaagnes.cat<\/a><\/p>\n<p>5\u00e8<br \/>\n\u00a0<a href=\"mailto:aula18@escolasantaagnes.cat\">aula18@escolasantaagnes.cat<\/a><\/p>\n<p>6\u00e8<br \/>\n<a&hellip;  <a href=\"https:\/\/agora.xtec.cat\/escolasantaagnes\/lescola\/contactans\/\" title=\"Read CONTACTA&#8217;NS\">Llegeix m\u00e9s\u00bb<\/a><\/p>\n","protected":false},"author":1,"featured_media":0,"parent":22,"menu_order":0,"comment_status":"closed","ping_status":"closed","template":"","meta":{"_bbp_topic_count":0,"_bbp_reply_count":0,"_bbp_total_topic_count":0,"_bbp_total_reply_count":0,"_bbp_voice_count":0,"_bbp_anonymous_reply_count":0,"_bbp_topic_count_hidden":0,"_bbp_reply_count_hidden":0,"_bbp_forum_subforum_count":0,"footnotes":""},"class_list":["post-492","page","type-page","status-publish","hentry"],"post_mailing_queue_ids":[],"_links":{"self":[{"href":"https:\/\/agora.xtec.cat\/escolasantaagnes\/wp-json\/wp\/v2\/pages\/492","targetHints":{"allow":["GET"]}}],"collection":[{"href":"https:\/\/agora.xtec.cat\/escolasantaagnes\/wp-json\/wp\/v2\/pages"}],"about":[{"href":"https:\/\/agora.xtec.cat\/escolasantaagnes\/wp-json\/wp\/v2\/types\/page"}],"author":[{"embeddable":true,"href":"https:\/\/agora.xtec.cat\/escolasantaagnes\/wp-json\/wp\/v2\/users\/1"}],"replies":[{"embeddable":true,"href":"https:\/\/agora.xtec.cat\/escolasantaagnes\/wp-json\/wp\/v2\/comments?post=492"}],"version-history":[{"count":7,"href":"https:\/\/agora.xtec.cat\/escolasantaagnes\/wp-json\/wp\/v2\/pages\/492\/revisions"}],"predecessor-version":[{"id":5604,"href":"https:\/\/agora.xtec.cat\/escolasantaagnes\/wp-json\/wp\/v2\/pages\/492\/revisions\/5604"}],"up":[{"embeddable":true,"href":"https:\/\/agora.xtec.cat\/escolasantaagnes\/wp-json\/wp\/v2\/pages\/22"}],"wp:attachment":[{"href":"https:\/\/agora.xtec.cat\/escolasantaagnes\/wp-json\/wp\/v2\/media?parent=492"}],"curies":[{"name":"wp","href":"https:\/\/api.w.org\/{rel}","templated":true}]}}