{"id":489,"date":"2017-12-19T15:35:47","date_gmt":"2017-12-19T14:35:47","guid":{"rendered":"http:\/\/agora.xtec.cat\/escolasantaagnes\/?page_id=489"},"modified":"2026-01-28T13:07:27","modified_gmt":"2026-01-28T12:07:27","slug":"personal-docent","status":"publish","type":"page","link":"https:\/\/agora.xtec.cat\/escolasantaagnes\/lescola\/personal-docent\/","title":{"rendered":"EQUIP DOCENT"},"content":{"rendered":"<h3 style=\"text-align: left;\"><strong>CURS 2025\/2026<\/strong><\/h3>\n<table style=\"height: 997px; width: 81.6365%;\">\n<tbody>\n<tr style=\"height: 31px;\">\n<td style=\"width: 139.492%; text-align: center; height: 31px;\" colspan=\"2\"><strong>EQUIP DIRECTIU<\/strong><\/td>\n<\/tr>\n<tr style=\"height: 31px;\">\n<td style=\"width: 39.599%; height: 31px;\">DIRECTORA<\/td>\n<td style=\"width: 99.8934%; height: 31px;\">Tania Fenollosa<\/td>\n<\/tr>\n<tr style=\"height: 31px;\">\n<td style=\"width: 39.599%; height: 31px;\">CAP D&#8217;ESTUDIS<\/td>\n<td style=\"width: 99.8934%; height: 31px;\">Marta Bondia<\/td>\n<\/tr>\n<tr style=\"height: 31px;\">\n<td style=\"width: 39.599%; height: 31px;\">SECRET\u00c0RIA<\/td>\n<td style=\"width: 99.8934%; height: 31px;\">Xavier Iturbe<\/td>\n<\/tr>\n<tr style=\"height: 31px;\">\n<td style=\"width: 139.492%; height: 31px; text-align: center;\" colspan=\"2\"><strong>PERSONAL DOCENT<\/strong><\/td>\n<\/tr>\n<tr style=\"height: 31px;\">\n<td style=\"width: 139.492%; height: 31px; text-align: left;\" colspan=\"2\">INFANTIL i PRIM\u00c0RIA<\/td>\n<\/tr>\n<tr style=\"height: 31px;\">\n<td style=\"width: 39.599%; height: 31px;\">I3<\/td>\n<td style=\"width: 99.8934%; height: 31px;\">Tamara<\/td>\n<\/tr>\n<tr style=\"height: 31px;\">\n<td style=\"width: 39.599%; height: 31px;\">I4<\/td>\n<td style=\"width: 99.8934%; height: 31px;\">Alba<\/td>\n<\/tr>\n<tr style=\"height: 31px;\">\n<td style=\"width: 39.599%; height: 31px;\">I5<\/td>\n<td style=\"width: 99.8934%; height: 31px;\">Laura<\/td>\n<\/tr>\n<tr style=\"height: 32px;\">\n<td style=\"width: 39.599%; height: 32px;\">1r<\/td>\n<td style=\"width: 99.8934%; height: 32px;\">Aida<\/td>\n<\/tr>\n<tr style=\"height: 31px;\">\n<td style=\"width: 39.599%; height: 31px;\">2n<\/td>\n<td style=\"width: 99.8934%; height: 31px;\">N\u00faria<\/td>\n<\/tr>\n<tr style=\"height: 31px;\">\n<td style=\"width: 39.599%; height: 31px;\">3r<\/td>\n<td style=\"width: 99.8934%; height: 31px;\">Fiona<\/td>\n<\/tr>\n<tr style=\"height: 31px;\">\n<td style=\"width: 39.599%; height: 31px;\">4t<\/td>\n<td style=\"width: 99.8934%; height: 31px;\">Jessica<\/td>\n<\/tr>\n<tr style=\"height: 31px;\">\n<td style=\"width: 39.599%; height: 31px;\">5\u00e8<\/td>\n<td style=\"width: 99.8934%; height: 31px;\">Esther<\/td>\n<\/tr>\n<tr style=\"height: 32px;\">\n<td style=\"width: 39.599%; height: 32px;\">6\u00e8<\/td>\n<td style=\"width: 99.8934%; height: 32px;\">Br\u00edgida<\/td>\n<\/tr>\n<tr style=\"height: 31px;\">\n<td style=\"width: 139.492%; height: 31px; text-align: center;\" colspan=\"2\"><strong>ESPECIALISTES<\/strong><\/td>\n<\/tr>\n<tr style=\"height: 135px;\">\n<td style=\"width: 39.599%; height: 135px;\">Angl\u00e8s<\/td>\n<td style=\"width: 99.8934%; height: 135px;\">Marta Bondia (angl\u00e8s 3r, 5\u00e8 i 6\u00e8)<\/p>\n<p>Jessica\u00a0 (angl\u00e8s 4t)<\/p>\n<p>Alba (angl\u00e8s I4)<\/p>\n<p>Laura (angl\u00e8s I4, I5, 1r i 2n)<\/p>\n<p>Laia (I3)<\/td>\n<\/tr>\n<tr style=\"height: 56px;\">\n<td style=\"width: 39.599%; height: 56px;\">Franc\u00e8s<\/td>\n<td style=\"width: 99.8934%; height: 56px;\">Patr\u00edcia<\/td>\n<\/tr>\n<tr style=\"height: 31px;\">\n<td style=\"width: 39.599%; height: 31px;\">Educaci\u00f3 art\u00edstica<\/td>\n<td style=\"width: 99.8934%; height: 31px;\">Laia<\/td>\n<\/tr>\n<tr style=\"height: 61px;\">\n<td style=\"width: 39.599%; height: 61px;\">Educaci\u00f3 F\u00edsica i Psicomotricitat<\/td>\n<td style=\"width: 99.8934%; height: 61px;\">Xavier Iturbe (Ed. F\u00edsica Etapa d&#8217;educaci\u00f3 prim\u00e0ria i psicomotricitat a I5)<\/p>\n<p>Fiona (I3)<\/p>\n<p>Nat\u00e0lia (I4)<\/td>\n<\/tr>\n<tr style=\"height: 136px;\">\n<td style=\"width: 39.599%; height: 10px;\"><span style=\"background-color: #f9f9f9;\">Rob\u00f2tica<\/span><\/td>\n<td style=\"width: 99.8934%; height: 10px;\">Esther<\/td>\n<\/tr>\n<tr style=\"height: 54px;\">\n<td style=\"width: 39.599%; height: 36px;\">Educaci\u00f3 Especial<\/td>\n<td style=\"width: 99.8934%; height: 36px;\">Nat\u00e0lia<\/td>\n<\/tr>\n<tr style=\"height: 31px;\">\n<td style=\"width: 139.492%; height: 31px; text-align: center;\" colspan=\"2\"><strong>PERSONAL NO DOCENT<\/strong><\/td>\n<\/tr>\n<tr style=\"height: 31px;\">\n<td style=\"width: 39.599%; height: 31px;\">Administrativa<\/td>\n<td style=\"width: 99.8934%; height: 31px;\">Teresa<\/td>\n<\/tr>\n<tr style=\"height: 31px;\">\n<td style=\"width: 39.599%; height: 31px;\">Vetlladora<\/td>\n<td style=\"width: 99.8934%; height: 31px;\">Nerea \/ Minerva<\/td>\n<\/tr>\n<tr style=\"height: 31px;\">\n<td style=\"width: 39.599%; height: 31px;\">Conserge<\/td>\n<td style=\"width: 99.8934%; height: 31px;\">Aleix<\/td>\n<\/tr>\n<tr style=\"height: 46px;\">\n<td style=\"width: 39.599%; height: 46px;\">Coordinadora menjador<\/td>\n<td style=\"width: 99.8934%; height: 46px;\">Nerea<\/td>\n<\/tr>\n<\/tbody>\n<\/table>\n","protected":false},"excerpt":{"rendered":"<p>CURS 2025\/2026<\/p>\n<p>EQUIP DIRECTIU<\/p>\n<p>DIRECTORA<br \/>\nTania Fenollosa<\/p>\n<p>CAP D&#8217;ESTUDIS<br \/>\nMarta Bondia<\/p>\n<p>SECRET\u00c0RIA<br \/>\nXavier Iturbe<\/p>\n<p>PERSONAL DOCENT<\/p>\n<p>INFANTIL i PRIM\u00c0RIA<\/p>\n<p>I3<br \/>\nTamara<\/p>\n<p>I4<br \/>\nAlba<\/p>\n<p>I5<br \/>\nLaura<\/p>\n<p>1r<br \/>\nAida<\/p>\n<p>2n<br \/>\nN\u00faria<\/p>\n<p>3r<br \/>\nFiona<\/p>\n<p>4t<br \/>\nJessica<\/p>\n<p>5\u00e8<br \/>\nEsther<\/p>\n<p>6\u00e8<br \/>\nBr\u00edgida<\/p>\n<p>ESPECIALISTES<\/p>\n<p>Angl\u00e8s<br \/>\nMarta Bondia (angl\u00e8s 3r, 5\u00e8 i 6\u00e8)<br \/>\nJessica\u00a0 (angl\u00e8s 4t)<br \/>\nAlba (angl\u00e8s I4)<br \/>\nLaura (angl\u00e8s I4, I5, 1r i 2n)<br \/>\nLaia (I3)<\/p>\n<p>Franc\u00e8s<br \/>\nPatr\u00edcia<\/p>\n<p>Educaci\u00f3 art\u00edstica<br \/>\nLaia<\/p>\n<p>Educaci\u00f3 F\u00edsica i Psicomotricitat<br \/>\nXavier Iturbe (Ed. F\u00edsica Etapa d&#8217;educaci\u00f3 prim\u00e0ria i psicomotricitat a I5)<br \/>\nFiona (I3)<br \/>\nNat\u00e0lia (I4)<\/p>\n<p>Rob\u00f2tica<br \/>\nEsther<\/p>\n<p>Educaci\u00f3 Especial<br \/>\nNat\u00e0lia<\/p>\n<p>PERSONAL NO&hellip;  <a href=\"https:\/\/agora.xtec.cat\/escolasantaagnes\/lescola\/personal-docent\/\" title=\"Read EQUIP DOCENT\">Llegeix m\u00e9s\u00bb<\/a><\/p>\n","protected":false},"author":1,"featured_media":0,"parent":22,"menu_order":0,"comment_status":"closed","ping_status":"closed","template":"","meta":{"_bbp_topic_count":0,"_bbp_reply_count":0,"_bbp_total_topic_count":0,"_bbp_total_reply_count":0,"_bbp_voice_count":0,"_bbp_anonymous_reply_count":0,"_bbp_topic_count_hidden":0,"_bbp_reply_count_hidden":0,"_bbp_forum_subforum_count":0,"footnotes":""},"class_list":["post-489","page","type-page","status-publish","hentry"],"post_mailing_queue_ids":[],"_links":{"self":[{"href":"https:\/\/agora.xtec.cat\/escolasantaagnes\/wp-json\/wp\/v2\/pages\/489","targetHints":{"allow":["GET"]}}],"collection":[{"href":"https:\/\/agora.xtec.cat\/escolasantaagnes\/wp-json\/wp\/v2\/pages"}],"about":[{"href":"https:\/\/agora.xtec.cat\/escolasantaagnes\/wp-json\/wp\/v2\/types\/page"}],"author":[{"embeddable":true,"href":"https:\/\/agora.xtec.cat\/escolasantaagnes\/wp-json\/wp\/v2\/users\/1"}],"replies":[{"embeddable":true,"href":"https:\/\/agora.xtec.cat\/escolasantaagnes\/wp-json\/wp\/v2\/comments?post=489"}],"version-history":[{"count":8,"href":"https:\/\/agora.xtec.cat\/escolasantaagnes\/wp-json\/wp\/v2\/pages\/489\/revisions"}],"predecessor-version":[{"id":5878,"href":"https:\/\/agora.xtec.cat\/escolasantaagnes\/wp-json\/wp\/v2\/pages\/489\/revisions\/5878"}],"up":[{"embeddable":true,"href":"https:\/\/agora.xtec.cat\/escolasantaagnes\/wp-json\/wp\/v2\/pages\/22"}],"wp:attachment":[{"href":"https:\/\/agora.xtec.cat\/escolasantaagnes\/wp-json\/wp\/v2\/media?parent=489"}],"curies":[{"name":"wp","href":"https:\/\/api.w.org\/{rel}","templated":true}]}}