{"id":4870,"date":"2024-11-05T13:06:49","date_gmt":"2024-11-05T12:06:49","guid":{"rendered":"https:\/\/agora.xtec.cat\/escolasantaagnes\/?page_id=4870"},"modified":"2025-02-04T13:10:30","modified_gmt":"2025-02-04T12:10:30","slug":"erasmus","status":"publish","type":"page","link":"https:\/\/agora.xtec.cat\/escolasantaagnes\/projectes\/erasmus\/","title":{"rendered":"ERASMUS"},"content":{"rendered":"<p><a href=\"https:\/\/agora.xtec.cat\/escolasantaagnes\/wp-content\/uploads\/usu1755\/2024\/11\/ES-Cofinanciado-por-la-Union-Europea_PANTONE-scaled.jpg\"><img loading=\"lazy\" decoding=\"async\" class=\"alignnone size-full wp-image-4871\" src=\"https:\/\/agora.xtec.cat\/escolasantaagnes\/wp-content\/uploads\/usu1755\/2024\/11\/ES-Cofinanciado-por-la-Union-Europea_PANTONE-scaled.jpg\" alt=\"\" width=\"2560\" height=\"537\" srcset=\"https:\/\/agora.xtec.cat\/escolasantaagnes\/wp-content\/uploads\/usu1755\/2024\/11\/ES-Cofinanciado-por-la-Union-Europea_PANTONE-scaled.jpg 2560w, https:\/\/agora.xtec.cat\/escolasantaagnes\/wp-content\/uploads\/usu1755\/2024\/11\/ES-Cofinanciado-por-la-Union-Europea_PANTONE-300x63.jpg 300w, https:\/\/agora.xtec.cat\/escolasantaagnes\/wp-content\/uploads\/usu1755\/2024\/11\/ES-Cofinanciado-por-la-Union-Europea_PANTONE-1024x215.jpg 1024w, https:\/\/agora.xtec.cat\/escolasantaagnes\/wp-content\/uploads\/usu1755\/2024\/11\/ES-Cofinanciado-por-la-Union-Europea_PANTONE-768x161.jpg 768w, https:\/\/agora.xtec.cat\/escolasantaagnes\/wp-content\/uploads\/usu1755\/2024\/11\/ES-Cofinanciado-por-la-Union-Europea_PANTONE-1536x322.jpg 1536w, https:\/\/agora.xtec.cat\/escolasantaagnes\/wp-content\/uploads\/usu1755\/2024\/11\/ES-Cofinanciado-por-la-Union-Europea_PANTONE-2048x430.jpg 2048w\" sizes=\"auto, (max-width: 2560px) 100vw, 2560px\" \/><\/a><a href=\"https:\/\/agora.xtec.cat\/escolasantaagnes\/wp-content\/uploads\/usu1755\/2024\/11\/erasmus-plus.png\"><img loading=\"lazy\" decoding=\"async\" class=\"alignnone wp-image-4872\" src=\"https:\/\/agora.xtec.cat\/escolasantaagnes\/wp-content\/uploads\/usu1755\/2024\/11\/erasmus-plus.png\" alt=\"\" width=\"326\" height=\"93\" srcset=\"https:\/\/agora.xtec.cat\/escolasantaagnes\/wp-content\/uploads\/usu1755\/2024\/11\/erasmus-plus.png 421w, https:\/\/agora.xtec.cat\/escolasantaagnes\/wp-content\/uploads\/usu1755\/2024\/11\/erasmus-plus-300x86.png 300w\" sizes=\"auto, (max-width: 326px) 100vw, 326px\" \/><\/a><\/p>\n<p><b>Qu\u00e8 \u00e9s el Projecte Erasmus+?<\/b><\/p>\n<p style=\"text-align: justify;\"><span style=\"font-weight: 400;\">El projecte Erasmus+ \u00e9s una iniciativa de la Uni\u00f3 Europea que promou la mobilitat educativa i la cooperaci\u00f3 internacional entre institucions educatives de tot Europa. L\u2019objectiu principal \u00e9s millorar la qualitat de l\u2019educaci\u00f3, fomentar la comprensi\u00f3 cultural i oferir als infants i als docents noves oportunitats d\u2019aprenentatge. El programa inclou estades en altres pa\u00efsos, intercanvis escolars, pr\u00e0ctiques laborals i projectes col\u00b7laboratius per millorar les compet\u00e8ncies i habilitats dels i les participants.<\/span><\/p>\n<p>&nbsp;<\/p>\n<p><b>La nostra adhesi\u00f3 al programa Erasmus+<\/b><\/p>\n<p><span style=\"font-weight: 400;\">A la nostra escola, estem molt emocionats d\u2019haver-nos adherit al projecte Erasmus+. Aquesta iniciativa ens permet oferir als nostres infants i docents una experi\u00e8ncia educativa enriquidora, tant en l\u2019\u00e0mbit acad\u00e8mic com personal. A trav\u00e9s de la participaci\u00f3 en activitats i intercanvis internacionals, els i les\u00a0 estudiants podran aprendre en un entorn multicultural, desenvolupar les seves habilitats ling\u00fc\u00edstiques, i adquirir una perspectiva global sobre diferents \u00e0mbits del coneixement.<\/span><\/p>\n<p><span style=\"font-weight: 400;\">L\u2019adhesi\u00f3 al projecte Erasmus+ tamb\u00e9 suposa una oportunitat per als nostres docents, ja que podran compartir i aprendre noves pr\u00e0ctiques pedag\u00f2giques, establir vincles amb altres institucions educatives i fomentar la innovaci\u00f3 a les aules. Amb el suport del programa, la nostra escola vol contribuir a la construcci\u00f3 d\u2019una Europa m\u00e9s inclusiva, tolerant i oberta a la diversitat.<\/span><\/p>\n<p><b>En qu\u00e8 consisteix?<\/b><\/p>\n<p><span style=\"font-weight: 400;\">El projecte <\/span><b>ALASVO<\/b><span style=\"font-weight: 400;\"> (Active Leaders for Active Students) \u00e9s una iniciativa educativa en el marc del programa <\/span><b>Erasmus+<\/b><span style=\"font-weight: 400;\">, que t\u00e9 com a objectiu fomentar el lideratge actiu entre els\/les alumnes, millorar la seva implicaci\u00f3 en el proc\u00e9s d&#8217;aprenentatge i promoure una educaci\u00f3 global i inclusiva. Aquest projecte permet la mobilitat d&#8217;alumnes i mestres per a participar en activitats d&#8217;intercanvi amb escoles europees, per tal de compartir pr\u00e0ctiques educatives innovadores i enriquir l&#8217;experi\u00e8ncia educativa del nostre alumnat. En el marc d\u2019ALASVO, els\/les alumnes i docents participen en activitats formatives i tallers que els permeten desenvolupar habilitats personals, socials i professionals.<\/span><\/p>\n<p><b>Objectius<\/b><\/p>\n<ul>\n<li style=\"font-weight: 400;\" aria-level=\"1\"><span style=\"font-weight: 400;\">Fomentar el desenvolupament del lideratge entre els infants mitjan\u00e7ant activitats i projectes col\u00b7laboratius amb altres escoles europees.<\/span><\/li>\n<li style=\"font-weight: 400;\" aria-level=\"1\"><span style=\"font-weight: 400;\">Millorar les compet\u00e8ncies educatives a trav\u00e9s de la mobilitat i l&#8217;intercanvi d&#8217;experi\u00e8ncies entre els centres escolars de diversos pa\u00efsos.<\/span><\/li>\n<li style=\"font-weight: 400;\" aria-level=\"1\"><span style=\"font-weight: 400;\">Promoure una educaci\u00f3 inclusiva que integri a tot l\u2019alumnat, independentment del seu origen o circumst\u00e0ncies.<\/span><\/li>\n<li style=\"font-weight: 400;\" aria-level=\"1\"><span style=\"font-weight: 400;\">Estimular el treball en equip i la cooperaci\u00f3 internacional per contribuir al desenvolupament de l&#8217;aprenentatge global.<\/span><\/li>\n<li style=\"font-weight: 400;\" aria-level=\"1\"><span style=\"font-weight: 400;\">Potenciar les capacitats de comunicaci\u00f3 en diversos idiomes i la sensibilitzaci\u00f3 cultural.<\/span><\/li>\n<\/ul>\n<p><b>Valors que es promouen<\/b><\/p>\n<ul>\n<li style=\"font-weight: 400;\" aria-level=\"1\"><b>Lideratge i responsabilitat<\/b><span style=\"font-weight: 400;\">: Els\/les infants s\u00f3n motivats per assumir rols de lideratge actiu en els seus aprenentatges i en el treball conjunt amb altres companys.<\/span><\/li>\n<li style=\"font-weight: 400;\" aria-level=\"1\"><b>Cooperaci\u00f3 internacional<\/b><span style=\"font-weight: 400;\">: A trav\u00e9s de la mobilitat, els infants aprenen a treballar en equip amb companys d&#8217;altres pa\u00efsos, respectant la diversitat cultural.<\/span><\/li>\n<li style=\"font-weight: 400;\" aria-level=\"1\"><b>Inclusi\u00f3 i igualtat d&#8217;oportunitats<\/b><span style=\"font-weight: 400;\">: El projecte promou un entorn inclusiu per a tot l\u2019alumnat, independentment del seu context social o cultural.<\/span><\/li>\n<li style=\"font-weight: 400;\" aria-level=\"1\"><b>Empatia i respecte per la diversitat<\/b><span style=\"font-weight: 400;\">: Els alumnes desenvolupen una millor comprensi\u00f3 de diferents cultures, valors i perspectives, respectant les difer\u00e8ncies.<\/span><\/li>\n<li style=\"font-weight: 400;\" aria-level=\"1\"><b>Compet\u00e8ncia digital i comunicativa<\/b><span style=\"font-weight: 400;\">: Els\/les alumnes milloren les seves habilitats digitals i la capacitat de comunicar-se en altres idiomes, facilitant aix\u00ed la seva formaci\u00f3 per a un m\u00f3n globalitzat.<\/span><\/li>\n<\/ul>\n<p style=\"text-align: center;\"><strong><a href=\"https:\/\/serveiseducatius.xtec.cat\/vallesoriental1\/\">SE CRP Vall\u00e8s Oriental<\/a><\/strong><\/p>\n","protected":false},"excerpt":{"rendered":"<p><a href=\"https:\/\/agora.xtec.cat\/escolasantaagnes\/wp-content\/uploads\/usu1755\/2024\/11\/ES-Cofinanciado-por-la-Union-Europea_PANTONE-scaled.jpg\"><\/a><a href=\"https:\/\/agora.xtec.cat\/escolasantaagnes\/wp-content\/uploads\/usu1755\/2024\/11\/erasmus-plus.png\"><\/a><br \/>\nQu\u00e8 \u00e9s el Projecte Erasmus+?<br \/>\nEl projecte Erasmus+ \u00e9s una iniciativa de la Uni\u00f3 Europea que promou la mobilitat educativa i la cooperaci\u00f3 internacional entre institucions educatives de tot Europa. L\u2019objectiu principal \u00e9s millorar la qualitat de l\u2019educaci\u00f3, fomentar la comprensi\u00f3 cultural i oferir&hellip;  <a href=\"https:\/\/agora.xtec.cat\/escolasantaagnes\/projectes\/erasmus\/\" title=\"Read ERASMUS\">Llegeix m\u00e9s\u00bb<\/a><\/p>\n","protected":false},"author":1,"featured_media":0,"parent":4878,"menu_order":0,"comment_status":"closed","ping_status":"closed","template":"","meta":{"_bbp_topic_count":0,"_bbp_reply_count":0,"_bbp_total_topic_count":0,"_bbp_total_reply_count":0,"_bbp_voice_count":0,"_bbp_anonymous_reply_count":0,"_bbp_topic_count_hidden":0,"_bbp_reply_count_hidden":0,"_bbp_forum_subforum_count":0,"footnotes":""},"class_list":["post-4870","page","type-page","status-publish","hentry"],"post_mailing_queue_ids":[],"_links":{"self":[{"href":"https:\/\/agora.xtec.cat\/escolasantaagnes\/wp-json\/wp\/v2\/pages\/4870","targetHints":{"allow":["GET"]}}],"collection":[{"href":"https:\/\/agora.xtec.cat\/escolasantaagnes\/wp-json\/wp\/v2\/pages"}],"about":[{"href":"https:\/\/agora.xtec.cat\/escolasantaagnes\/wp-json\/wp\/v2\/types\/page"}],"author":[{"embeddable":true,"href":"https:\/\/agora.xtec.cat\/escolasantaagnes\/wp-json\/wp\/v2\/users\/1"}],"replies":[{"embeddable":true,"href":"https:\/\/agora.xtec.cat\/escolasantaagnes\/wp-json\/wp\/v2\/comments?post=4870"}],"version-history":[{"count":6,"href":"https:\/\/agora.xtec.cat\/escolasantaagnes\/wp-json\/wp\/v2\/pages\/4870\/revisions"}],"predecessor-version":[{"id":5107,"href":"https:\/\/agora.xtec.cat\/escolasantaagnes\/wp-json\/wp\/v2\/pages\/4870\/revisions\/5107"}],"up":[{"embeddable":true,"href":"https:\/\/agora.xtec.cat\/escolasantaagnes\/wp-json\/wp\/v2\/pages\/4878"}],"wp:attachment":[{"href":"https:\/\/agora.xtec.cat\/escolasantaagnes\/wp-json\/wp\/v2\/media?parent=4870"}],"curies":[{"name":"wp","href":"https:\/\/api.w.org\/{rel}","templated":true}]}}